{"id":40,"date":"2023-08-15T02:23:19","date_gmt":"2023-08-15T02:23:19","guid":{"rendered":"https:\/\/calibracion.com.mx\/tienda\/?page_id=40"},"modified":"2026-03-05T17:39:19","modified_gmt":"2026-03-05T17:39:19","slug":"elitech","status":"publish","type":"page","link":"https:\/\/calibracion.com.mx\/tienda\/elitech\/","title":{"rendered":"Elitech equipos"},"content":{"rendered":"\n<p><\/p>\n\n\n<div data-block-name=\"woocommerce\/handpicked-products\" data-columns=\"6\" data-products=\"[35,25,17,22,18,16,23,34,31,20]\" class=\"wc-block-grid wp-block-handpicked-products wc-block-handpicked-products has-6-columns has-multiple-rows\"><ul class=\"wc-block-grid__products\"><li class=\"wc-block-grid__product\">\n\t\t\t\t<a href=\"https:\/\/calibracion.com.mx\/tienda\/elitech-rc-5-data-logger-temperatura-y-humedad\/\" class=\"wc-block-grid__product-link\">\n\t\t\t\t\t<div class=\"wc-block-grid__product-image\"><img loading=\"lazy\" decoding=\"async\" width=\"450\" height=\"450\" src=\"https:\/\/calibracion.com.mx\/tienda\/wp-content\/uploads\/2023\/08\/elitech-rc-5-450x450.jpg\" class=\"attachment-woocommerce_thumbnail size-woocommerce_thumbnail\" alt=\"elitech rc 5\" srcset=\"https:\/\/calibracion.com.mx\/tienda\/wp-content\/uploads\/2023\/08\/elitech-rc-5-450x450.jpg 450w, https:\/\/calibracion.com.mx\/tienda\/wp-content\/uploads\/2023\/08\/elitech-rc-5-300x300.jpg 300w, https:\/\/calibracion.com.mx\/tienda\/wp-content\/uploads\/2023\/08\/elitech-rc-5-150x150.jpg 150w, https:\/\/calibracion.com.mx\/tienda\/wp-content\/uploads\/2023\/08\/elitech-rc-5-768x768.jpg 768w, https:\/\/calibracion.com.mx\/tienda\/wp-content\/uploads\/2023\/08\/elitech-rc-5-600x600.jpg 600w, https:\/\/calibracion.com.mx\/tienda\/wp-content\/uploads\/2023\/08\/elitech-rc-5-100x100.jpg 100w, https:\/\/calibracion.com.mx\/tienda\/wp-content\/uploads\/2023\/08\/elitech-rc-5.jpg 1000w\" sizes=\"auto, (max-width: 450px) 100vw, 450px\" \/><\/div>\n\t\t\t\t\t<div class=\"wc-block-grid__product-title\">Elitech RC 5 Data Logger temperatura y humedad<\/div>\n\t\t\t\t<\/a>\n\t\t\t\t\n\t\t\t\t<div class=\"wc-block-grid__product-price price\"><\/div>\n\t\t\t\t\n\t\t\t\t<div class=\"wp-block-button wc-block-grid__product-add-to-cart\"><a href=\"https:\/\/calibracion.com.mx\/tienda\/elitech-rc-5-data-logger-temperatura-y-humedad\/\" aria-label=\"Read more about &ldquo;Elitech RC 5 Data Logger temperatura y humedad&rdquo;\" data-quantity=\"1\" data-product_id=\"35\" data-product_sku=\"\" rel=\"nofollow\" class=\"wp-block-button__link wp-element-button add_to_cart_button\">Read more<\/a><\/div>\n\t\t\t<\/li><li class=\"wc-block-grid__product\">\n\t\t\t\t<a href=\"https:\/\/calibracion.com.mx\/tienda\/elitech-rc-51h-2\/\" class=\"wc-block-grid__product-link\">\n\t\t\t\t\t<div class=\"wc-block-grid__product-image\"><img loading=\"lazy\" decoding=\"async\" width=\"450\" height=\"450\" src=\"https:\/\/calibracion.com.mx\/tienda\/wp-content\/uploads\/2023\/08\/POSITECTOR-SMLINK-450x450.jpg\" class=\"attachment-woocommerce_thumbnail size-woocommerce_thumbnail\" alt=\"PosiTector Smart Link \u2013 SMLINK\" srcset=\"https:\/\/calibracion.com.mx\/tienda\/wp-content\/uploads\/2023\/08\/POSITECTOR-SMLINK-450x450.jpg 450w, https:\/\/calibracion.com.mx\/tienda\/wp-content\/uploads\/2023\/08\/POSITECTOR-SMLINK-150x150.jpg 150w, https:\/\/calibracion.com.mx\/tienda\/wp-content\/uploads\/2023\/08\/POSITECTOR-SMLINK-100x100.jpg 100w\" sizes=\"auto, (max-width: 450px) 100vw, 450px\" \/><\/div>\n\t\t\t\t\t<div class=\"wc-block-grid__product-title\">PosiTector Smart Link \u2013 SMLINK<\/div>\n\t\t\t\t<\/a>\n\t\t\t\t\n\t\t\t\t<div class=\"wc-block-grid__product-price price\"><\/div>\n\t\t\t\t\n\t\t\t\t<div class=\"wp-block-button wc-block-grid__product-add-to-cart\"><a href=\"https:\/\/calibracion.com.mx\/tienda\/elitech-rc-51h-2\/\" aria-label=\"Read more about &ldquo;PosiTector Smart Link \u2013 SMLINK&rdquo;\" data-quantity=\"1\" data-product_id=\"34\" data-product_sku=\"\" rel=\"nofollow\" class=\"wp-block-button__link wp-element-button add_to_cart_button\">Read more<\/a><\/div>\n\t\t\t<\/li><li class=\"wc-block-grid__product\">\n\t\t\t\t<a href=\"https:\/\/calibracion.com.mx\/tienda\/elitech-stc-1000\/\" class=\"wc-block-grid__product-link\">\n\t\t\t\t\t<div class=\"wc-block-grid__product-image\"><img loading=\"lazy\" decoding=\"async\" width=\"450\" height=\"450\" src=\"https:\/\/calibracion.com.mx\/tienda\/wp-content\/uploads\/2023\/08\/ALFAMETRIC-HS3-A-100-450x450.jpg\" class=\"attachment-woocommerce_thumbnail size-woocommerce_thumbnail\" alt=\"Cronometro CASIO HS3 a 100 laps\" srcset=\"https:\/\/calibracion.com.mx\/tienda\/wp-content\/uploads\/2023\/08\/ALFAMETRIC-HS3-A-100-450x450.jpg 450w, https:\/\/calibracion.com.mx\/tienda\/wp-content\/uploads\/2023\/08\/ALFAMETRIC-HS3-A-100-300x300.jpg 300w, https:\/\/calibracion.com.mx\/tienda\/wp-content\/uploads\/2023\/08\/ALFAMETRIC-HS3-A-100-150x150.jpg 150w, https:\/\/calibracion.com.mx\/tienda\/wp-content\/uploads\/2023\/08\/ALFAMETRIC-HS3-A-100-100x100.jpg 100w, https:\/\/calibracion.com.mx\/tienda\/wp-content\/uploads\/2023\/08\/ALFAMETRIC-HS3-A-100.jpg 510w\" sizes=\"auto, (max-width: 450px) 100vw, 450px\" \/><\/div>\n\t\t\t\t\t<div class=\"wc-block-grid__product-title\">Cronometro CASIO HS3 a 100 laps<\/div>\n\t\t\t\t<\/a>\n\t\t\t\t\n\t\t\t\t<div class=\"wc-block-grid__product-price price\"><\/div>\n\t\t\t\t\n\t\t\t\t<div class=\"wp-block-button wc-block-grid__product-add-to-cart\"><a href=\"https:\/\/calibracion.com.mx\/tienda\/elitech-stc-1000\/\" aria-label=\"Read more about &ldquo;Cronometro CASIO HS3 a 100 laps&rdquo;\" data-quantity=\"1\" data-product_id=\"31\" data-product_sku=\"\" rel=\"nofollow\" class=\"wp-block-button__link wp-element-button add_to_cart_button\">Read more<\/a><\/div>\n\t\t\t<\/li><li class=\"wc-block-grid__product\">\n\t\t\t\t<a href=\"https:\/\/calibracion.com.mx\/tienda\/elitech-ek-3030\/\" class=\"wc-block-grid__product-link\">\n\t\t\t\t\t<div class=\"wc-block-grid__product-image\"><img loading=\"lazy\" decoding=\"async\" width=\"450\" height=\"443\" src=\"https:\/\/calibracion.com.mx\/tienda\/wp-content\/uploads\/2023\/08\/MEACON-SUP2000H-1-450x443.jpg\" class=\"attachment-woocommerce_thumbnail size-woocommerce_thumbnail\" alt=\"Meacon \u2013 SUP2000H\" \/><\/div>\n\t\t\t\t\t<div class=\"wc-block-grid__product-title\">Medidor de flujo ultras\u00f3nico en l\u00edquidos, port\u00e1til, Meacon \u2013 SUP2000H<\/div>\n\t\t\t\t<\/a>\n\t\t\t\t\n\t\t\t\t<div class=\"wc-block-grid__product-price price\"><\/div>\n\t\t\t\t\n\t\t\t\t<div class=\"wp-block-button wc-block-grid__product-add-to-cart\"><a href=\"https:\/\/calibracion.com.mx\/tienda\/elitech-ek-3030\/\" aria-label=\"Read more about &ldquo;Medidor de flujo ultras\u00f3nico en l\u00edquidos, port\u00e1til, Meacon \u2013 SUP2000H&rdquo;\" data-quantity=\"1\" data-product_id=\"25\" data-product_sku=\"\" rel=\"nofollow\" class=\"wp-block-button__link wp-element-button add_to_cart_button\">Read more<\/a><\/div>\n\t\t\t<\/li><li class=\"wc-block-grid__product\">\n\t\t\t\t<a href=\"https:\/\/calibracion.com.mx\/tienda\/elitech-rc-51h\/\" class=\"wc-block-grid__product-link\">\n\t\t\t\t\t<div class=\"wc-block-grid__product-image\"><img loading=\"lazy\" decoding=\"async\" width=\"291\" height=\"300\" src=\"https:\/\/calibracion.com.mx\/tienda\/wp-content\/uploads\/2023\/08\/POSITECTOR-PC3E-291x300-1.jpg\" class=\"attachment-woocommerce_thumbnail size-woocommerce_thumbnail\" alt=\"Positector PC3E\" \/><\/div>\n\t\t\t\t\t<div class=\"wc-block-grid__product-title\">Positector PC3E<\/div>\n\t\t\t\t<\/a>\n\t\t\t\t\n\t\t\t\t<div class=\"wc-block-grid__product-price price\"><\/div>\n\t\t\t\t\n\t\t\t\t<div class=\"wp-block-button wc-block-grid__product-add-to-cart\"><a href=\"https:\/\/calibracion.com.mx\/tienda\/elitech-rc-51h\/\" aria-label=\"Read more about &ldquo;Positector PC3E&rdquo;\" data-quantity=\"1\" data-product_id=\"23\" data-product_sku=\"\" rel=\"nofollow\" class=\"wp-block-button__link wp-element-button add_to_cart_button\">Read more<\/a><\/div>\n\t\t\t<\/li><li class=\"wc-block-grid__product\">\n\t\t\t\t<a href=\"https:\/\/calibracion.com.mx\/tienda\/elitech-gsp-6-2\/\" class=\"wc-block-grid__product-link\">\n\t\t\t\t\t<div class=\"wc-block-grid__product-image\"><img loading=\"lazy\" decoding=\"async\" width=\"279\" height=\"450\" src=\"https:\/\/calibracion.com.mx\/tienda\/wp-content\/uploads\/2023\/08\/POSITECTOR-CONCRETO-MADERA-PLASTICO-279x450.jpg\" class=\"attachment-woocommerce_thumbnail size-woocommerce_thumbnail\" alt=\"POSITECTOR-CONCRETO-MADERA-PLASTICO\" \/><\/div>\n\t\t\t\t\t<div class=\"wc-block-grid__product-title\">Positector 200 Medidor de Espesores de Recubrimiento en Concreto-Madera-Pl\u00e1stico<\/div>\n\t\t\t\t<\/a>\n\t\t\t\t\n\t\t\t\t<div class=\"wc-block-grid__product-price price\"><\/div>\n\t\t\t\t\n\t\t\t\t<div class=\"wp-block-button wc-block-grid__product-add-to-cart\"><a href=\"https:\/\/calibracion.com.mx\/tienda\/elitech-gsp-6-2\/\" aria-label=\"Read more about &ldquo;Positector 200 Medidor de Espesores de Recubrimiento en Concreto-Madera-Pl\u00e1stico&rdquo;\" data-quantity=\"1\" data-product_id=\"22\" data-product_sku=\"\" rel=\"nofollow\" class=\"wp-block-button__link wp-element-button add_to_cart_button\">Read more<\/a><\/div>\n\t\t\t<\/li><li class=\"wc-block-grid__product\">\n\t\t\t\t<a href=\"https:\/\/calibracion.com.mx\/tienda\/elitech-rc-4\/\" class=\"wc-block-grid__product-link\">\n\t\t\t\t\t<div class=\"wc-block-grid__product-image\"><img loading=\"lazy\" decoding=\"async\" width=\"450\" height=\"450\" src=\"https:\/\/calibracion.com.mx\/tienda\/wp-content\/uploads\/2023\/08\/elitech-rc-4-450x450.webp\" class=\"attachment-woocommerce_thumbnail size-woocommerce_thumbnail\" alt=\"Elitech rc-4\" srcset=\"https:\/\/calibracion.com.mx\/tienda\/wp-content\/uploads\/2023\/08\/elitech-rc-4-450x450.webp 450w, https:\/\/calibracion.com.mx\/tienda\/wp-content\/uploads\/2023\/08\/elitech-rc-4-300x300.webp 300w, https:\/\/calibracion.com.mx\/tienda\/wp-content\/uploads\/2023\/08\/elitech-rc-4-150x150.webp 150w, https:\/\/calibracion.com.mx\/tienda\/wp-content\/uploads\/2023\/08\/elitech-rc-4-768x768.webp 768w, https:\/\/calibracion.com.mx\/tienda\/wp-content\/uploads\/2023\/08\/elitech-rc-4-600x600.webp 600w, https:\/\/calibracion.com.mx\/tienda\/wp-content\/uploads\/2023\/08\/elitech-rc-4-100x100.webp 100w, https:\/\/calibracion.com.mx\/tienda\/wp-content\/uploads\/2023\/08\/elitech-rc-4.webp 800w\" sizes=\"auto, (max-width: 450px) 100vw, 450px\" \/><\/div>\n\t\t\t\t\t<div class=\"wc-block-grid__product-title\">Elitech rc-4 registrador de datos de temperatura<\/div>\n\t\t\t\t<\/a>\n\t\t\t\t\n\t\t\t\t<div class=\"wc-block-grid__product-price price\"><\/div>\n\t\t\t\t\n\t\t\t\t<div class=\"wp-block-button wc-block-grid__product-add-to-cart\"><a href=\"https:\/\/calibracion.com.mx\/tienda\/elitech-rc-4\/\" aria-label=\"Read more about &ldquo;Elitech rc-4 registrador de datos de temperatura&rdquo;\" data-quantity=\"1\" data-product_id=\"20\" data-product_sku=\"\" rel=\"nofollow\" class=\"wp-block-button__link wp-element-button add_to_cart_button\">Read more<\/a><\/div>\n\t\t\t<\/li><li class=\"wc-block-grid__product\">\n\t\t\t\t<a href=\"https:\/\/calibracion.com.mx\/tienda\/elitech-rc-4hc\/\" class=\"wc-block-grid__product-link\">\n\t\t\t\t\t<div class=\"wc-block-grid__product-image\"><img loading=\"lazy\" decoding=\"async\" width=\"450\" height=\"450\" src=\"https:\/\/calibracion.com.mx\/tienda\/wp-content\/uploads\/woocommerce-placeholder.png\" class=\"woocommerce-placeholder wp-post-image\" alt=\"\" srcset=\"https:\/\/calibracion.com.mx\/tienda\/wp-content\/uploads\/woocommerce-placeholder.png 1200w, https:\/\/calibracion.com.mx\/tienda\/wp-content\/uploads\/woocommerce-placeholder-300x300.png 300w, https:\/\/calibracion.com.mx\/tienda\/wp-content\/uploads\/woocommerce-placeholder-1024x1024.png 1024w, https:\/\/calibracion.com.mx\/tienda\/wp-content\/uploads\/woocommerce-placeholder-150x150.png 150w, https:\/\/calibracion.com.mx\/tienda\/wp-content\/uploads\/woocommerce-placeholder-768x768.png 768w\" sizes=\"auto, (max-width: 450px) 100vw, 450px\" \/><\/div>\n\t\t\t\t\t<div class=\"wc-block-grid__product-title\">Elitech RC 4HC<\/div>\n\t\t\t\t<\/a>\n\t\t\t\t\n\t\t\t\t<div class=\"wc-block-grid__product-price price\"><\/div>\n\t\t\t\t\n\t\t\t\t<div class=\"wp-block-button wc-block-grid__product-add-to-cart\"><a href=\"https:\/\/calibracion.com.mx\/tienda\/elitech-rc-4hc\/\" aria-label=\"Read more about &ldquo;Elitech RC 4HC&rdquo;\" data-quantity=\"1\" data-product_id=\"18\" data-product_sku=\"\" rel=\"nofollow\" class=\"wp-block-button__link wp-element-button add_to_cart_button\">Read more<\/a><\/div>\n\t\t\t<\/li><li class=\"wc-block-grid__product\">\n\t\t\t\t<a href=\"https:\/\/calibracion.com.mx\/tienda\/elitech-gsp-6\/\" class=\"wc-block-grid__product-link\">\n\t\t\t\t\t<div class=\"wc-block-grid__product-image\"><img loading=\"lazy\" decoding=\"async\" width=\"450\" height=\"450\" src=\"https:\/\/calibracion.com.mx\/tienda\/wp-content\/uploads\/2023\/08\/Medidor-de-Espesor-de-Placa-Positector-UTG-450x450.jpg\" class=\"attachment-woocommerce_thumbnail size-woocommerce_thumbnail\" alt=\"Medidor de Espesor de Placa Positector UTG\" srcset=\"https:\/\/calibracion.com.mx\/tienda\/wp-content\/uploads\/2023\/08\/Medidor-de-Espesor-de-Placa-Positector-UTG-450x450.jpg 450w, https:\/\/calibracion.com.mx\/tienda\/wp-content\/uploads\/2023\/08\/Medidor-de-Espesor-de-Placa-Positector-UTG-150x150.jpg 150w, https:\/\/calibracion.com.mx\/tienda\/wp-content\/uploads\/2023\/08\/Medidor-de-Espesor-de-Placa-Positector-UTG-100x100.jpg 100w\" sizes=\"auto, (max-width: 450px) 100vw, 450px\" \/><\/div>\n\t\t\t\t\t<div class=\"wc-block-grid__product-title\">Medidor de Espesor de Placa Positector UTG<\/div>\n\t\t\t\t<\/a>\n\t\t\t\t\n\t\t\t\t<div class=\"wc-block-grid__product-price price\"><\/div>\n\t\t\t\t\n\t\t\t\t<div class=\"wp-block-button wc-block-grid__product-add-to-cart\"><a href=\"https:\/\/calibracion.com.mx\/tienda\/elitech-gsp-6\/\" aria-label=\"Read more about &ldquo;Medidor de Espesor de Placa Positector UTG&rdquo;\" data-quantity=\"1\" data-product_id=\"17\" data-product_sku=\"\" rel=\"nofollow\" class=\"wp-block-button__link wp-element-button add_to_cart_button\">Read more<\/a><\/div>\n\t\t\t<\/li><li class=\"wc-block-grid__product\">\n\t\t\t\t<a href=\"https:\/\/calibracion.com.mx\/tienda\/elitech-rc-5\/\" class=\"wc-block-grid__product-link\">\n\t\t\t\t\t<div class=\"wc-block-grid__product-image\"><img loading=\"lazy\" decoding=\"async\" width=\"450\" height=\"450\" src=\"https:\/\/calibracion.com.mx\/tienda\/wp-content\/uploads\/woocommerce-placeholder.png\" class=\"woocommerce-placeholder wp-post-image\" alt=\"\" srcset=\"https:\/\/calibracion.com.mx\/tienda\/wp-content\/uploads\/woocommerce-placeholder.png 1200w, https:\/\/calibracion.com.mx\/tienda\/wp-content\/uploads\/woocommerce-placeholder-300x300.png 300w, https:\/\/calibracion.com.mx\/tienda\/wp-content\/uploads\/woocommerce-placeholder-1024x1024.png 1024w, https:\/\/calibracion.com.mx\/tienda\/wp-content\/uploads\/woocommerce-placeholder-150x150.png 150w, https:\/\/calibracion.com.mx\/tienda\/wp-content\/uploads\/woocommerce-placeholder-768x768.png 768w\" sizes=\"auto, (max-width: 450px) 100vw, 450px\" \/><\/div>\n\t\t\t\t\t<div class=\"wc-block-grid__product-title\">Elitech RC 5<\/div>\n\t\t\t\t<\/a>\n\t\t\t\t\n\t\t\t\t<div class=\"wc-block-grid__product-price price\"><\/div>\n\t\t\t\t\n\t\t\t\t<div class=\"wp-block-button wc-block-grid__product-add-to-cart\"><a href=\"https:\/\/calibracion.com.mx\/tienda\/elitech-rc-5\/\" aria-label=\"Read more about &ldquo;Elitech RC 5&rdquo;\" data-quantity=\"1\" data-product_id=\"16\" data-product_sku=\"\" rel=\"nofollow\" class=\"wp-block-button__link wp-element-button add_to_cart_button\">Read more<\/a><\/div>\n\t\t\t<\/li><\/ul><\/div>\n\n\n<p>Los instrumentos de medici\u00f3n Elitech son reconocidos en todo el mundo por su precisi\u00f3n, fiabilidad y tecnolog\u00eda de vanguardia. Esta marca se ha convertido en sin\u00f3nimo de calidad en el campo de la medici\u00f3n y monitoreo de variables cr\u00edticas como la temperatura y la humedad. Con una amplia gama de productos dise\u00f1ados para satisfacer las necesidades de diversas industrias y aplicaciones, Elitech se destaca como l\u00edder en la industria de la instrumentaci\u00f3n.<\/p>\n\n\n\n<h2 class=\"wp-block-heading has-medium-font-size\">Instrumentos elitech m\u00e1s destacados por su funcionamiento<\/h2>\n\n\n\n<p>Uno de los modelos destacados en la l\u00ednea de instrumentos de medici\u00f3n de temperatura de Elitech es el Elitech RC-5. Este term\u00f3metro avanzado ofrece un rango de medici\u00f3n excepcionalmente amplio y datos de temperatura registrados hasta en once ocasiones. Su pantalla LCD de alta claridad se presenta en dos ubicaciones estrat\u00e9gicas, lo que permite una f\u00e1cil visualizaci\u00f3n de las lecturas en diversos entornos. La alta precisi\u00f3n del <strong>Elitech <\/strong>RC-5 lo convierte en una herramienta esencial para aplicaciones en laboratorios cient\u00edficos, industrias farmac\u00e9uticas y otras \u00e1reas que requieren mediciones exactas.<\/p>\n\n\n\n<p>Otro modelo impresionante es el Elitech LMC-200, un registrador de datos de temperatura y humedad. Este instrumento no solo proporciona mediciones precisas, sino que tambi\u00e9n almacena los datos para un an\u00e1lisis posterior. Con una interfaz intuitiva y funciones de descarga sencillas, el LMC-200 se adapta a entornos donde el control clim\u00e1tico es cr\u00edtico, como almacenes de productos farmac\u00e9uticos y salas limpias en la industria manufacturera.<\/p>\n\n\n\n<p>En el \u00e1mbito de la industria de alimentos y bebidas, el Elitech GSP-6 es una opci\u00f3n popular. Este registrador de datos de temperatura espec\u00edfico para alimentos est\u00e1 dise\u00f1ado para garantizar el cumplimiento normativo y la seguridad alimentaria. Con su sonda de alta precisi\u00f3n, el GSP-6 es ideal para monitorear la temperatura durante el transporte y almacenamiento de alimentos perecederos.<\/p>\n\n\n\n<p>No podemos dejar de mencionar el <em>Elitech <\/em>WJL-6000, un medidor de refrigerante que es esencial en sistemas de aire acondicionado y refrigeraci\u00f3n. Con su capacidad para medir varios refrigerantes y su dise\u00f1o duradero, el WJL-6000 simplifica el proceso de mantenimiento y reparaci\u00f3n de sistemas de refrigeraci\u00f3n en una variedad de aplicaciones industriales.<\/p>\n\n\n\n<p>Estos son solo algunos ejemplos de los impresionantes instrumentos de medici\u00f3n que Elitech ofrece. Ya sea que est\u00e9s trabajando en un laboratorio cient\u00edfico, una planta de fabricaci\u00f3n o una instalaci\u00f3n de alimentos y bebidas, la marca Elitech es sin\u00f3nimo de calidad y precisi\u00f3n en el mundo de la medici\u00f3n. Con una amplia gama de modelos dise\u00f1ados para abordar diversas necesidades, <em>Elitech <\/em>contin\u00faa siendo una elecci\u00f3n confiable para profesionales de todo el mundo.<\/p>\n","protected":false},"excerpt":{"rendered":"<p>Los instrumentos de medici\u00f3n Elitech son reconocidos en todo el mundo por su precisi\u00f3n, fiabilidad y tecnolog\u00eda de vanguardia. Esta marca se ha convertido en sin\u00f3nimo de calidad en el campo de la medici\u00f3n y monitoreo de variables cr\u00edticas como la temperatura y la humedad. Con una amplia gama de productos dise\u00f1ados para satisfacer las [&hellip;]<\/p>\n","protected":false},"author":1,"featured_media":0,"parent":0,"menu_order":1,"comment_status":"closed","ping_status":"closed","template":"","meta":{"footnotes":""},"class_list":["post-40","page","type-page","status-publish","hentry"],"_links":{"self":[{"href":"https:\/\/calibracion.com.mx\/tienda\/wp-json\/wp\/v2\/pages\/40","targetHints":{"allow":["GET"]}}],"collection":[{"href":"https:\/\/calibracion.com.mx\/tienda\/wp-json\/wp\/v2\/pages"}],"about":[{"href":"https:\/\/calibracion.com.mx\/tienda\/wp-json\/wp\/v2\/types\/page"}],"author":[{"embeddable":true,"href":"https:\/\/calibracion.com.mx\/tienda\/wp-json\/wp\/v2\/users\/1"}],"replies":[{"embeddable":true,"href":"https:\/\/calibracion.com.mx\/tienda\/wp-json\/wp\/v2\/comments?post=40"}],"version-history":[{"count":1,"href":"https:\/\/calibracion.com.mx\/tienda\/wp-json\/wp\/v2\/pages\/40\/revisions"}],"predecessor-version":[{"id":41,"href":"https:\/\/calibracion.com.mx\/tienda\/wp-json\/wp\/v2\/pages\/40\/revisions\/41"}],"wp:attachment":[{"href":"https:\/\/calibracion.com.mx\/tienda\/wp-json\/wp\/v2\/media?parent=40"}],"curies":[{"name":"wp","href":"https:\/\/api.w.org\/{rel}","templated":true}]}}