{"id":1087,"date":"2023-11-03T17:38:25","date_gmt":"2023-11-03T17:38:25","guid":{"rendered":"https:\/\/calibracion.com.mx\/tienda\/?post_type=product&#038;p=1087"},"modified":"2023-11-27T19:23:10","modified_gmt":"2023-11-27T19:23:10","slug":"mitutoyo-543-592b-10-calculo-de-indicador-digital-ansi-agd-pulgada-metrico","status":"publish","type":"product","link":"https:\/\/calibracion.com.mx\/tienda\/mitutoyo-543-592b-10-calculo-de-indicador-digital-ansi-agd-pulgada-metrico\/","title":{"rendered":"Mitutoyo 543-592b-10 c\u00e1lculo de indicador digital, ansi-agd, pulgada-m\u00e9trico."},"content":{"rendered":"<p>El c\u00e1lculo digital del indicador ID-C tiene una simple configuraci\u00f3n del indicio por medio de un men\u00fa de configuraci\u00f3n.<\/p>\n<p><strong>Funcionalidades:<\/strong><\/p>\n<ul>\n<li>La f\u00f3rmula de c\u00e1lculo integrada es \u00fatil en una variedad de aplicaciones (por servirnos de un ejemplo , medici\u00f3n del di\u00e1metro del rodillo).<\/li>\n<li>Los factores A, B y C son libremente definibles. X = desplazamiento del \u00e9mbolo.<\/li>\n<li>Gr\u00e1fico de barras anal\u00f3gico en la pantalla (14 escalas distintas conmutables).<\/li>\n<li>Funci\u00f3n de juicio de tolerancia GO\/\u00b1NG.<\/li>\n<li>Funci\u00f3n MAX\/MIN\/RANGE para medir los valores m\u00e1ximos.<\/li>\n<li>Se puede elegir un m\u00e9todo de continuidad de medici\u00f3n r\u00e1pida (ciclo de detecci\u00f3n de 20 mil\u00e9simas de segundo o 50 ocasiones \/ s) para medir en el modo de detecci\u00f3n de picos de manera m\u00e1s fiable.<\/li>\n<li>Se puede usar una caja de interfaz USB para modificar el indicador desde la PC a trav\u00e9s de un programa dedicado.<\/li>\n<\/ul>\n<h4>Mitutoyo 543-592B-10 Especificaciones:<\/h4>\n<table class=\"table table-striped\" style=\"height: 350px;\" width=\"664\">\n<tbody>\n<tr>\n<td>Gama:<\/td>\n<td>1\u2033\/25,4 mm<\/td>\n<\/tr>\n<tr>\n<td>Error m\u00e1ximo de indicaci\u00f3n admisible:<\/td>\n<td>0,0001\u2033\/0,003 mm<\/td>\n<\/tr>\n<tr>\n<td>Hist\u00e9resis:<\/td>\n<td>0,0001\u2033\/0,002 mm<\/td>\n<\/tr>\n<tr>\n<td>Repetibilidad:<\/td>\n<td>0,0001\u2033\/0,002 mm<\/td>\n<\/tr>\n<tr>\n<td>Masa:<\/td>\n<td>190 g<\/td>\n<\/tr>\n<tr>\n<td>Paso Digital:<\/td>\n<td>0,00005\u2033\/0,001 mm<\/td>\n<\/tr>\n<tr>\n<td>Escama:<\/td>\n<td>Tipo de capacitancia, codificador lineal ABSOLUTO<\/td>\n<\/tr>\n<tr>\n<td>Velocidad m\u00e1xima de respuesta:<\/td>\n<td>Ilimitado<\/td>\n<\/tr>\n<tr>\n<td>\u00d8 del v\u00e1stago:<\/td>\n<td>9,52 mil\u00edmetros<\/td>\n<\/tr>\n<tr>\n<td>Fuente de alimentaci\u00f3n:<\/td>\n<td>1 bater\u00eda CR-2032<\/td>\n<\/tr>\n<\/tbody>\n<\/table>\n","protected":false},"excerpt":{"rendered":"<p>El indicador digital de c\u00e1lculo ID-C se utiliza para calcular la funci\u00f3n para el valor medido Ax + B + Cx-1 y viene con 0.00005\u2033 y un respaldo plano.<\/p>\n","protected":false},"featured_media":1088,"template":"","meta":[],"product_cat":[16],"product_tag":[],"class_list":["post-1087","product","type-product","status-publish","has-post-thumbnail","hentry","product_cat-uncategorized"],"_links":{"self":[{"href":"https:\/\/calibracion.com.mx\/tienda\/wp-json\/wp\/v2\/product\/1087","targetHints":{"allow":["GET"]}}],"collection":[{"href":"https:\/\/calibracion.com.mx\/tienda\/wp-json\/wp\/v2\/product"}],"about":[{"href":"https:\/\/calibracion.com.mx\/tienda\/wp-json\/wp\/v2\/types\/product"}],"wp:featuredmedia":[{"embeddable":true,"href":"https:\/\/calibracion.com.mx\/tienda\/wp-json\/wp\/v2\/media\/1088"}],"wp:attachment":[{"href":"https:\/\/calibracion.com.mx\/tienda\/wp-json\/wp\/v2\/media?parent=1087"}],"wp:term":[{"taxonomy":"product_cat","embeddable":true,"href":"https:\/\/calibracion.com.mx\/tienda\/wp-json\/wp\/v2\/product_cat?post=1087"},{"taxonomy":"product_tag","embeddable":true,"href":"https:\/\/calibracion.com.mx\/tienda\/wp-json\/wp\/v2\/product_tag?post=1087"}],"curies":[{"name":"wp","href":"https:\/\/api.w.org\/{rel}","templated":true}]}}