{"id":1130,"date":"2023-11-06T14:56:46","date_gmt":"2023-11-06T14:56:46","guid":{"rendered":"https:\/\/calibracion.com.mx\/tienda\/?post_type=product&#038;p=1130"},"modified":"2023-11-06T14:57:44","modified_gmt":"2023-11-06T14:57:44","slug":"mitutoyo-543-561a-indicador-digital-id-h-adaptador-de-ca-de-ee-uu","status":"publish","type":"product","link":"https:\/\/calibracion.com.mx\/tienda\/mitutoyo-543-561a-indicador-digital-id-h-adaptador-de-ca-de-ee-uu\/","title":{"rendered":"Mitutoyo 543-561a indicador digital id-h, adaptador de ca de ee. uu."},"content":{"rendered":"<p>El indicador digital ID-H tiene un mecanismo de elevaci\u00f3n de m\u00e1s de 30 mm con liberaci\u00f3n de cable (opcional).<\/p>\n<p><strong>Funciones:<\/strong><\/p>\n<ul>\n<li>La retroiluminaci\u00f3n LCD de 2 colores (verde y rojo ) le da un juicio visual de tolerancia GO\/\u00b1NG y una visualizaci\u00f3n anal\u00f3gica del gr\u00e1fico de barras.<\/li>\n<li>Puede ense\u00f1ar el m\u00e1ximo, el m\u00ednimo o el rango (valor de descentramiento).<\/li>\n<li>Con el mando opcional se puede realizar el ajuste a cero y el preajuste sin la necesidad de tocar el indicio.<\/li>\n<li>El sistema de control a distancia se puede implementar de antemano con la interfaz RS-232 incorporada y un PC.<\/li>\n<li>Fuente de alimentaci\u00f3n externa por medio de adaptador de CA.<\/li>\n<\/ul>\n<h4>Mitutoyo 543-561A Especificaciones:<\/h4>\n<table class=\"table table-striped\" style=\"height: 264px;\" width=\"733\">\n<tbody>\n<tr>\n<td>Error m\u00e1ximo de indicaci\u00f3n admisible:<\/td>\n<td>0,0015 mil\u00edmetros<\/td>\n<\/tr>\n<tr>\n<td>Masa:<\/td>\n<td>290 g<\/td>\n<\/tr>\n<tr>\n<td>Paso Digital:<\/td>\n<td>Conmutable, 0,0005 mm\/0,001 mm<\/td>\n<\/tr>\n<tr>\n<td>Escama:<\/td>\n<td>Encoder lineal fotoel\u00e9ctrico<\/td>\n<\/tr>\n<tr>\n<td>Velocidad m\u00e1xima de respuesta:<\/td>\n<td>1000 mm\/s<\/td>\n<\/tr>\n<tr>\n<td>\u00d8 del v\u00e1stago:<\/td>\n<td>8 mil\u00edmetros<\/td>\n<\/tr>\n<tr>\n<td>Punto de contacto:<\/td>\n<td>Bola de carburo, M 2,5 x 0,45 mm<\/td>\n<\/tr>\n<tr>\n<td>Fuente de alimentaci\u00f3n:<\/td>\n<td>Adaptador de CA 6 V DC, 2A<\/td>\n<\/tr>\n<tr>\n<td>Monitor:<\/td>\n<td>LCD, altura de caracteres: 9,5 mm<\/td>\n<\/tr>\n<\/tbody>\n<\/table>\n","protected":false},"excerpt":{"rendered":"<p>El indicio digital ID-H es un indicador multifunci\u00f3n superior que proporciona una alta precisi\u00f3n y una alta resoluci\u00f3n de 0,0005 mm y viene con 30,4 mm.<\/p>\n","protected":false},"featured_media":1131,"template":"","meta":[],"product_cat":[16],"product_tag":[],"class_list":["post-1130","product","type-product","status-publish","has-post-thumbnail","hentry","product_cat-uncategorized"],"_links":{"self":[{"href":"https:\/\/calibracion.com.mx\/tienda\/wp-json\/wp\/v2\/product\/1130","targetHints":{"allow":["GET"]}}],"collection":[{"href":"https:\/\/calibracion.com.mx\/tienda\/wp-json\/wp\/v2\/product"}],"about":[{"href":"https:\/\/calibracion.com.mx\/tienda\/wp-json\/wp\/v2\/types\/product"}],"wp:featuredmedia":[{"embeddable":true,"href":"https:\/\/calibracion.com.mx\/tienda\/wp-json\/wp\/v2\/media\/1131"}],"wp:attachment":[{"href":"https:\/\/calibracion.com.mx\/tienda\/wp-json\/wp\/v2\/media?parent=1130"}],"wp:term":[{"taxonomy":"product_cat","embeddable":true,"href":"https:\/\/calibracion.com.mx\/tienda\/wp-json\/wp\/v2\/product_cat?post=1130"},{"taxonomy":"product_tag","embeddable":true,"href":"https:\/\/calibracion.com.mx\/tienda\/wp-json\/wp\/v2\/product_tag?post=1130"}],"curies":[{"name":"wp","href":"https:\/\/api.w.org\/{rel}","templated":true}]}}