{"id":1327,"date":"2023-11-07T20:54:10","date_gmt":"2023-11-07T20:54:10","guid":{"rendered":"https:\/\/calibracion.com.mx\/tienda\/?post_type=product&#038;p=1327"},"modified":"2023-11-07T20:54:11","modified_gmt":"2023-11-07T20:54:11","slug":"testo-552-medidor-digital-de-micras-de-vacio-con-bluetooth","status":"publish","type":"product","link":"https:\/\/calibracion.com.mx\/tienda\/testo-552-medidor-digital-de-micras-de-vacio-con-bluetooth\/","title":{"rendered":"Testo 552 medidor digital de micras de vac\u00edo con bluetooth"},"content":{"rendered":"<h2>Descripci\u00f3n:<\/h2>\n<p>Usa Bluetooth para conectarse a su tel\u00e9fono capaz o dispositivo utilizando la aplicaci\u00f3n gratuita Testo SMART Probes, que es una herramienta potente y f\u00e1cil de utilizar para leer mediciones de manera remota.<\/p>\n<p>Puede saber el nivel adecuado de micras \/ temperatura en el que se elimina la humedad del sistema con c\u00e1lculos en el mismo instante que determinan la temperatura de saturaci\u00f3n del agua. Estos c\u00e1lculos internos tambi\u00e9n se usan para informarle si la presi\u00f3n es suficientemente baja como para cumplir con su prop\u00f3sito de evacuaci\u00f3n, lo que le ahorra tiempo y le brinda la seguridad de que el sistema en este momento est\u00e1 libre de humedad y contaminantes.<\/p>\n<p>Este vacu\u00f3metro digital de alta precisi\u00f3n tiene todas y cada una de las funcionalidades de medici\u00f3n que necesita para evacuar sistemas de refrigeraci\u00f3n y bombas de calor. El medidor robusto est\u00e1 dise\u00f1ado para perdurar y es lo suficientemente resistente para soportar alg\u00fan que otro golpe.<\/p>\n<p>Asimismo es el \u00fanico vacu\u00f3metro del mercado con un sensor de presi\u00f3n absoluta que no necesita mantenimiento pero que puede darle lecturas 100 % fiables.<\/p>\n<p><strong>Funciones:<\/strong><\/p>\n<ul>\n<li>Pantalla retroiluminada con alarma visual de presi\u00f3n de evacuaci\u00f3n.<\/li>\n<li>Las mediciones precisas de vac\u00edo profundo, que miden resoluciones de hasta un solo d\u00edgito, utilizan sensores Pirani optimizados.<\/li>\n<li>La comunicaci\u00f3n inal\u00e1mbrica Bluetooth con un tel\u00e9fono inteligente o tablet proporciona un potente an\u00e1lisis e informes.<\/li>\n<li>Ense\u00f1ar datos, hacer informes y mandarlos por mail o SMS.<\/li>\n<li>Los puntos de alarma establecidos por el usuario le informan en el momento en que se alcanzan los valores objetivo.<\/li>\n<li>Muestra la temperatura de saturaci\u00f3n de H2O para garantizar una evacuaci\u00f3n completa y adecuada.<\/li>\n<\/ul>\n<p><strong>Aplicaciones:<\/strong><\/p>\n<p>La evacuaci\u00f3n pertence a los pasos m\u00e1s esenciales a la hora de disponer o reiniciar sistemas de refrigeraci\u00f3n o aire acondicionado: los gases extra\u00f1os, la humedad y los aceites deben eliminarse correctamente. Es entonces en el momento en que hay que medir la presi\u00f3n absoluta de un sistema.<\/p>\n<p>El medidor le da informaci\u00f3n muy precisa sobre el estado de deshumidificaci\u00f3n del sistema y mide de manera fiable incluso las presiones absolutas mucho m\u00e1s peque\u00f1as. Esto quiere decir que siempre y en todo momento va a poder realizar las informaciones del fabricante. Una alarma visual informa instant\u00e1neamente en el momento en que se ha superado un umbral.<\/p>\n<p><strong>Aplicaci\u00f3n Testo Smart Probes:<\/strong><\/p>\n<p>Este vacu\u00f3metro emplea Bluetooth para conectarse a su tel\u00e9fono capaz o dispositivo utilizando la aplicaci\u00f3n gratuita Testo SMART Proves, que es una herramienta fuerte y simple de usar. Esta app le permite leer de manera remota las mediciones de 1 a 6 sondas inteligentes de Testo, incluyendo la 552, lo que le permite documentar y tambi\u00e9n reportar de manera f\u00e1cil de los resultados.<\/p>\n<h4>Especificaciones del testo 552<\/h4>\n<table class=\"table table-striped\">\n<tbody>\n<tr>\n<td colspan=\"2\"><strong>Vac\u00edo<\/strong><\/td>\n<\/tr>\n<tr>\n<td>Rango de medici\u00f3n<\/td>\n<td>De 0 a 0,40 psi De<br \/>\n0 a 26,66 mbar<br \/>\nDe 0 a 20000 micras<\/td>\n<\/tr>\n<tr>\n<td>Exactitud<\/td>\n<td>\u00b1 (10 micras + 10% de MV) (100 a 1000 micras)<\/td>\n<\/tr>\n<tr>\n<td>Resoluci\u00f3n<\/td>\n<td>1 micra (0 a 1000 micras) 10 micras (1000 a 2000 micras) 100 micras (2000 a 5000 micras) 500 micras (5000 a 10000 micras) 5000 micras (10000 a 20000 micras)<\/td>\n<\/tr>\n<tr>\n<td>Vac\u00edo de sobrecarga<\/td>\n<td>Absoluto: 87 psi (6 bar) Relativo: 72 psi (5 bar)<\/td>\n<\/tr>\n<tr>\n<td colspan=\"2\"><strong>Especificaciones generales<\/strong><\/td>\n<\/tr>\n<tr>\n<td>Temperatura de funcionamiento<\/td>\n<td>De -10 a 50 \u00b0C (de 14 a 122,0 \u00b0F)<\/td>\n<\/tr>\n<tr>\n<td>Temperatura de almacenamiento<\/td>\n<td>-4.0 a 122.0 \u00b0F (-20 a 50 \u00b0C)<\/td>\n<\/tr>\n<tr>\n<td>Conexiones<\/td>\n<td>2 x 7\/16\u2033 UNF<\/td>\n<\/tr>\n<tr>\n<td>Par\u00e1metro<\/td>\n<td>mbar; micra; Mmhg; Torr; inHg; en H20; hPa; Pap\u00e1<\/td>\n<\/tr>\n<tr>\n<td>Tasa de medici\u00f3n<\/td>\n<td>0.5 segundos<\/td>\n<\/tr>\n<tr>\n<td>Fuente de alimentaci\u00f3n<\/td>\n<td>2 pilas AA<\/td>\n<\/tr>\n<tr>\n<td>Duraci\u00f3n de la bater\u00eda<\/td>\n<td>50 horas<\/td>\n<\/tr>\n<tr>\n<td>Dimensiones<\/td>\n<td>10 x 6 x 2\u2033 (250 x 165 x 55 mm)<\/td>\n<\/tr>\n<tr>\n<td>Peso<\/td>\n<td>500 g (18 onzas)<\/td>\n<\/tr>\n<\/tbody>\n<\/table>\n","protected":false},"excerpt":{"rendered":"<p>Conozca los c\u00e1lculos en tiempo real y las mediciones exactas de vac\u00edo profundo con resoluciones de un solo d\u00edgito. Viene con un sensor de presi\u00f3n absoluta que no necesita cuidado , lo que lo hace ideal para evacuar sistemas de refrigerante o bombas de calor.<\/p>\n","protected":false},"featured_media":1330,"template":"","meta":[],"product_cat":[16],"product_tag":[],"class_list":["post-1327","product","type-product","status-publish","has-post-thumbnail","hentry","product_cat-uncategorized"],"_links":{"self":[{"href":"https:\/\/calibracion.com.mx\/tienda\/wp-json\/wp\/v2\/product\/1327","targetHints":{"allow":["GET"]}}],"collection":[{"href":"https:\/\/calibracion.com.mx\/tienda\/wp-json\/wp\/v2\/product"}],"about":[{"href":"https:\/\/calibracion.com.mx\/tienda\/wp-json\/wp\/v2\/types\/product"}],"wp:featuredmedia":[{"embeddable":true,"href":"https:\/\/calibracion.com.mx\/tienda\/wp-json\/wp\/v2\/media\/1330"}],"wp:attachment":[{"href":"https:\/\/calibracion.com.mx\/tienda\/wp-json\/wp\/v2\/media?parent=1327"}],"wp:term":[{"taxonomy":"product_cat","embeddable":true,"href":"https:\/\/calibracion.com.mx\/tienda\/wp-json\/wp\/v2\/product_cat?post=1327"},{"taxonomy":"product_tag","embeddable":true,"href":"https:\/\/calibracion.com.mx\/tienda\/wp-json\/wp\/v2\/product_tag?post=1327"}],"curies":[{"name":"wp","href":"https:\/\/api.w.org\/{rel}","templated":true}]}}