{"id":1392,"date":"2023-11-08T16:42:41","date_gmt":"2023-11-08T16:42:41","guid":{"rendered":"https:\/\/calibracion.com.mx\/tienda\/?post_type=product&#038;p=1392"},"modified":"2023-11-08T16:42:41","modified_gmt":"2023-11-08T16:42:41","slug":"sonda-de-presion-inteligente-para-refrigeracion-testo-549i","status":"publish","type":"product","link":"https:\/\/calibracion.com.mx\/tienda\/sonda-de-presion-inteligente-para-refrigeracion-testo-549i\/","title":{"rendered":"Sonda de presi\u00f3n inteligente para refrigeraci\u00f3n testo 549i"},"content":{"rendered":"<h2>Descripci\u00f3n<\/h2>\n<p>Tiene una sonda de presi\u00f3n inal\u00e1mbrica sin manguera para medir la carga de refrigerante en sistemas de aire acondicionado\/refrigeraci\u00f3n, y se emplea para el mantenimiento , la resoluci\u00f3n de inconvenientes y la documentaci\u00f3n del funcionamiento de los sistemas de aire acondicionado\/refrigeraci\u00f3n residenciales o comerciales. La sonda se conecta f\u00e1cilmente a las v\u00e1lvulas Schrader est\u00e1ndar sin herramientas y sin mangueras, lo que elimina cualquier p\u00e9rdida de refrigerante.<\/p>\n<p>Los individuos tienen la posibilidad de leer las mediciones utilizando la app testo Smart Probes instalada en su dispositivo inteligente. Le deja leer de forma rec\u00f3ndita las mediciones de hasta seis sondas capaces y documentar\/reportar f\u00e1cilmente los desenlaces , y todos y cada uno de los datos de medici\u00f3n se muestran como lecturas de instrumentos, tablas o gr\u00e1ficos. Las mediciones se tienen la posibilidad de guardar de forma r\u00e1pida como ficheros PDF o Excel, y la app puede crear reportes personalizados que se tienen la posibilidad de almacenar y\/o compartir por correo.<\/p>\n<p><strong>Funciones<\/strong><\/p>\n<ul>\n<li>Resistente , preciso y simple de usar.<\/li>\n<li>Incluye conexi\u00f3n de sonda en \u00e1ngulo de 45\u00b0.<\/li>\n<li>Alcance Bluetooth de hasta 350\u2032.<\/li>\n<li>Pruebas de presi\u00f3n de refrigerante de baja p\u00e9rdida.<\/li>\n<li>Mide la presi\u00f3n de refrigerante del lado prominente o bajo (o los dos simult\u00e1neamente con 2 sondas) en sistemas de aire acondicionado\/refrigeraci\u00f3n.<\/li>\n<li>No se requieren mangueras: limpias, f\u00e1ciles y exactas.<\/li>\n<\/ul>\n<p><strong>Aplicaciones<\/strong><\/p>\n<ul>\n<li>HVAC\/R<\/li>\n<\/ul>\n<h4>Especificaciones de Testo 549i<\/h4>\n<table class=\"table table-striped\">\n<tbody>\n<tr>\n<td>Tipo de sensor<\/td>\n<td>Presi\u00f3n<\/td>\n<\/tr>\n<tr>\n<td>Rango de medici\u00f3n<\/td>\n<td>De -14 a 870 psi<\/td>\n<\/tr>\n<tr>\n<td>Exactitud<\/td>\n<td>0,5% del valor final<\/td>\n<\/tr>\n<tr>\n<td>Resoluci\u00f3n<\/td>\n<td>0.1 psi<\/td>\n<\/tr>\n<tr>\n<td>Conexi\u00f3n<\/td>\n<td>7\/16\u2033 \u2013 UNF<\/td>\n<\/tr>\n<tr>\n<td>Sobrecarga Rel.<\/td>\n<td>870 psi<\/td>\n<\/tr>\n<tr>\n<td>Compatibilidad<\/td>\n<td>Requiere iOS 8.3 (o posterior)\/Android 4.3 (o posterior); requiere un dispositivo m\u00f3vil con Bluetooth 4.0<\/td>\n<\/tr>\n<tr>\n<td>Temperatura de funcionamiento<\/td>\n<td>-4 a 122 \u00b0F (-20 a 50 \u00b0C)<\/td>\n<\/tr>\n<tr>\n<td>Temperatura de almacenamiento<\/td>\n<td>-4 a 140 \u00b0F (-20 a 60 \u00b0C)<\/td>\n<\/tr>\n<tr>\n<td>Bater\u00eda<\/td>\n<td>Tipo: 3 pilas<br \/>\nAAA Duraci\u00f3n: 130 horas<\/td>\n<\/tr>\n<tr>\n<td>Medios medibles<\/td>\n<td>CFC, HFC, HCFC, N, H<sub>2<\/sub>O, CO<sub>2<\/sub><\/td>\n<\/tr>\n<tr>\n<td>Unidades de medida<\/td>\n<td>bar, psi, MPa, kPa<\/td>\n<\/tr>\n<tr>\n<td>Dimensiones<\/td>\n<td>5.9 x 1.3 x 1.2\u2033<\/td>\n<\/tr>\n<\/tbody>\n<\/table>\n","protected":false},"excerpt":{"rendered":"<p>Sonda de presi\u00f3n resistente , precisa y f\u00e1cil de usar que tiene una conexi\u00f3n de sonda en \u00e1ngulo de 45\u00b0, junto con un alcance Bluetooth de hasta 350\u2032. Mide la presi\u00f3n de refrigerante del lado alto o bajo en sistemas de aire acondicionado\/refrigeraci\u00f3n sin necesidad de mangueras.<\/p>\n","protected":false},"featured_media":1396,"template":"","meta":[],"product_cat":[16],"product_tag":[],"class_list":["post-1392","product","type-product","status-publish","has-post-thumbnail","hentry","product_cat-uncategorized"],"_links":{"self":[{"href":"https:\/\/calibracion.com.mx\/tienda\/wp-json\/wp\/v2\/product\/1392","targetHints":{"allow":["GET"]}}],"collection":[{"href":"https:\/\/calibracion.com.mx\/tienda\/wp-json\/wp\/v2\/product"}],"about":[{"href":"https:\/\/calibracion.com.mx\/tienda\/wp-json\/wp\/v2\/types\/product"}],"wp:featuredmedia":[{"embeddable":true,"href":"https:\/\/calibracion.com.mx\/tienda\/wp-json\/wp\/v2\/media\/1396"}],"wp:attachment":[{"href":"https:\/\/calibracion.com.mx\/tienda\/wp-json\/wp\/v2\/media?parent=1392"}],"wp:term":[{"taxonomy":"product_cat","embeddable":true,"href":"https:\/\/calibracion.com.mx\/tienda\/wp-json\/wp\/v2\/product_cat?post=1392"},{"taxonomy":"product_tag","embeddable":true,"href":"https:\/\/calibracion.com.mx\/tienda\/wp-json\/wp\/v2\/product_tag?post=1392"}],"curies":[{"name":"wp","href":"https:\/\/api.w.org\/{rel}","templated":true}]}}