{"id":1427,"date":"2023-11-08T19:25:29","date_gmt":"2023-11-08T19:25:29","guid":{"rendered":"https:\/\/calibracion.com.mx\/tienda\/?post_type=product&#038;p=1427"},"modified":"2023-11-08T19:25:30","modified_gmt":"2023-11-08T19:25:30","slug":"termohigrometro-de-sonda-inteligente-testo-605i","status":"publish","type":"product","link":"https:\/\/calibracion.com.mx\/tienda\/termohigrometro-de-sonda-inteligente-testo-605i\/","title":{"rendered":"Termohigr\u00f3metro de sonda inteligente testo 605i"},"content":{"rendered":"<h2>Descripci\u00f3n<\/h2>\n<p>El termohigr\u00f3metro de sonda capaz es un instrumento de medici\u00f3n de humedad y temperatura que mide de forma r\u00e1pida y precisa la humedad relativa, el punto de roc\u00edo y la temperatura en habitaciones, conductos, registros y cajas\/c\u00e1maras ambientales.<\/p>\n<p>Los clientes tienen la posibilidad de leer las mediciones utilizando la app testo Smart Probes instalada en su dispositivo inteligente. Le permite leer de manera rec\u00f3ndita las mediciones de hasta seis sondas inteligentes y documentar\/reportar de manera f\u00e1cil los resultados , y todos y cada uno de los datos de medici\u00f3n se muestran como lecturas de instrumentos, tablas o gr\u00e1ficos. Las mediciones se pueden guardar r\u00e1pidamente como ficheros PDF o Excel, y la aplicaci\u00f3n puede hacer reportes personalizados que se pueden guardar y\/o comunicar por mail.<\/p>\n<p><strong>Funciones<\/strong><\/p>\n<ul>\n<li>Mide de manera r\u00e1pida y precisa la humedad relativa y la temperatura en habitaciones, conductos y c\u00e1maras.<\/li>\n<li>Fuerte , preciso y simple de emplear.<\/li>\n<li>Sonda plegable a 90\u00b0.<\/li>\n<li>Alcance Bluetooth de hasta 350\u2032.<\/li>\n<li>La sonda de di\u00e1metro peque\u00f1o es perfecto para mediciones en conductos.<\/li>\n<li>Calcula de forma autom\u00e1tica el punto de roc\u00edo y la temperatura de bulbo h\u00famedo.<\/li>\n<\/ul>\n<p><strong>Aplicaciones<\/strong><\/p>\n<ul>\n<li>HVAC\/R<\/li>\n<\/ul>\n<h4>Especificaciones de Testo 605i<\/h4>\n<table class=\"table table-striped\">\n<tbody>\n<tr>\n<td colspan=\"2\"><strong>Tipo de sensor \u2013 Humedad (capacitivo)<\/strong><\/td>\n<\/tr>\n<tr>\n<td>Rango de medici\u00f3n<\/td>\n<td>De 0 a 100 % de humedad relativa<\/td>\n<\/tr>\n<tr>\n<td>Exactitud<\/td>\n<td>\u00b13.0 % HR (10 a 35 % HR) \u00b12.0 % HR (35 a 65 % HR) \u00b13.0 % HR (65 a 90 % HR) \u00b15 % HR (&lt;10 % HR o &gt;90 % HR) (a 77 \u00b0F)<\/td>\n<\/tr>\n<tr>\n<td>Resoluci\u00f3n<\/td>\n<td>0.1% HR<\/td>\n<\/tr>\n<tr>\n<td colspan=\"2\"><strong>Tipo de sensor \u2013 NTC<\/strong><\/td>\n<\/tr>\n<tr>\n<td>Rango de medici\u00f3n<\/td>\n<td>-4 a 140 \u00b0F (-20 a 60 \u00b0C)<\/td>\n<\/tr>\n<tr>\n<td>Exactitud<\/td>\n<td>\u00b11.4 \u00b0F (-4 a 32 \u00b0F) \u00b10.9 \u00b0F (32 a 140 \u00b0F)<\/td>\n<\/tr>\n<tr>\n<td>Resoluci\u00f3n<\/td>\n<td>0.1\u00b0F<\/td>\n<\/tr>\n<tr>\n<td colspan=\"2\"><strong>Especificaciones generales<\/strong><\/td>\n<\/tr>\n<tr>\n<td>Compatibilidad<\/td>\n<td>Requiere iOS 8.3 (o posterior)\/Android 4.3 (o posterior); requiere un dispositivo m\u00f3vil con Bluetooth 4.0<\/td>\n<\/tr>\n<tr>\n<td>Temperatura de funcionamiento<\/td>\n<td>-4 a 122 \u00b0F (-20 a 50 \u00b0C)<\/td>\n<\/tr>\n<tr>\n<td>Temperatura de almacenamiento<\/td>\n<td>-4 a 140 \u00b0F (-20 a 60 \u00b0C)<\/td>\n<\/tr>\n<tr>\n<td>Unidades de medida<\/td>\n<td>\u00b0F, \u00b0C, %rF \/ %HR, \u00b0Ftd, \u00b0Ctd, bulbo h\u00famedo \u00b0F, bulbo h\u00famedo \u00b0C<\/td>\n<\/tr>\n<tr>\n<td>Bater\u00eda<\/td>\n<td>Tipo: 3 pilas<br \/>\nAAA Duraci\u00f3n: 150 horas<\/td>\n<\/tr>\n<tr>\n<td>Dimensiones<\/td>\n<td>8.6 x 1.2 x 1.0\u2033 Eje de la sonda: 2.9\u2033 (longitud), 0.5\u2033<br \/>\n(di\u00e1metro)<\/td>\n<\/tr>\n<\/tbody>\n<\/table>\n","protected":false},"excerpt":{"rendered":"<p>Tiene una sonda plegable a 90\u00b0 de di\u00e1metro peque\u00f1o que es ideal para mediciones en conductos, adjuntado con un alcance Bluetooth de hasta 350\u2032. Mida de manera r\u00e1pida y precisa la humedad relativa y la temperatura en habitaciones, conductos y c\u00e1maras, tal como calcule autom\u00e1ticamente el punto de roc\u00edo y la temperatura de bulbo h\u00famedo.<\/p>\n","protected":false},"featured_media":1429,"template":"","meta":[],"product_cat":[16],"product_tag":[],"class_list":["post-1427","product","type-product","status-publish","has-post-thumbnail","hentry","product_cat-uncategorized"],"_links":{"self":[{"href":"https:\/\/calibracion.com.mx\/tienda\/wp-json\/wp\/v2\/product\/1427","targetHints":{"allow":["GET"]}}],"collection":[{"href":"https:\/\/calibracion.com.mx\/tienda\/wp-json\/wp\/v2\/product"}],"about":[{"href":"https:\/\/calibracion.com.mx\/tienda\/wp-json\/wp\/v2\/types\/product"}],"wp:featuredmedia":[{"embeddable":true,"href":"https:\/\/calibracion.com.mx\/tienda\/wp-json\/wp\/v2\/media\/1429"}],"wp:attachment":[{"href":"https:\/\/calibracion.com.mx\/tienda\/wp-json\/wp\/v2\/media?parent=1427"}],"wp:term":[{"taxonomy":"product_cat","embeddable":true,"href":"https:\/\/calibracion.com.mx\/tienda\/wp-json\/wp\/v2\/product_cat?post=1427"},{"taxonomy":"product_tag","embeddable":true,"href":"https:\/\/calibracion.com.mx\/tienda\/wp-json\/wp\/v2\/product_tag?post=1427"}],"curies":[{"name":"wp","href":"https:\/\/api.w.org\/{rel}","templated":true}]}}