{"id":1430,"date":"2023-11-08T19:34:11","date_gmt":"2023-11-08T19:34:11","guid":{"rendered":"https:\/\/calibracion.com.mx\/tienda\/?post_type=product&#038;p=1430"},"modified":"2023-11-08T19:34:12","modified_gmt":"2023-11-08T19:34:12","slug":"termometro-de-abrazadera-de-tubo-con-sonda-inteligente-testo-115i","status":"publish","type":"product","link":"https:\/\/calibracion.com.mx\/tienda\/termometro-de-abrazadera-de-tubo-con-sonda-inteligente-testo-115i\/","title":{"rendered":"Term\u00f3metro de abrazadera de tubo con sonda inteligente testo 115i"},"content":{"rendered":"<p>Los individuos tienen la posibilidad de leer las mediciones utilizando la aplicaci\u00f3n testo Smart Probes instalada en su dispositivo capaz. Le permite leer de manera remota las mediciones de hasta seis sondas capaces y documentar\/reportar f\u00e1cilmente los resultados , y todos y cada uno de los datos de medici\u00f3n se detallan como lecturas de instrumentos, tablas o gr\u00e1ficos. Las mediciones se pueden guardar de manera r\u00e1pida como ficheros PDF o Excel, y la app puede hacer reportes personalizados que se pueden almacenar y\/o compartir por mail.<\/p>\n<p>Mide con precisi\u00f3n la temperatura de las ca\u00f1er\u00edas en los sistemas de calefacci\u00f3n y refrigeraci\u00f3n con tecnolog\u00eda de sensor de temperatura NTC.<\/p>\n<p>Esta sonda capaz es una sonda de abrazadera de tuber\u00eda que mide la temperatura en las ca\u00f1er\u00edas con mayor precisi\u00f3n que los termopares debido a la tecnolog\u00eda superior del sensor de temperatura NTC. El dise\u00f1o de la sonda sujeta tuber\u00edas de hasta 1,5\u2033 y sostiene un contacto cr\u00edtico entre la sonda y la \u00e1rea de la tuber\u00eda para obtener las mejores lecturas.<\/p>\n<p><strong>Funciones<\/strong><\/p>\n<ul>\n<li>El sensor de temperatura NTC es mucho m\u00e1s preciso y estable que los termopares.<\/li>\n<li>Identifique r\u00e1pidamente los cambios de temperatura mediante la supervisi\u00f3n de las tendencias en tiempo real y el registro de datos.<\/li>\n<li>Resistente , preciso y simple de usar.<\/li>\n<li>Alcance Bluetooth de hasta 350\u2032.<\/li>\n<li>Mide la temperatura de las ca\u00f1er\u00edas en los sistemas de calefacci\u00f3n y refrigeraci\u00f3n.<\/li>\n<\/ul>\n<p><strong>Aplicaciones<\/strong><\/p>\n<ul>\n<li>HVAC\/R<\/li>\n<\/ul>\n<h4>Especificaciones de Testo 115i<\/h4>\n<table class=\"table table-striped\">\n<tbody>\n<tr>\n<td>Tipo de sensor<\/td>\n<td>NTC<\/td>\n<\/tr>\n<tr>\n<td>Rango de medici\u00f3n<\/td>\n<td>-58 a 302 \u00b0F (-50 a 150 \u00b0C)<\/td>\n<\/tr>\n<tr>\n<td>Exactitud<\/td>\n<td>\u00b12.3 \u00b0F (-4 a 185 \u00b0F)<\/td>\n<\/tr>\n<tr>\n<td>Resoluci\u00f3n<\/td>\n<td>0.1 \u00b0F<\/td>\n<\/tr>\n<tr>\n<td>Compatibilidad<\/td>\n<td>Requiere iOS 8.3 (o posterior)\/Android 4.3 (o posterior); requiere un dispositivo m\u00f3vil con Bluetooth 4.0<\/td>\n<\/tr>\n<tr>\n<td>Temperatura de funcionamiento<\/td>\n<td>-4 a 122 \u00b0F (-20 a 50 \u00b0C)<\/td>\n<\/tr>\n<tr>\n<td>Temperatura de almacenamiento<\/td>\n<td>-4 a 140 \u00b0F (-20 a 60 \u00b0C)<\/td>\n<\/tr>\n<tr>\n<td>Di\u00e1metro de la abertura de la abrazadera<\/td>\n<td>.25 a 1.5\u2033<\/td>\n<\/tr>\n<tr>\n<td>Bater\u00eda<\/td>\n<td>Tipo: 3 pilas<br \/>\nAAA Duraci\u00f3n: 150 horas<\/td>\n<\/tr>\n<tr>\n<td>Unidades de medida<\/td>\n<td>\u00b0F, \u00b0C<\/td>\n<\/tr>\n<tr>\n<td>Dimensiones<\/td>\n<td>7.2 x 3.5 x 1.2\u2033<\/td>\n<\/tr>\n<\/tbody>\n<\/table>\n","protected":false},"excerpt":{"rendered":"<p>Identifica de forma r\u00e1pida los cambios de temperatura a trav\u00e9s de el monitoreo de tendencias en tiempo real y el registro de datos, este term\u00f3metro resistente , exacto y f\u00e1cil de utilizar asimismo cuenta con un rango Bluetooth de hasta 350 \u2018.<\/p>\n","protected":false},"featured_media":1433,"template":"","meta":[],"product_cat":[16],"product_tag":[],"class_list":["post-1430","product","type-product","status-publish","has-post-thumbnail","hentry","product_cat-uncategorized"],"_links":{"self":[{"href":"https:\/\/calibracion.com.mx\/tienda\/wp-json\/wp\/v2\/product\/1430","targetHints":{"allow":["GET"]}}],"collection":[{"href":"https:\/\/calibracion.com.mx\/tienda\/wp-json\/wp\/v2\/product"}],"about":[{"href":"https:\/\/calibracion.com.mx\/tienda\/wp-json\/wp\/v2\/types\/product"}],"wp:featuredmedia":[{"embeddable":true,"href":"https:\/\/calibracion.com.mx\/tienda\/wp-json\/wp\/v2\/media\/1433"}],"wp:attachment":[{"href":"https:\/\/calibracion.com.mx\/tienda\/wp-json\/wp\/v2\/media?parent=1430"}],"wp:term":[{"taxonomy":"product_cat","embeddable":true,"href":"https:\/\/calibracion.com.mx\/tienda\/wp-json\/wp\/v2\/product_cat?post=1430"},{"taxonomy":"product_tag","embeddable":true,"href":"https:\/\/calibracion.com.mx\/tienda\/wp-json\/wp\/v2\/product_tag?post=1430"}],"curies":[{"name":"wp","href":"https:\/\/api.w.org\/{rel}","templated":true}]}}