{"id":1489,"date":"2023-11-09T14:51:10","date_gmt":"2023-11-09T14:51:10","guid":{"rendered":"https:\/\/calibracion.com.mx\/tienda\/?post_type=product&#038;p=1489"},"modified":"2023-11-09T14:51:11","modified_gmt":"2023-11-09T14:51:11","slug":"termometro-digital-testo-925-con-sonda-tc-tipo-k-58-a-1832-f-canal-unico","status":"publish","type":"product","link":"https:\/\/calibracion.com.mx\/tienda\/termometro-digital-testo-925-con-sonda-tc-tipo-k-58-a-1832-f-canal-unico\/","title":{"rendered":"term\u00f3metro digital testo 925 con sonda tc tipo k, -58 a 1832 \u00b0f, canal \u00fanico"},"content":{"rendered":"<p>Adem\u00e1s , es r\u00e1pido , flexible , simple de emplear y se conecta a su tel\u00e9fono capaz con la aplicaci\u00f3n capaz , proporcion\u00e1ndole una segunda pantalla. \u00a1Medir no podr\u00eda ser mucho m\u00e1s f\u00e1cil que esto!<\/p>\n<p>Hecho para llevarlo a cabo mucho m\u00e1s simple , este instrumento de medici\u00f3n compacto da lecturas precisas siempre que las necesite. Adem\u00e1s de esto , es veloz , maleable , simple de emplear y se conecta a su tel\u00e9fono capaz con la aplicaci\u00f3n capaz , proporcion\u00e1ndole una segunda pantalla. \u00a1Medir no podr\u00eda ser m\u00e1s simple que esto!<\/p>\n<p><strong>Funciones<\/strong><\/p>\n<ul>\n<li>Amplia gama de aplicaciones gracias al amplio rango de medici\u00f3n.<\/li>\n<li>Medici\u00f3n de temperatura diferencial f\u00e1cil, r\u00e1pida y precisa con sonda de termopar tipo K.<\/li>\n<li>Suena una alarma sonora si se supera un valor l\u00edmite.<\/li>\n<li>Configuraci\u00f3n r\u00e1pida en la aplicaci\u00f3n, historial de gr\u00e1ficos, segunda pantalla y memoria de datos de medici\u00f3n en la aplicaci\u00f3n inteligente.<\/li>\n<li>Gran selecci\u00f3n de sensores opcional y compatible con sensores TC tipo K disponibles en el mercado.<\/li>\n<\/ul>\n<p><strong>F\u00e1cil<\/strong><\/p>\n<ul>\n<li>Dise\u00f1o compacto: f\u00e1cilmente disponible, guardado r\u00e1pidamente.<\/li>\n<li>Manejo intuitivo: alta tecnolog\u00eda reducida a lo esencial.<\/li>\n<li>Aplicaci\u00f3n inteligente: configure, guarde, documente mediciones y mucho m\u00e1s.<\/li>\n<li>Imprimir informes in situ: Todo en blanco y negro.<\/li>\n<li>Mano de obra robusta: cuando las cosas se ponen dif\u00edciles.<\/li>\n<\/ul>\n<p><strong>R\u00e1pido<\/strong><\/p>\n<ul>\n<li>Configuraci\u00f3n con la aplicaci\u00f3n inteligente: cambie la configuraci\u00f3n con solo unos pocos clics.<\/li>\n<li>Resultados de medici\u00f3n inmediatos: Con una sola mirada, todo est\u00e1 claro.<\/li>\n<li>C\u00e1lculo autom\u00e1tico del caudal volum\u00e9trico: el di\u00e1metro del conducto es suficiente.<\/li>\n<li>Dos pantallas muestran m\u00e1s de una: muestra las curvas de medici\u00f3n de tus clientes en un smartphone, en tiempo real.<\/li>\n<\/ul>\n<p><strong>Preciso<\/strong><\/p>\n<ul>\n<li>Men\u00fas de medici\u00f3n \u00fatiles: medici\u00f3n de un solo punto y curva de tiempo en cada instrumento.<\/li>\n<li>Mediciones complejas, simplificadas de forma compacta: por ejemplo, medici\u00f3n, ajustes y documentaci\u00f3n muy f\u00e1ciles de ventilar espacios habitables.<\/li>\n<li>Documentaci\u00f3n con la Smart App: Completamente sin papeleo.<\/li>\n<li>Sondas digitales probadas en la pr\u00e1ctica: para obtener resultados de medici\u00f3n estables, reproducibles y precisos a largo plazo.<\/li>\n<\/ul>\n<p><strong>Aplicaciones<\/strong><\/p>\n<ul>\n<li>Medici\u00f3n de temperatura.<\/li>\n<li>Temperatura de suministro\/retorno en distribuidores de circuitos de calefacci\u00f3n.<\/li>\n<li>Sistemas de calefacci\u00f3n.<\/li>\n<\/ul>\n<p><strong>Aplicaci\u00f3n inteligente<\/strong><\/p>\n<ul>\n<li>Simple y r\u00e1pido: los men\u00fas de medici\u00f3n para numerosas aplicaciones proporcionan un soporte \u00f3ptimo en la configuraci\u00f3n y realizaci\u00f3n de la medici\u00f3n.<\/li>\n<li>Cree informes de medici\u00f3n digitales que incluyan fotos como archivos PDF \/ CSV en el sitio y env\u00edelos por correo electr\u00f3nico.<\/li>\n<li>Presentaci\u00f3n gr\u00e1fica clara de las lecturas, por ejemplo, como una tabla, para una r\u00e1pida interpretaci\u00f3n de los resultados.<\/li>\n<\/ul>\n<div class=\"woocommerce-tabs wc-tabs-wrapper\">\n<div id=\"tab-description\" class=\"woocommerce-Tabs-panel woocommerce-Tabs-panel--description panel entry-content wc-tab\" role=\"tabpanel\" aria-labelledby=\"tab-title-description\">\n<h4>Testo 925 Especificaciones<\/h4>\n<table class=\"table table-striped\">\n<tbody>\n<tr>\n<td>Rango de medici\u00f3n<\/td>\n<td>-58 a 1832\u00b0F<br \/>\n-50 a 1000\u00b0C<\/td>\n<\/tr>\n<tr>\n<td>Precisi\u00f3n (\u00b11 d\u00edgito)<\/td>\n<td>\u00b1(0.9\u00b0F + 0.3% de mv)\u00b1(0.5\u00b0C + 0.3% de mv)<\/td>\n<\/tr>\n<tr>\n<td>Resoluci\u00f3n<\/td>\n<td>0,1 \u00b0F (-58 a 931,8 \u00b0F)1 \u00b0F (rango de medici\u00f3n restante)0,1 \u00b0C (-50 a 499,9 \u00b0C)1 \u00b0C (rango de medici\u00f3n restante)<\/td>\n<\/tr>\n<tr>\n<td>Par\u00e1metros de medici\u00f3n<\/td>\n<td>\u00b0F, \u00b0C<\/td>\n<\/tr>\n<tr>\n<td>Temperatura de funcionamiento\/almacenamiento<\/td>\n<td>-4 a 122\u00b0F (-20 a 50\u00b0C)<\/td>\n<\/tr>\n<tr>\n<td>Clase de protecci\u00f3n<\/td>\n<td>IP40<\/td>\n<\/tr>\n<tr>\n<td>Material de la carcasa<\/td>\n<td>ABS + PC\/TPE<\/td>\n<\/tr>\n<tr>\n<td>Bater\u00eda<\/td>\n<td>Tipo: 3 x AA<br \/>\nVida: 150 horas<\/td>\n<\/tr>\n<tr>\n<td>Dimensiones<\/td>\n<td>5,3 x 2,4 x 1,1\u2033 (134,6 x 60,9 x 27,9 mm)<\/td>\n<\/tr>\n<tr>\n<td>Peso<\/td>\n<td>0,41 libras (186 g)<\/td>\n<\/tr>\n<\/tbody>\n<\/table>\n<\/div>\n<\/div>\n","protected":false},"excerpt":{"rendered":"<p>Hecho para llevarlo a cabo m\u00e1s f\u00e1cil , este instrumento de medici\u00f3n s\u00f3lido proporciona lecturas exactas siempre y cuando las necesite.<\/p>\n","protected":false},"featured_media":1493,"template":"","meta":[],"product_cat":[16],"product_tag":[],"class_list":["post-1489","product","type-product","status-publish","has-post-thumbnail","hentry","product_cat-uncategorized"],"_links":{"self":[{"href":"https:\/\/calibracion.com.mx\/tienda\/wp-json\/wp\/v2\/product\/1489","targetHints":{"allow":["GET"]}}],"collection":[{"href":"https:\/\/calibracion.com.mx\/tienda\/wp-json\/wp\/v2\/product"}],"about":[{"href":"https:\/\/calibracion.com.mx\/tienda\/wp-json\/wp\/v2\/types\/product"}],"wp:featuredmedia":[{"embeddable":true,"href":"https:\/\/calibracion.com.mx\/tienda\/wp-json\/wp\/v2\/media\/1493"}],"wp:attachment":[{"href":"https:\/\/calibracion.com.mx\/tienda\/wp-json\/wp\/v2\/media?parent=1489"}],"wp:term":[{"taxonomy":"product_cat","embeddable":true,"href":"https:\/\/calibracion.com.mx\/tienda\/wp-json\/wp\/v2\/product_cat?post=1489"},{"taxonomy":"product_tag","embeddable":true,"href":"https:\/\/calibracion.com.mx\/tienda\/wp-json\/wp\/v2\/product_tag?post=1489"}],"curies":[{"name":"wp","href":"https:\/\/api.w.org\/{rel}","templated":true}]}}