{"id":1494,"date":"2023-11-09T14:56:18","date_gmt":"2023-11-09T14:56:18","guid":{"rendered":"https:\/\/calibracion.com.mx\/tienda\/?post_type=product&#038;p=1494"},"modified":"2023-11-09T14:56:18","modified_gmt":"2023-11-09T14:56:18","slug":"termometro-de-superficie-testo-905-t2-tipo-k","status":"publish","type":"product","link":"https:\/\/calibracion.com.mx\/tienda\/termometro-de-superficie-testo-905-t2-tipo-k\/","title":{"rendered":"term\u00f3metro de superficie testo 905-t2, tipo k"},"content":{"rendered":"<p>Testo 905-T2, es un revolucionario term\u00f3metro de superficie digital de calidad profesional al precio m\u00e1s bajo. El cabezal de termopar accionado por resorte garantiza mediciones r\u00e1pidas y exactas para superficies planas y tambi\u00e9n irregulares.<\/p>\n<p><strong>Testo 905-T2 Caracter\u00edsticas<\/strong><\/p>\n<ul>\n<li>F\u00e1cil lectura de lecturas gracias a la visualizaci\u00f3n giratoria.<\/li>\n<li>Tiempo de reacci\u00f3n muy r\u00e1pido.<\/li>\n<li>La banda cruzada del termopar suspendido se adapta a cualquier superficie.<\/li>\n<\/ul>\n<h4>testo 905-T2 datos t\u00e9cnicos<\/h4>\n<table class=\"table table-striped\">\n<tbody>\n<tr>\n<td>Temperatura de almacenamiento<\/td>\n<td>-4 hasta +160 \u00b0F<\/td>\n<\/tr>\n<tr>\n<td>Temperatura de funcionamiento<\/td>\n<td>De 0 a +40 \u00b0C<\/td>\n<\/tr>\n<tr>\n<td>Tipo de bater\u00eda<\/td>\n<td>3 micro bater\u00edas AAA<\/td>\n<\/tr>\n<tr>\n<td>Duraci\u00f3n de la bater\u00eda<\/td>\n<td>1000 horas<\/td>\n<\/tr>\n<tr>\n<td>Dimensiones<\/td>\n<td>9 x 1,5 x 1,4<\/td>\n<\/tr>\n<tr>\n<th colspan=\"2\">\n<h5>Tipo K<\/h5>\n<\/th>\n<\/tr>\n<tr>\n<td>Rango de medici\u00f3n<\/td>\n<td>-58 a +662 \u00b0F Corto plazo a +932 \u00b0F<\/td>\n<\/tr>\n<tr>\n<td>Exactitud<\/td>\n<td>\u00b1(1 \u00b0C \u00b11% de rdg.)<\/td>\n<\/tr>\n<tr>\n<td>Resoluci\u00f3n<\/td>\n<td>1.8 \u00b0F<\/td>\n<\/tr>\n<\/tbody>\n<\/table>\n","protected":false},"excerpt":{"rendered":"<p>Testo 905-T2, es un innovador term\u00f3metro de superficie digital de calidad profesional al precio m\u00e1s bajo. El cabezal de termopar accionado por resorte garantiza mediciones veloces y precisas para superficies planas e irregulares.<\/p>\n","protected":false},"featured_media":1497,"template":"","meta":[],"product_cat":[16],"product_tag":[],"class_list":["post-1494","product","type-product","status-publish","has-post-thumbnail","hentry","product_cat-uncategorized"],"_links":{"self":[{"href":"https:\/\/calibracion.com.mx\/tienda\/wp-json\/wp\/v2\/product\/1494","targetHints":{"allow":["GET"]}}],"collection":[{"href":"https:\/\/calibracion.com.mx\/tienda\/wp-json\/wp\/v2\/product"}],"about":[{"href":"https:\/\/calibracion.com.mx\/tienda\/wp-json\/wp\/v2\/types\/product"}],"wp:featuredmedia":[{"embeddable":true,"href":"https:\/\/calibracion.com.mx\/tienda\/wp-json\/wp\/v2\/media\/1497"}],"wp:attachment":[{"href":"https:\/\/calibracion.com.mx\/tienda\/wp-json\/wp\/v2\/media?parent=1494"}],"wp:term":[{"taxonomy":"product_cat","embeddable":true,"href":"https:\/\/calibracion.com.mx\/tienda\/wp-json\/wp\/v2\/product_cat?post=1494"},{"taxonomy":"product_tag","embeddable":true,"href":"https:\/\/calibracion.com.mx\/tienda\/wp-json\/wp\/v2\/product_tag?post=1494"}],"curies":[{"name":"wp","href":"https:\/\/api.w.org\/{rel}","templated":true}]}}