{"id":1498,"date":"2023-11-09T15:03:27","date_gmt":"2023-11-09T15:03:27","guid":{"rendered":"https:\/\/calibracion.com.mx\/tienda\/?post_type=product&#038;p=1498"},"modified":"2023-11-09T15:03:28","modified_gmt":"2023-11-09T15:03:28","slug":"termometro-de-penetracion-testo-905-t1-tipo-k","status":"publish","type":"product","link":"https:\/\/calibracion.com.mx\/tienda\/termometro-de-penetracion-testo-905-t1-tipo-k\/","title":{"rendered":"term\u00f3metro de penetraci\u00f3n testo 905-t1, tipo k"},"content":{"rendered":"<p>testo 905-T1 es uno de los term\u00f3metros de varilla m\u00e1s r\u00e1pidos , desde -58 a +662 \u00b0F a corto plazo (1-2 minutos) hasta +932 \u00b0F. Es extraordinariamente exacto en rangos de medici\u00f3n m\u00e1s altos, en especial para un term\u00f3metro digital en su clase de precio.<\/p>\n<p><strong>Caracter\u00edsticas de testo 905-T1<\/strong><\/p>\n<ul>\n<li>Alta precisi\u00f3n.<\/li>\n<li>Sensor industrial profesional (termopar tipo K).<\/li>\n<li>Mensaje de alarma, transmisi\u00f3n fiable de los l\u00edmites de valor de alarma.<\/li>\n<li>F\u00e1cil lectura del valor de medici\u00f3n gracias a la visualizaci\u00f3n giratoria.<\/li>\n<\/ul>\n<h4>Testo 905-T1 Datos t\u00e9cnicos<\/h4>\n<table class=\"table table-striped\">\n<tbody>\n<tr>\n<td>Temperatura de almacenamiento<\/td>\n<td>-4 hasta +160 \u00b0F<\/td>\n<\/tr>\n<tr>\n<td>Temperatura de funcionamiento<\/td>\n<td>De 0 a +40 \u00b0C<\/td>\n<\/tr>\n<tr>\n<td>Tipo de bater\u00eda<\/td>\n<td>3 micro bater\u00edas AAA<\/td>\n<\/tr>\n<tr>\n<td>Duraci\u00f3n de la bater\u00eda<\/td>\n<td>1000 horas<\/td>\n<\/tr>\n<tr>\n<td>Dimensiones<\/td>\n<td>9 x 1,5 x 1,4<\/td>\n<\/tr>\n<tr>\n<th colspan=\"2\">\n<h5>Tipo K<\/h5>\n<\/th>\n<\/tr>\n<tr>\n<td>Rango de medici\u00f3n<\/td>\n<td>-58 a +662 \u00b0F Corto plazo a +932 \u00b0F<\/td>\n<\/tr>\n<tr>\n<td>Exactitud<\/td>\n<td>\u00b1(1 \u00b0C \u00b11% de rdg.)<\/td>\n<\/tr>\n<tr>\n<td>Resoluci\u00f3n<\/td>\n<td>1.8 \u00b0F<\/td>\n<\/tr>\n<\/tbody>\n<\/table>\n","protected":false},"excerpt":{"rendered":"<p>testo 905-T1 se encuentra dentro de los term\u00f3metros de varilla mucho m\u00e1s r\u00e1pidos , desde -58 a +662 \u00b0F en un corto plazo (1-2 minutos) hasta +932 \u00b0F. Es extraordinariamente preciso en rangos de medici\u00f3n m\u00e1s altos, especialmente para un term\u00f3metro digital en su clase de precio.<\/p>\n","protected":false},"featured_media":1499,"template":"","meta":[],"product_cat":[16],"product_tag":[],"class_list":["post-1498","product","type-product","status-publish","has-post-thumbnail","hentry","product_cat-uncategorized"],"_links":{"self":[{"href":"https:\/\/calibracion.com.mx\/tienda\/wp-json\/wp\/v2\/product\/1498","targetHints":{"allow":["GET"]}}],"collection":[{"href":"https:\/\/calibracion.com.mx\/tienda\/wp-json\/wp\/v2\/product"}],"about":[{"href":"https:\/\/calibracion.com.mx\/tienda\/wp-json\/wp\/v2\/types\/product"}],"wp:featuredmedia":[{"embeddable":true,"href":"https:\/\/calibracion.com.mx\/tienda\/wp-json\/wp\/v2\/media\/1499"}],"wp:attachment":[{"href":"https:\/\/calibracion.com.mx\/tienda\/wp-json\/wp\/v2\/media?parent=1498"}],"wp:term":[{"taxonomy":"product_cat","embeddable":true,"href":"https:\/\/calibracion.com.mx\/tienda\/wp-json\/wp\/v2\/product_cat?post=1498"},{"taxonomy":"product_tag","embeddable":true,"href":"https:\/\/calibracion.com.mx\/tienda\/wp-json\/wp\/v2\/product_tag?post=1498"}],"curies":[{"name":"wp","href":"https:\/\/api.w.org\/{rel}","templated":true}]}}