{"id":1501,"date":"2023-11-09T15:15:30","date_gmt":"2023-11-09T15:15:30","guid":{"rendered":"https:\/\/calibracion.com.mx\/tienda\/?post_type=product&#038;p=1501"},"modified":"2023-11-09T15:15:30","modified_gmt":"2023-11-09T15:15:30","slug":"termometro-ir-testo-831-30-1-optica-y-termometro-central-para-alimentos-106","status":"publish","type":"product","link":"https:\/\/calibracion.com.mx\/tienda\/termometro-ir-testo-831-30-1-optica-y-termometro-central-para-alimentos-106\/","title":{"rendered":"term\u00f3metro ir testo 831 30: 1 \u00f3ptica y term\u00f3metro central para alimentos 106"},"content":{"rendered":"<p>Grupo econ\u00f3mico para la medici\u00f3n de infrarrojos y temperatura central.<br \/>\nEl instrumento de medici\u00f3n de temperatura infrarroja testo 831 registra la temperatura de la superficie sin contacto. El di\u00e1metro del punto de medici\u00f3n de este pr\u00e1ctico term\u00f3metro infrarrojo es de solo 3,6 cm a una distancia de 1 m. El beneficio : incluso los objetos mucho m\u00e1s peque\u00f1os, como las ollas de yogur , se tienen la posibilidad de medir casi de pasada. El marcador l\u00e1ser de 2 puntos muestra precisamente el punto de medici\u00f3n. Impide fallos de medici\u00f3n.<\/p>\n<p>El term\u00f3metro central testo 106, con su punta de medici\u00f3n delgada y robusta, es extraordinariamente adecuado para realizar controles veloces de la temperatura central en alimentos sensibles. Deja orificios de punci\u00f3n apenas visibles.<br \/>\nLos dos asistentes son peque\u00f1os, pr\u00e1cticos y siempre y en todo momento completados a mano.<\/p>\n<p><strong>Caracter\u00edsticas de testo 831<\/strong><\/p>\n<ul>\n<li>Marcador de punto de medici\u00f3n l\u00e1ser de 2 puntos y \u00f3ptica 30:1.<\/li>\n<li>Medici\u00f3n r\u00e1pida (2 mediciones por segundo).<\/li>\n<li>Funci\u00f3n de retenci\u00f3n y visualizaci\u00f3n de valores m\u00edn.\/m\u00e1x.<\/li>\n<li>Medici\u00f3n sin contacto de la temperatura de la superficie, ideal para el sector alimentario.<\/li>\n<li>Gran rango de medici\u00f3n de -30 a +210 \u00b0C.<\/li>\n<li>Alarma sonora y \u00f3ptica (el LED se ilumina).<\/li>\n<li>Funda protectora impermeable y apta para lavavajillas (IP 67).<\/li>\n<li>Mediciones exactas incluso a mayores distancias.<\/li>\n<li>Dos valores l\u00edmite de alarma ajustables.<\/li>\n<li>Reconocimiento autom\u00e1tico del valor final (Auto-Hold).<\/li>\n<li>Caracter\u00edsticas de testo 106.<\/li>\n<\/ul>\n<p>&nbsp;<\/p>\n","protected":false},"excerpt":{"rendered":"<p>Conjunto econ\u00f3mico para la medici\u00f3n de infrarrojos y temperatura central.<br \/>\nEl instrumento de medici\u00f3n de temperatura infrarroja testo 831 registra la temperatura de la superficie sin contacto.<\/p>\n","protected":false},"featured_media":1505,"template":"","meta":[],"product_cat":[16],"product_tag":[],"class_list":["post-1501","product","type-product","status-publish","has-post-thumbnail","hentry","product_cat-uncategorized"],"_links":{"self":[{"href":"https:\/\/calibracion.com.mx\/tienda\/wp-json\/wp\/v2\/product\/1501","targetHints":{"allow":["GET"]}}],"collection":[{"href":"https:\/\/calibracion.com.mx\/tienda\/wp-json\/wp\/v2\/product"}],"about":[{"href":"https:\/\/calibracion.com.mx\/tienda\/wp-json\/wp\/v2\/types\/product"}],"wp:featuredmedia":[{"embeddable":true,"href":"https:\/\/calibracion.com.mx\/tienda\/wp-json\/wp\/v2\/media\/1505"}],"wp:attachment":[{"href":"https:\/\/calibracion.com.mx\/tienda\/wp-json\/wp\/v2\/media?parent=1501"}],"wp:term":[{"taxonomy":"product_cat","embeddable":true,"href":"https:\/\/calibracion.com.mx\/tienda\/wp-json\/wp\/v2\/product_cat?post=1501"},{"taxonomy":"product_tag","embeddable":true,"href":"https:\/\/calibracion.com.mx\/tienda\/wp-json\/wp\/v2\/product_tag?post=1501"}],"curies":[{"name":"wp","href":"https:\/\/api.w.org\/{rel}","templated":true}]}}