{"id":1519,"date":"2023-11-09T15:51:32","date_gmt":"2023-11-09T15:51:32","guid":{"rendered":"https:\/\/calibracion.com.mx\/tienda\/?post_type=product&#038;p=1519"},"modified":"2023-11-09T15:51:32","modified_gmt":"2023-11-09T15:51:32","slug":"termometro-infrarrojo-testo-830-t2-con-marcado-laser-de-dos-puntos-121","status":"publish","type":"product","link":"https:\/\/calibracion.com.mx\/tienda\/termometro-infrarrojo-testo-830-t2-con-marcado-laser-de-dos-puntos-121\/","title":{"rendered":"term\u00f3metro infrarrojo testo 830-t2 con marcado l\u00e1ser de dos puntos, 12:1"},"content":{"rendered":"<p><strong>Funciones<\/strong><\/p>\n<ul>\n<li>Term\u00f3metro infrarrojo para mediciones de temperatura superficial sin contacto.<\/li>\n<li>\u00d3ptica 12:1 y procesador de alta resoluci\u00f3n para obtener resultados de medici\u00f3n precisos.<\/li>\n<li>Medici\u00f3n de contacto posible con sonda de temperatura conectable (TC tipo K).<\/li>\n<li>Nivel de emisi\u00f3n ajustable.<\/li>\n<li>Procesador de alta resoluci\u00f3n para una m\u00e1xima precisi\u00f3n (resoluci\u00f3n 0,1 \u00b0C).<\/li>\n<li>Term\u00f3metro IR con marcador puntual de medici\u00f3n l\u00e1ser de 2 puntos para apuntar al punto de medici\u00f3n.<\/li>\n<li>Dos valores l\u00edmite de alarma que se pueden definir seg\u00fan sea necesario.<\/li>\n<li>Alarma visual y ac\u00fastica si se supera el valor l\u00edmite.<\/li>\n<li>Funci\u00f3n de visualizaci\u00f3n y retenci\u00f3n del valor m\u00ednimo\/m\u00e1x. (para registrar un valor medido).<\/li>\n<li>C\u00f3moda operaci\u00f3n con una sola mano, gracias al dise\u00f1o ergon\u00f3mico de estilo pistola.<\/li>\n<li>Pantalla digital clara e iluminada.<\/li>\n<\/ul>\n<p><strong>Aplicaciones<\/strong><\/p>\n<ul>\n<li>HVAC\/R.<\/li>\n<li>Servicio de alimentaci\u00f3n.<\/li>\n<li>Control aleatorio de productos perecederos.<\/li>\n<li>Transporte de productos farmac\u00e9uticos.<\/li>\n<li>Almacenamiento refrigerado.<\/li>\n<\/ul>\n<h4>Testo 830-T2 Especificaciones<\/h4>\n<table class=\"table table-striped\">\n<tbody>\n<tr>\n<td colspan=\"2\"><strong>Temperatura \u2013 Tipo K TC<\/strong><\/td>\n<\/tr>\n<tr>\n<td>Rango de medici\u00f3n<\/td>\n<td>-58 a 932\u00b0F (-50 a 500\u00b0C)<\/td>\n<\/tr>\n<tr>\n<td>Exactitud<\/td>\n<td>\u00b10.9\u00b0F + 0.5% del v.m. (\u00b10.5\u00b0C + 0.5% del mv)<\/td>\n<\/tr>\n<tr>\n<td>Resoluci\u00f3n<\/td>\n<td>0.1\u00b0F (0.1\u00b0C)<\/td>\n<\/tr>\n<tr>\n<td>Tasa de medici\u00f3n<\/td>\n<td>1,75 segundos<\/td>\n<\/tr>\n<tr>\n<td colspan=\"2\"><strong>Temperatura \u2013 Infrarrojos<\/strong><\/td>\n<\/tr>\n<tr>\n<td>Rango de medici\u00f3n<\/td>\n<td>-22 a 752\u00b0F (-30 a 400\u00b0C)<\/td>\n<\/tr>\n<tr>\n<td>Exactitud<\/td>\n<td>\u00b12.7 \u00b0 F o \u00b1 1.5 % de mv (32.2 a 752 \u00b0 F) \/ \u00b1 1.5 \u00b0 C o \u00b1 1.5% de mv (0.1 a 400 \u00b0 C) \u00b1 3.6 \u00b0 F o \u00b12% de mv (-22 a 32 \u00b0 F) (se aplica el valor m\u00e1s alto) \/ \u00b12 \u00b0 C o \u00b12% de mv (-30 a 0 \u00b0 C) (se aplica el valor m\u00e1s alto)<\/td>\n<\/tr>\n<tr>\n<td>Tasa de medici\u00f3n<\/td>\n<td>0,5 segundos<\/td>\n<\/tr>\n<tr>\n<td>Resoluci\u00f3n infrarroja<\/td>\n<td>0.1\u00b0F (0.1\u00b0C)<\/td>\n<\/tr>\n<tr>\n<td colspan=\"2\"><strong>Especificaciones generales<\/strong><\/td>\n<\/tr>\n<tr>\n<td>Temperatura de funcionamiento<\/td>\n<td>-4 a 122\u00b0F (-20 a 50\u00b0C)<\/td>\n<\/tr>\n<tr>\n<td>Temperatura de almacenamiento<\/td>\n<td>-40 a 158\u00b0F (-40 a 70\u00b0C)<\/td>\n<\/tr>\n<tr>\n<td>Bater\u00eda<\/td>\n<td>Tipo: bater\u00eda<br \/>\nde bloque de 9 V Duraci\u00f3n: 15 horas<\/td>\n<\/tr>\n<tr>\n<td>Vivienda<\/td>\n<td>ABS<\/td>\n<\/tr>\n<tr>\n<td>Dimensiones<\/td>\n<td>7 x 3 x 1\u2033 (190 x 75 x 38 mm)<\/td>\n<\/tr>\n<tr>\n<td>Peso<\/td>\n<td>7 onzas (200 g)<\/td>\n<\/tr>\n<\/tbody>\n<\/table>\n","protected":false},"excerpt":{"rendered":"<p><strong>Funciones<\/strong><\/p>\n<ul>\n<li>Procesador de alta resoluci\u00f3n para una m\u00e1xima precisi\u00f3n (resoluci\u00f3n 0,1 \u00b0C).<\/li>\n<li>Term\u00f3metro infrarrojo para mediciones de temperatura superficial sin contacto.<\/li>\n<li>Nivel de emisi\u00f3n ajustable.<\/li>\n<li>Funci\u00f3n de visualizaci\u00f3n y retenci\u00f3n del valor m\u00ednimo\/m\u00e1x. (para registrar un valor medido).<\/li>\n<li>Dos valores l\u00edmite de alarma que se tienen la posibilidad de determinar seg\u00fan sea preciso.<\/li>\n<\/ul>\n","protected":false},"featured_media":1523,"template":"","meta":[],"product_cat":[16],"product_tag":[],"class_list":["post-1519","product","type-product","status-publish","has-post-thumbnail","hentry","product_cat-uncategorized"],"_links":{"self":[{"href":"https:\/\/calibracion.com.mx\/tienda\/wp-json\/wp\/v2\/product\/1519","targetHints":{"allow":["GET"]}}],"collection":[{"href":"https:\/\/calibracion.com.mx\/tienda\/wp-json\/wp\/v2\/product"}],"about":[{"href":"https:\/\/calibracion.com.mx\/tienda\/wp-json\/wp\/v2\/types\/product"}],"wp:featuredmedia":[{"embeddable":true,"href":"https:\/\/calibracion.com.mx\/tienda\/wp-json\/wp\/v2\/media\/1523"}],"wp:attachment":[{"href":"https:\/\/calibracion.com.mx\/tienda\/wp-json\/wp\/v2\/media?parent=1519"}],"wp:term":[{"taxonomy":"product_cat","embeddable":true,"href":"https:\/\/calibracion.com.mx\/tienda\/wp-json\/wp\/v2\/product_cat?post=1519"},{"taxonomy":"product_tag","embeddable":true,"href":"https:\/\/calibracion.com.mx\/tienda\/wp-json\/wp\/v2\/product_tag?post=1519"}],"curies":[{"name":"wp","href":"https:\/\/api.w.org\/{rel}","templated":true}]}}