{"id":1591,"date":"2023-11-09T17:57:25","date_gmt":"2023-11-09T17:57:25","guid":{"rendered":"https:\/\/calibracion.com.mx\/tienda\/?post_type=product&#038;p=1591"},"modified":"2023-11-09T17:57:26","modified_gmt":"2023-11-09T17:57:26","slug":"testo-622-termohigrometro-con-presion","status":"publish","type":"product","link":"https:\/\/calibracion.com.mx\/tienda\/testo-622-termohigrometro-con-presion\/","title":{"rendered":"testo 622 termohigr\u00f3metro con presi\u00f3n"},"content":{"rendered":"<p>Ideal para controlar el aire ambiente. El medidor mide la temperatura del aire, la presi\u00f3n y la HR cada diez segundos y exhibe los valores, incluyendo la hora y la fecha, en un display simple de leer. Una alarma LED visual alarma en el momento en que se superan los umbrales.<\/p>\n<p>Le permite controlar los valores del aire ambiente , especialmente en laboratorios a lo largo de la medici\u00f3n \/ configuraciones experimentales<\/p>\n<p><strong>Funciones<\/strong><\/p>\n<ul>\n<li>Pantalla grande y f\u00e1cil de leer.<\/li>\n<li>Soporte de mesa o pared.<\/li>\n<li>Alertas de alarma cuando se sobrepasa el umbral.<\/li>\n<li>Dise\u00f1o compacto.<\/li>\n<li>Mide la temperatura del aire, la presi\u00f3n y la HR.<\/li>\n<li>Perfecto para controlar el aire, en especial en laboratorios.<\/li>\n<li>Bater\u00edas simples de reemplazar con una vida \u00fatil de hasta 12 meses.<\/li>\n<li>Alta tasa de medici\u00f3n.<\/li>\n<\/ul>\n<h4>Testo 622 Datos t\u00e9cnicos<\/h4>\n<table class=\"table table-striped\">\n<tbody>\n<tr>\n<td>Temperatura de almacenamiento<\/td>\n<td>-20 hasta +60 \u00b0C<\/td>\n<\/tr>\n<tr>\n<td>Temperatura de funcionamiento<\/td>\n<td>-10 hasta +60 \u00b0C<\/td>\n<\/tr>\n<tr>\n<td>Duraci\u00f3n de la bater\u00eda<\/td>\n<td>12<\/td>\n<\/tr>\n<tr>\n<td>Dimensiones<\/td>\n<td>185 x 105 x 36 mm<\/td>\n<\/tr>\n<tr>\n<th colspan=\"2\">\n<h5>NTC<\/h5>\n<\/th>\n<\/tr>\n<tr>\n<td>Rango de medici\u00f3n<\/td>\n<td>-10 hasta +60 \u00b0C<\/td>\n<\/tr>\n<tr>\n<td>Exactitud<\/td>\n<td>\u00b10.4 \u00b0C<\/td>\n<\/tr>\n<tr>\n<td>Resoluci\u00f3n<\/td>\n<td>0.1 \u00b0C<\/td>\n<\/tr>\n<tr>\n<th colspan=\"2\">\n<h5>Sensor de presi\u00f3n piezorresistivo<\/h5>\n<\/th>\n<\/tr>\n<tr>\n<td>Rango de medici\u00f3n<\/td>\n<td>300 a 1200 inH2O<\/td>\n<\/tr>\n<tr>\n<td>Exactitud<\/td>\n<td>\u00b13 inH2O<\/td>\n<\/tr>\n<tr>\n<td>Resoluci\u00f3n<\/td>\n<td>0,1 inH2O<\/td>\n<\/tr>\n<tr>\n<th colspan=\"2\">\n<h5>Humedad<\/h5>\n<\/th>\n<\/tr>\n<tr>\n<td>Rango de medici\u00f3n<\/td>\n<td>0 a 100 % HR<\/td>\n<\/tr>\n<tr>\n<td>Exactitud<\/td>\n<td>\u00b12 % HR a +25 \u00b0C (10 a 90 % HR)\u00b13 % HR (rango restante)<\/td>\n<\/tr>\n<tr>\n<td>Resoluci\u00f3n<\/td>\n<td>0,1 %HR<\/td>\n<\/tr>\n<\/tbody>\n<\/table>\n","protected":false},"excerpt":{"rendered":"<p>Ideal para controlar el aire ambiente. El medidor mide la temperatura del aire, la presi\u00f3n y la HR cada diez segundos y exhibe los valores, incluyendo la hora y la fecha, en un display simple de leer.<\/p>\n","protected":false},"featured_media":1595,"template":"","meta":[],"product_cat":[16],"product_tag":[],"class_list":["post-1591","product","type-product","status-publish","has-post-thumbnail","hentry","product_cat-uncategorized"],"_links":{"self":[{"href":"https:\/\/calibracion.com.mx\/tienda\/wp-json\/wp\/v2\/product\/1591","targetHints":{"allow":["GET"]}}],"collection":[{"href":"https:\/\/calibracion.com.mx\/tienda\/wp-json\/wp\/v2\/product"}],"about":[{"href":"https:\/\/calibracion.com.mx\/tienda\/wp-json\/wp\/v2\/types\/product"}],"wp:featuredmedia":[{"embeddable":true,"href":"https:\/\/calibracion.com.mx\/tienda\/wp-json\/wp\/v2\/media\/1595"}],"wp:attachment":[{"href":"https:\/\/calibracion.com.mx\/tienda\/wp-json\/wp\/v2\/media?parent=1591"}],"wp:term":[{"taxonomy":"product_cat","embeddable":true,"href":"https:\/\/calibracion.com.mx\/tienda\/wp-json\/wp\/v2\/product_cat?post=1591"},{"taxonomy":"product_tag","embeddable":true,"href":"https:\/\/calibracion.com.mx\/tienda\/wp-json\/wp\/v2\/product_tag?post=1591"}],"curies":[{"name":"wp","href":"https:\/\/api.w.org\/{rel}","templated":true}]}}