{"id":1598,"date":"2023-11-09T18:01:21","date_gmt":"2023-11-09T18:01:21","guid":{"rendered":"https:\/\/calibracion.com.mx\/tienda\/?post_type=product&#038;p=1598"},"modified":"2023-11-09T18:01:21","modified_gmt":"2023-11-09T18:01:21","slug":"termohigrometro-testo-610","status":"publish","type":"product","link":"https:\/\/calibracion.com.mx\/tienda\/termohigrometro-testo-610\/","title":{"rendered":"termohigr\u00f3metro testo 610"},"content":{"rendered":"<p>El testo 610 mide la humedad y la temperatura del aire. Nuestro sensor de humedad patentado garantiza los desenlaces precisos mucho m\u00e1s fiables y el certificado de calibraci\u00f3n incluido en el bulto asegura la precisi\u00f3n del sensor a \u00b12,5% rH. El 610 es capaz de efectuar c\u00e1lculos de punto de roc\u00edo y bulbo h\u00famedo y cuenta con una pr\u00e1ctica funci\u00f3n de retenci\u00f3n y una visualizaci\u00f3n del valor m\u00e1x\/min.<\/p>\n<p><strong>Caracter\u00edsticas de testo 610<\/strong><\/p>\n<ul>\n<li>+\/-2,5 % de precisi\u00f3n HR.<\/li>\n<li>Tapa protectora para un almacenamiento seguro.<\/li>\n<li>C\u00e1lculo del punto de roc\u00edo y bulbo h\u00famedo incluidos.<\/li>\n<li>Sensor de humedad Testo estable a largo plazo.<\/li>\n<\/ul>\n<h4>Testo 610 Datos t\u00e9cnicos<\/h4>\n<table class=\"table table-striped\">\n<tbody>\n<tr>\n<td>Temperatura de almacenamiento<\/td>\n<td>-40 hasta +70 \u00b0C<\/td>\n<\/tr>\n<tr>\n<td>Temperatura de funcionamiento<\/td>\n<td>14 hasta +122 \u00b0F<\/td>\n<\/tr>\n<tr>\n<td>Tipo de bater\u00eda<\/td>\n<td>2 pilas AAA<\/td>\n<\/tr>\n<tr>\n<td>Duraci\u00f3n de la bater\u00eda<\/td>\n<td>200 horas<\/td>\n<\/tr>\n<tr>\n<td>Dimensiones<\/td>\n<td>4,5 x 1,7 x 1 pulgada<\/td>\n<\/tr>\n<tr>\n<th colspan=\"2\">NTC<\/th>\n<\/tr>\n<tr>\n<td>Rango de medici\u00f3n<\/td>\n<td>14 hasta +122 \u00b0F<\/td>\n<\/tr>\n<tr>\n<td>Exactitud<\/td>\n<td>\u00b10.9 \u00b0F<\/td>\n<\/tr>\n<tr>\n<td>Resoluci\u00f3n<\/td>\n<td>0.1 \u00b0F<\/td>\n<\/tr>\n<tr>\n<th colspan=\"2\">Humedad<\/th>\n<\/tr>\n<tr>\n<td>Rango de medici\u00f3n<\/td>\n<td>0 a 100 % HR<\/td>\n<\/tr>\n<tr>\n<td>Exactitud<\/td>\n<td>\u00b12,5 % HR (5 a 95 % HR)<\/td>\n<\/tr>\n<tr>\n<td>Resoluci\u00f3n<\/td>\n<td>0,1 %HR<\/td>\n<\/tr>\n<\/tbody>\n<\/table>\n","protected":false},"excerpt":{"rendered":"<p>El testo 610 mide la humedad y la temperatura del aire. Nuestro sensor de humedad patentado garantiza los desenlaces precisos mucho m\u00e1s fiables y el certificado de calibraci\u00f3n incluido en el bulto asegura la precisi\u00f3n del sensor a \u00b12,5% rH.<\/p>\n","protected":false},"featured_media":1599,"template":"","meta":[],"product_cat":[16],"product_tag":[],"class_list":["post-1598","product","type-product","status-publish","has-post-thumbnail","hentry","product_cat-uncategorized"],"_links":{"self":[{"href":"https:\/\/calibracion.com.mx\/tienda\/wp-json\/wp\/v2\/product\/1598","targetHints":{"allow":["GET"]}}],"collection":[{"href":"https:\/\/calibracion.com.mx\/tienda\/wp-json\/wp\/v2\/product"}],"about":[{"href":"https:\/\/calibracion.com.mx\/tienda\/wp-json\/wp\/v2\/types\/product"}],"wp:featuredmedia":[{"embeddable":true,"href":"https:\/\/calibracion.com.mx\/tienda\/wp-json\/wp\/v2\/media\/1599"}],"wp:attachment":[{"href":"https:\/\/calibracion.com.mx\/tienda\/wp-json\/wp\/v2\/media?parent=1598"}],"wp:term":[{"taxonomy":"product_cat","embeddable":true,"href":"https:\/\/calibracion.com.mx\/tienda\/wp-json\/wp\/v2\/product_cat?post=1598"},{"taxonomy":"product_tag","embeddable":true,"href":"https:\/\/calibracion.com.mx\/tienda\/wp-json\/wp\/v2\/product_tag?post=1598"}],"curies":[{"name":"wp","href":"https:\/\/api.w.org\/{rel}","templated":true}]}}