{"id":1603,"date":"2023-11-09T19:07:52","date_gmt":"2023-11-09T19:07:52","guid":{"rendered":"https:\/\/calibracion.com.mx\/tienda\/?post_type=product&#038;p=1603"},"modified":"2023-11-09T19:07:53","modified_gmt":"2023-11-09T19:07:53","slug":"termohigrometro-testo-605-h1-con-calculo-del-punto-de-rocio","status":"publish","type":"product","link":"https:\/\/calibracion.com.mx\/tienda\/termohigrometro-testo-605-h1-con-calculo-del-punto-de-rocio\/","title":{"rendered":"termohigr\u00f3metro testo 605-h1 con c\u00e1lculo del punto de roc\u00edo"},"content":{"rendered":"<p>Barra de humedad fuerte que proporciona lecturas veloces y precisas de humedad, temperatura de bulbo h\u00famedo (-H2) y punto de roc\u00edo (-H1). El cabezal de sonda de &lt;&gt; \/&lt;&gt; pulgada cabe convenientemente en un conducto o es \u00fatil para probar espacios ambientales interiores y exteriores.<\/p>\n<p><strong>Caracter\u00edsticas de testo 605-H1<\/strong><\/p>\n<ul>\n<li>Pantalla giratoria: \u00a1lea f\u00e1cilmente los datos desde cualquier \u00e1ngulo!.<\/li>\n<li>Sensor de humedad estable a largo plazo.<\/li>\n<li>Mediciones de alta precisi\u00f3n.<\/li>\n<li>Ideal para mediciones de conductos.<\/li>\n<\/ul>\n<h4>Testo 605-H1 Datos t\u00e9cnicos<\/h4>\n<table class=\"table table-striped\">\n<tbody>\n<tr>\n<td>Temperatura de almacenamiento<\/td>\n<td>-4 hasta +158 \u00b0F<\/td>\n<\/tr>\n<tr>\n<td>Temperatura de funcionamiento<\/td>\n<td>32 a 122 \u00b0F<\/td>\n<\/tr>\n<tr>\n<td>Tipo de bater\u00eda<\/td>\n<td>3 micro bater\u00edas AAA<\/td>\n<\/tr>\n<tr>\n<td>Duraci\u00f3n de la bater\u00eda<\/td>\n<td>Aprox. 1000 horas<\/td>\n<\/tr>\n<tr>\n<td>Dimensiones<\/td>\n<td>7 x 1,5 x 1,4 pulgadas<\/td>\n<\/tr>\n<tr>\n<th colspan=\"2\">\n<h5>NTC<\/h5>\n<\/th>\n<\/tr>\n<tr>\n<td>Rango de medici\u00f3n<\/td>\n<td>32 hasta +122 \u00b0F<\/td>\n<\/tr>\n<tr>\n<td>Exactitud<\/td>\n<td>\u00b10.5 \u00b0F<\/td>\n<\/tr>\n<tr>\n<td>Resoluci\u00f3n<\/td>\n<td>1.8 \u00b0F<\/td>\n<\/tr>\n<tr>\n<th colspan=\"2\">\n<h5>Humedad<\/h5>\n<\/th>\n<\/tr>\n<tr>\n<td>Rango de medici\u00f3n<\/td>\n<td>5 a 95 % HR<\/td>\n<\/tr>\n<tr>\n<td>Exactitud<\/td>\n<td>\u00b13 %HR<\/td>\n<\/tr>\n<tr>\n<td>Resoluci\u00f3n<\/td>\n<td>0,1 %HR<\/td>\n<\/tr>\n<\/tbody>\n<\/table>\n","protected":false},"excerpt":{"rendered":"<p>Barra de humedad fuerte que proporciona lecturas veloces y precisas de humedad, temperatura de bulbo h\u00famedo (-H2) y punto de roc\u00edo (-H1). El cabezal de sonda de &lt;&gt; \/&lt;&gt; pulgada cabe convenientemente en un conducto o es \u00fatil para probar espacios ambientales interiores y exteriores.<\/p>\n","protected":false},"featured_media":1606,"template":"","meta":[],"product_cat":[16],"product_tag":[],"class_list":["post-1603","product","type-product","status-publish","has-post-thumbnail","hentry","product_cat-uncategorized"],"_links":{"self":[{"href":"https:\/\/calibracion.com.mx\/tienda\/wp-json\/wp\/v2\/product\/1603","targetHints":{"allow":["GET"]}}],"collection":[{"href":"https:\/\/calibracion.com.mx\/tienda\/wp-json\/wp\/v2\/product"}],"about":[{"href":"https:\/\/calibracion.com.mx\/tienda\/wp-json\/wp\/v2\/types\/product"}],"wp:featuredmedia":[{"embeddable":true,"href":"https:\/\/calibracion.com.mx\/tienda\/wp-json\/wp\/v2\/media\/1606"}],"wp:attachment":[{"href":"https:\/\/calibracion.com.mx\/tienda\/wp-json\/wp\/v2\/media?parent=1603"}],"wp:term":[{"taxonomy":"product_cat","embeddable":true,"href":"https:\/\/calibracion.com.mx\/tienda\/wp-json\/wp\/v2\/product_cat?post=1603"},{"taxonomy":"product_tag","embeddable":true,"href":"https:\/\/calibracion.com.mx\/tienda\/wp-json\/wp\/v2\/product_tag?post=1603"}],"curies":[{"name":"wp","href":"https:\/\/api.w.org\/{rel}","templated":true}]}}