{"id":1628,"date":"2023-11-09T19:43:32","date_gmt":"2023-11-09T19:43:32","guid":{"rendered":"https:\/\/calibracion.com.mx\/tienda\/?post_type=product&#038;p=1628"},"modified":"2023-11-09T19:43:33","modified_gmt":"2023-11-09T19:43:33","slug":"registrador-de-datos-de-temperatura-de-176-canales-testo-4-t4-con-4-tc-externos","status":"publish","type":"product","link":"https:\/\/calibracion.com.mx\/tienda\/registrador-de-datos-de-temperatura-de-176-canales-testo-4-t4-con-4-tc-externos\/","title":{"rendered":"Registrador de datos de temperatura de 176 canales testo 4 t4 con 4 tc externos"},"content":{"rendered":"<p>El registrador de datos testo 176 T4 est\u00e1 protegido por IP 65 y se puede emplear en entornos sucios y sucios. La pantalla del registrador le da una amplia gama de informaci\u00f3n, incluyendo la medici\u00f3n de corriente \/ min \/ max \/ valor umbral \/ umbrales superados \/ energ\u00eda sobrante de la bater\u00eda. El registrador tiene una memoria de gran tama\u00f1o y una duraci\u00f3n de bater\u00eda popularizada de hasta 8 a\u00f1os. Esto quiere decir que puede leer los datos a intervalos m\u00e1s largos, aun en el momento en que los ciclos de medici\u00f3n son m\u00e1s cortos. Las bater\u00edas pueden ser sustituidas por el usuario.<\/p>\n<p><strong>Testo 176 T4 Caracter\u00edsticas<\/strong><\/p>\n<ul>\n<li>Transferencia de datos a PC para an\u00e1lisis\/registro. Seleccione entre tres programas de software. Descarga gratis de ComSoft Basic.<\/li>\n<li>Rango de medici\u00f3n incre\u00edblemente extenso de -328 a 1832 \u00b0F.<\/li>\n<li>Mide\/registra la temperatura en 4 sitios simult\u00e1neamente.<\/li>\n<li>Memoria para 2.000.000 de lecturas \/ hasta 8 a\u00f1os de duraci\u00f3n de la bater\u00eda.<\/li>\n<\/ul>\n<h4>Testo 176 T4 Datos t\u00e9cnicos<\/h4>\n<table class=\"table table-striped\">\n<tbody>\n<tr>\n<td>Memoria<\/td>\n<td>2.000.000 valores<\/td>\n<\/tr>\n<tr>\n<td>Temperatura de almacenamiento<\/td>\n<td>-40 hasta +85 \u00b0C<\/td>\n<\/tr>\n<tr>\n<td>Temperatura de funcionamiento<\/td>\n<td>-20 hasta +70 \u00b0C<\/td>\n<\/tr>\n<tr>\n<td>Dimensiones<\/td>\n<td>103 x 63 x 33 mm<\/td>\n<\/tr>\n<tr>\n<th colspan=\"2\">\n<h5>Tipo T (Cu-CuNi)<\/h5>\n<\/th>\n<\/tr>\n<tr>\n<td>Rango de medici\u00f3n<\/td>\n<td>-200 hasta +400 \u00b0C<\/td>\n<\/tr>\n<tr>\n<td>Exactitud<\/td>\n<td>\u00b11 % de RDG. (-200 a -100.1 \u00b0C)<br \/>\n\u00b10,3 \u00b0C (-100 a +70 \u00b0C)<br \/>\n\u00b10,5 % de la gdr. (+70,1 hasta +1000 \u00b0C)<\/td>\n<\/tr>\n<tr>\n<td>Resoluci\u00f3n<\/td>\n<td>0.1 \u00b0C<\/td>\n<\/tr>\n<tr>\n<th colspan=\"2\">\n<h5>Tipo J (FeCuNi)<\/h5>\n<\/th>\n<\/tr>\n<tr>\n<td>Rango de medici\u00f3n<\/td>\n<td>-100 hasta +750 \u00b0C<\/td>\n<\/tr>\n<tr>\n<td>Exactitud<\/td>\n<td>\u00b11 % de RDG. (-200 a -100.1 \u00b0C)<br \/>\n\u00b10,3 \u00b0C (-100 a +70 \u00b0C)<br \/>\n\u00b10,5 % de la gdr. (+70,1 hasta +1000 \u00b0C)<\/td>\n<\/tr>\n<tr>\n<td>Resoluci\u00f3n<\/td>\n<td>0.1 \u00b0C<\/td>\n<\/tr>\n<tr>\n<th colspan=\"2\">\n<h5>Tipo K<\/h5>\n<\/th>\n<\/tr>\n<tr>\n<td>Rango de medici\u00f3n<\/td>\n<td>-195 hasta +1000 \u00b0C<\/td>\n<\/tr>\n<tr>\n<td>Exactitud<\/td>\n<td>\u00b11 % de RDG. (-200 a -100.1 \u00b0C)<br \/>\n\u00b10,3 \u00b0C (-100 a +70 \u00b0C)<br \/>\n\u00b10,5 % de la gdr. (+70,1 hasta +1000 \u00b0C)<\/td>\n<\/tr>\n<tr>\n<td>Resoluci\u00f3n<\/td>\n<td>0.1 \u00b0C<\/td>\n<\/tr>\n<\/tbody>\n<\/table>\n","protected":false},"excerpt":{"rendered":"<p>El registrador de datos testo 176 T4 est\u00e1 protegido por IP 65 y se puede emplear en entornos sucios y sucios. La pantalla del registrador le da una amplia gama de informaci\u00f3n, incluyendo la medici\u00f3n de corriente \/ min \/ max \/ valor umbral \/ umbrales superados \/ energ\u00eda sobrante de la bater\u00eda.<\/p>\n","protected":false},"featured_media":1634,"template":"","meta":[],"product_cat":[16],"product_tag":[],"class_list":["post-1628","product","type-product","status-publish","has-post-thumbnail","hentry","product_cat-uncategorized"],"_links":{"self":[{"href":"https:\/\/calibracion.com.mx\/tienda\/wp-json\/wp\/v2\/product\/1628","targetHints":{"allow":["GET"]}}],"collection":[{"href":"https:\/\/calibracion.com.mx\/tienda\/wp-json\/wp\/v2\/product"}],"about":[{"href":"https:\/\/calibracion.com.mx\/tienda\/wp-json\/wp\/v2\/types\/product"}],"wp:featuredmedia":[{"embeddable":true,"href":"https:\/\/calibracion.com.mx\/tienda\/wp-json\/wp\/v2\/media\/1634"}],"wp:attachment":[{"href":"https:\/\/calibracion.com.mx\/tienda\/wp-json\/wp\/v2\/media?parent=1628"}],"wp:term":[{"taxonomy":"product_cat","embeddable":true,"href":"https:\/\/calibracion.com.mx\/tienda\/wp-json\/wp\/v2\/product_cat?post=1628"},{"taxonomy":"product_tag","embeddable":true,"href":"https:\/\/calibracion.com.mx\/tienda\/wp-json\/wp\/v2\/product_tag?post=1628"}],"curies":[{"name":"wp","href":"https:\/\/api.w.org\/{rel}","templated":true}]}}