{"id":1635,"date":"2023-11-09T19:47:12","date_gmt":"2023-11-09T19:47:12","guid":{"rendered":"https:\/\/calibracion.com.mx\/tienda\/?post_type=product&#038;p=1635"},"modified":"2023-11-09T19:47:13","modified_gmt":"2023-11-09T19:47:13","slug":"registrador-de-datos-de-temperatura-metalica-de-176-canales-testo-3-t4-con-4-tc-externos","status":"publish","type":"product","link":"https:\/\/calibracion.com.mx\/tienda\/registrador-de-datos-de-temperatura-metalica-de-176-canales-testo-3-t4-con-4-tc-externos\/","title":{"rendered":"registrador de datos de temperatura met\u00e1lica de 176 canales testo 3-t4 con 4 tc externos"},"content":{"rendered":"<div class=\"woocommerce-product-details__short-description\">\n<p>El testo 176 T3 es el registrador de datos adecuado para la medici\u00f3n paralela y el registro de valores de temperatura en cuatro sitios diferentes en procesos industriales. Su carcasa met\u00e1lica proteger\u00e1 el registrador de datos de posibles da\u00f1os. El 176 T3 puede cumplir varios requisitos a trav\u00e9s de su gama de sondas de ter\u00f3mero conectables (Tipo K, Tipo T, Tipo J).<\/p>\n<p><strong>Funciones<\/strong><\/p>\n<\/div>\n<ul>\n<li>Memoria suficientemente grande como para contener un par de millones de valores de medici\u00f3n. Pantalla grande y simple de leer.<\/li>\n<li>Hasta ocho a\u00f1os de duraci\u00f3n de la bater\u00eda a una agilidad de medici\u00f3n de 15 minutos.<\/li>\n<li>Bater\u00eda est\u00e1ndar (AA) reemplazable por el usuario.<\/li>\n<li>Tenga en cuenta que se necesita un cable USB para programar y leer el registrador. Esto no est\u00e1 incluido en la distribuci\u00f3n y debe pedirse separadamente si es necesario (n\u00famero de pedido 0449 0047).<\/li>\n<\/ul>\n<h4>Testo 176-T3 Datos t\u00e9cnicos<\/h4>\n<table class=\"table table-striped\">\n<tbody>\n<tr>\n<td>Memoria<\/td>\n<td>2.000.000 de valores<\/td>\n<\/tr>\n<tr>\n<td>Temperatura de almacenamiento<\/td>\n<td>-40 hasta +85 \u00b0C<\/td>\n<\/tr>\n<tr>\n<td>Temperatura de funcionamiento<\/td>\n<td>-20 hasta +70 \u00b0C<\/td>\n<\/tr>\n<tr>\n<td>Dimensiones<\/td>\n<td>103 x 63 x 33 mm<\/td>\n<\/tr>\n<tr>\n<th colspan=\"2\">\n<h5>Tipo T<\/h5>\n<\/th>\n<\/tr>\n<tr>\n<td>Rango de medici\u00f3n<\/td>\n<td>-200 hasta +400 \u00b0C<\/td>\n<\/tr>\n<tr>\n<td>Exactitud<\/td>\n<td>\u00b11 % de RDG. (-200 a -100.1 \u00b0C)<br \/>\n\u00b10,3 \u00b0C (-100 a +70 \u00b0C)<br \/>\n\u00b10,5 % de la rdg. (+70,1 hasta +1000 \u00b0C)<\/td>\n<\/tr>\n<tr>\n<td>Resoluci\u00f3n<\/td>\n<td>0.1 \u00b0C<\/td>\n<\/tr>\n<tr>\n<th colspan=\"2\">\n<h5>Tipo J (FeCuNi)<\/h5>\n<\/th>\n<\/tr>\n<tr>\n<td>Rango de medici\u00f3n<\/td>\n<td>-100 hasta +750 \u00b0C<\/td>\n<\/tr>\n<tr>\n<td>Exactitud<\/td>\n<td>\u00b11 % de RDG. (-200 a -100.1 \u00b0C)<br \/>\n\u00b10,3 \u00b0C (-100 a +70 \u00b0C)<br \/>\n\u00b10,5 % de la rdg. (+70,1 hasta +1000 \u00b0C)<\/td>\n<\/tr>\n<tr>\n<td>Resoluci\u00f3n<\/td>\n<td>0.1 \u00b0C<\/td>\n<\/tr>\n<tr>\n<th colspan=\"2\">\n<h5>Tipo K<\/h5>\n<\/th>\n<\/tr>\n<tr>\n<td>Rango de medici\u00f3n<\/td>\n<td>-195 hasta +1000 \u00b0C<\/td>\n<\/tr>\n<tr>\n<td>Exactitud<\/td>\n<td>\u00b11 % de RDG. (-200 a -100.1 \u00b0C)<br \/>\n\u00b10,3 \u00b0C (-100 a +70 \u00b0C)<br \/>\n\u00b10,5 % de la rdg. (+70,1 hasta +1000 \u00b0C)<\/td>\n<\/tr>\n<tr>\n<td>Resoluci\u00f3n<\/td>\n<td>0.1 \u00b0C<\/td>\n<\/tr>\n<\/tbody>\n<\/table>\n","protected":false},"excerpt":{"rendered":"<div class=\"woocommerce-product-details__short-description\">\n<p>El testo 176 T3 es el registrador de datos adecuado para la medici\u00f3n paralela y el registro de valores de temperatura en cuatro sitios diferentes en procesos industriales. Su carcasa met\u00e1lica proteger\u00e1 el registrador de datos de posibles da\u00f1os.<\/p>\n<\/div>\n","protected":false},"featured_media":1637,"template":"","meta":[],"product_cat":[16],"product_tag":[],"class_list":["post-1635","product","type-product","status-publish","has-post-thumbnail","hentry","product_cat-uncategorized"],"_links":{"self":[{"href":"https:\/\/calibracion.com.mx\/tienda\/wp-json\/wp\/v2\/product\/1635","targetHints":{"allow":["GET"]}}],"collection":[{"href":"https:\/\/calibracion.com.mx\/tienda\/wp-json\/wp\/v2\/product"}],"about":[{"href":"https:\/\/calibracion.com.mx\/tienda\/wp-json\/wp\/v2\/types\/product"}],"wp:featuredmedia":[{"embeddable":true,"href":"https:\/\/calibracion.com.mx\/tienda\/wp-json\/wp\/v2\/media\/1637"}],"wp:attachment":[{"href":"https:\/\/calibracion.com.mx\/tienda\/wp-json\/wp\/v2\/media?parent=1635"}],"wp:term":[{"taxonomy":"product_cat","embeddable":true,"href":"https:\/\/calibracion.com.mx\/tienda\/wp-json\/wp\/v2\/product_cat?post=1635"},{"taxonomy":"product_tag","embeddable":true,"href":"https:\/\/calibracion.com.mx\/tienda\/wp-json\/wp\/v2\/product_tag?post=1635"}],"curies":[{"name":"wp","href":"https:\/\/api.w.org\/{rel}","templated":true}]}}