{"id":1640,"date":"2023-11-09T19:59:00","date_gmt":"2023-11-09T19:59:00","guid":{"rendered":"https:\/\/calibracion.com.mx\/tienda\/?post_type=product&#038;p=1640"},"modified":"2023-11-09T19:59:01","modified_gmt":"2023-11-09T19:59:01","slug":"registrador-de-datos-de-temperatura-de-metal-testo-176-t1-de-1-canal","status":"publish","type":"product","link":"https:\/\/calibracion.com.mx\/tienda\/registrador-de-datos-de-temperatura-de-metal-testo-176-t1-de-1-canal\/","title":{"rendered":"Registrador de datos de temperatura de metal testo 176 t1 de 1 canal"},"content":{"rendered":"<p>El testo 176 T1 da registro de temperatura durante largos periodos de tiempo en c\u00e1maras frigor\u00edficas y de congelaci\u00f3n. Est\u00e1 protegido de condiciones desfavorables , tal como de da\u00f1os por equipos de almac\u00e9n por su robusta carcasa met\u00e1lica. El sensor Pt100 de alta precisi\u00f3n de Testo en el interior mide la temperatura.<\/p>\n<p>Como todos y cada uno de los registradores de datos Testo para aplicaciones en el sector alimenticio , el testo 176 T1 est\u00e1 probado seg\u00fan DIN EN 12830 por la secci\u00f3n de pruebas ATP del T\u00dcV ST\u00fcd<\/p>\n<p><strong>Testo 176 T1 Caracter\u00edsticas<\/strong><\/p>\n<ul>\n<li>Enorme memoria para 2 millones de valores de medici\u00f3n.<\/li>\n<li>Bater\u00edas est\u00e1ndar (AAA) reemplazables por el usuario.<\/li>\n<li>Hasta 8 a\u00f1os de duraci\u00f3n de la bater\u00eda a una agilidad de medici\u00f3n de 15 min.<\/li>\n<li>Estructura met\u00e1lica robusta (sin pantalla).<\/li>\n<\/ul>\n<h4>Testo 176 T1 Datos t\u00e9cnicos<\/h4>\n<table class=\"table table-striped\">\n<tbody>\n<tr>\n<td>Memoria<\/td>\n<td>2.000.000 valores<\/td>\n<\/tr>\n<tr>\n<td>Temperatura de almacenamiento<\/td>\n<td>-40 hasta +85 \u00b0C<\/td>\n<\/tr>\n<tr>\n<td>Temperatura de funcionamiento<\/td>\n<td>-35 hasta +70 \u00b0C<\/td>\n<\/tr>\n<tr>\n<td>Dimensiones<\/td>\n<td>103 x 63 x 33 mm<\/td>\n<\/tr>\n<tr>\n<th colspan=\"2\">\n<h5>Temperatura \u2013 RTD<\/h5>\n<\/th>\n<\/tr>\n<tr>\n<td>Rango de medici\u00f3n<\/td>\n<td>-35 hasta +70 \u00b0C<\/td>\n<\/tr>\n<tr>\n<td>Exactitud<\/td>\n<td>\u00b10,2 \u00b0C (-35 hasta +70 \u00b0C)<\/td>\n<\/tr>\n<tr>\n<td>Resoluci\u00f3n<\/td>\n<td>0.01 \u00b0C<\/td>\n<\/tr>\n<\/tbody>\n<\/table>\n","protected":false},"excerpt":{"rendered":"<p>El testo 176 T1 da registro de temperatura durante largos periodos de tiempo en c\u00e1maras frigor\u00edficas y de congelaci\u00f3n. Est\u00e1 protegido de condiciones desfavorables , tal como de da\u00f1os por equipos de almac\u00e9n por su robusta carcasa met\u00e1lica. El sensor Pt100 de alta precisi\u00f3n de Testo en el interior mide la temperatura.<\/p>\n","protected":false},"featured_media":1645,"template":"","meta":[],"product_cat":[16],"product_tag":[],"class_list":["post-1640","product","type-product","status-publish","has-post-thumbnail","hentry","product_cat-uncategorized"],"_links":{"self":[{"href":"https:\/\/calibracion.com.mx\/tienda\/wp-json\/wp\/v2\/product\/1640","targetHints":{"allow":["GET"]}}],"collection":[{"href":"https:\/\/calibracion.com.mx\/tienda\/wp-json\/wp\/v2\/product"}],"about":[{"href":"https:\/\/calibracion.com.mx\/tienda\/wp-json\/wp\/v2\/types\/product"}],"wp:featuredmedia":[{"embeddable":true,"href":"https:\/\/calibracion.com.mx\/tienda\/wp-json\/wp\/v2\/media\/1645"}],"wp:attachment":[{"href":"https:\/\/calibracion.com.mx\/tienda\/wp-json\/wp\/v2\/media?parent=1640"}],"wp:term":[{"taxonomy":"product_cat","embeddable":true,"href":"https:\/\/calibracion.com.mx\/tienda\/wp-json\/wp\/v2\/product_cat?post=1640"},{"taxonomy":"product_tag","embeddable":true,"href":"https:\/\/calibracion.com.mx\/tienda\/wp-json\/wp\/v2\/product_tag?post=1640"}],"curies":[{"name":"wp","href":"https:\/\/api.w.org\/{rel}","templated":true}]}}