{"id":1659,"date":"2023-11-09T20:41:48","date_gmt":"2023-11-09T20:41:48","guid":{"rendered":"https:\/\/calibracion.com.mx\/tienda\/?post_type=product&#038;p=1659"},"modified":"2023-11-09T20:41:49","modified_gmt":"2023-11-09T20:41:49","slug":"termometro-para-servicio-de-alimentos-testo-112-ntc","status":"publish","type":"product","link":"https:\/\/calibracion.com.mx\/tienda\/termometro-para-servicio-de-alimentos-testo-112-ntc\/","title":{"rendered":"term\u00f3metro para servicio de alimentos testo 112 ntc"},"content":{"rendered":"<p>Para documentar las lecturas, Testo 112 ofrece la posibilidad de imprimir datos de manera directa en el lugar con fecha y hora. O sea particularmente interesante para los inspectores de higiene alimentaria. Si se superan los valores l\u00edmite altos o bajos graduables , el instrumento hace sonar instantaneamente una alarma sonora.<\/p>\n<p>Los valores l\u00edmite m\u00ednimos y m\u00e1ximos se tienen la posibilidad de consultar de manera c\u00f3moda en la pantalla de 2 l\u00edneas.<\/p>\n<p>Gracias a su extenso rango de medici\u00f3n, Testo 112 es el instrumento de medici\u00f3n de temperatura perfecto para todas y cada una de las \u00e1reas de chequeo de alimentos. Las sondas NTC (sondas de termistor) y las sondas Pt100 (sondas de resistencia de platino) se tienen la posibilidad de conectar a la entrada de la sonda, tal es as\u00ed que se cubre un extenso rango de temperatura, que va desde productos congelados hasta chequeo de freidoras de grasa.<\/p>\n<p>Es posible imprimir lecturas in situ en la impresora Testo (opcional).<\/p>\n<p>El instrumento de medici\u00f3n de temperatura de precisi\u00f3n testo 112 calibrable fue dise\u00f1ado en especial para mediciones de inspecci\u00f3n oficiales. El instrumento est\u00e1 aprobado para mediciones oficiales por inspectores de alimentos, evaluadores y autoridades oficiales gracias a su aprobaci\u00f3n de dise\u00f1o de PTB y la opci\u00f3n de calibrarlo. Una autocomprobaci\u00f3n incorporada indica el funcionamiento preciso antes de que empieze la medici\u00f3n.<\/p>\n<p><strong>Caracter\u00edsticas de testo 112<\/strong><\/p>\n<ul>\n<li>Memoria de valor m\u00ednimo\/m\u00e1ximo.<\/li>\n<li>Impresi\u00f3n de datos in situ en la impresora r\u00e1pida Testo (opcional).<\/li>\n<li>Funda de protecci\u00f3n indestructible TopSafe (opcional).<\/li>\n<li>Instrumento de medici\u00f3n de temperatura de alta precisi\u00f3n y oficialmente calibrable.<\/li>\n<\/ul>\n<h4>Testo 112 Datos t\u00e9cnicos<\/h4>\n<table class=\"table table-striped\">\n<tbody>\n<tr>\n<td>Temperatura de almacenamiento<\/td>\n<td>-22 hasta +158 \u00b0F<\/td>\n<\/tr>\n<tr>\n<td>Temperatura de funcionamiento<\/td>\n<td>-4 hasta +122 \u00b0F<\/td>\n<\/tr>\n<tr>\n<td>Tipo de bater\u00eda<\/td>\n<td>Bater\u00eda de 9V<\/td>\n<\/tr>\n<tr>\n<td>Duraci\u00f3n de la bater\u00eda<\/td>\n<td>100 horas<\/td>\n<\/tr>\n<tr>\n<td>Dimensiones<\/td>\n<td>7,16 x 2,52 x 1,57 pulgadas<\/td>\n<\/tr>\n<tr>\n<td>Material de la carcasa<\/td>\n<td>ABS<\/td>\n<\/tr>\n<tr>\n<th colspan=\"2\">\n<h5>NTC<\/h5>\n<\/th>\n<\/tr>\n<tr>\n<td>Rango de medici\u00f3n<\/td>\n<td>-58 hasta +248 \u00b0F<\/td>\n<\/tr>\n<tr>\n<td>Exactitud<\/td>\n<td>\u00b10.36 \u00b0F (-13 a +104 \u00b0F)\u00b10.54 \u00b0F (+104.18 a +176 \u00b0F)\u00b10.5 \u00b0F (rango restante)<\/td>\n<\/tr>\n<tr>\n<td>Resoluci\u00f3n<\/td>\n<td>0.1 \u00b0F<\/td>\n<\/tr>\n<tr>\n<th colspan=\"2\">\n<h5>Temperatura \u2013 RTD<\/h5>\n<\/th>\n<\/tr>\n<tr>\n<td>Rango de medici\u00f3n<\/td>\n<td>-58 hasta +572 \u00b0F<\/td>\n<\/tr>\n<tr>\n<td>Exactitud<\/td>\n<td>\u00b10.36 \u00b0F (-58 a +392 \u00b0F)\u00b10.54 \u00b0F (rango restante)<\/td>\n<\/tr>\n<tr>\n<td>Resoluci\u00f3n<\/td>\n<td>0.1 \u00b0F<\/td>\n<\/tr>\n<\/tbody>\n<\/table>\n","protected":false},"excerpt":{"rendered":"<p>El instrumento de medici\u00f3n de temperatura de precisi\u00f3n testo 112 calibrable fue dise\u00f1ado en especial para mediciones de inspecci\u00f3n oficiales. El instrumento est\u00e1 aprobado para mediciones oficiales por inspectores de alimentos, evaluadores y autoridades oficiales gracias a su aprobaci\u00f3n de dise\u00f1o de PTB y la opci\u00f3n de calibrarlo.<\/p>\n","protected":false},"featured_media":1660,"template":"","meta":[],"product_cat":[16],"product_tag":[],"class_list":["post-1659","product","type-product","status-publish","has-post-thumbnail","hentry","product_cat-uncategorized"],"_links":{"self":[{"href":"https:\/\/calibracion.com.mx\/tienda\/wp-json\/wp\/v2\/product\/1659","targetHints":{"allow":["GET"]}}],"collection":[{"href":"https:\/\/calibracion.com.mx\/tienda\/wp-json\/wp\/v2\/product"}],"about":[{"href":"https:\/\/calibracion.com.mx\/tienda\/wp-json\/wp\/v2\/types\/product"}],"wp:featuredmedia":[{"embeddable":true,"href":"https:\/\/calibracion.com.mx\/tienda\/wp-json\/wp\/v2\/media\/1660"}],"wp:attachment":[{"href":"https:\/\/calibracion.com.mx\/tienda\/wp-json\/wp\/v2\/media?parent=1659"}],"wp:term":[{"taxonomy":"product_cat","embeddable":true,"href":"https:\/\/calibracion.com.mx\/tienda\/wp-json\/wp\/v2\/product_cat?post=1659"},{"taxonomy":"product_tag","embeddable":true,"href":"https:\/\/calibracion.com.mx\/tienda\/wp-json\/wp\/v2\/product_tag?post=1659"}],"curies":[{"name":"wp","href":"https:\/\/api.w.org\/{rel}","templated":true}]}}