{"id":1674,"date":"2023-11-10T14:23:50","date_gmt":"2023-11-10T14:23:50","guid":{"rendered":"https:\/\/calibracion.com.mx\/tienda\/?post_type=product&#038;p=1674"},"modified":"2023-11-10T14:23:51","modified_gmt":"2023-11-10T14:23:51","slug":"termometro-de-servicio-de-alimentos-t-handle-105-testo-con-punta-de-comida-congelada","status":"publish","type":"product","link":"https:\/\/calibracion.com.mx\/tienda\/termometro-de-servicio-de-alimentos-t-handle-105-testo-con-punta-de-comida-congelada\/","title":{"rendered":"Term\u00f3metro de servicio de alimentos t-handle 105 testo con punta de comida congelada"},"content":{"rendered":"<p>El testo 105 es un term\u00f3metro alimentario robusto con puntas de medici\u00f3n remplazables para la medici\u00f3n de temperatura en medios semis\u00f3lidos. Tiene una punta de medici\u00f3n agregada para productos congelados. Dependiendo de la sonda usada , es especialmente conveniente para aplicaciones en las \u00e1reas de gastronom\u00eda, salas refrigeradas, cocinas enormes , mercados y el control de mercanc\u00edas entrantes.<\/p>\n<p>Ya que se puede adecentar con agua corriente seg\u00fan IP65, es en especial higi\u00e9nico y aplicable en todas partes, merced a su robustez. Una alarma sonora y una \u00f3ptica advierten de manera confiable en el momento en que se violan los valores l\u00edmite superior e inferior graduables individualmente.<\/p>\n<p><strong>Funciones<\/strong><\/p>\n<ul>\n<li>En especial robusto, se puede adecentar bajo agua corriente (seg\u00fan la clase de protecci\u00f3n IP65).<\/li>\n<li>Consejos de medici\u00f3n remplazables.<\/li>\n<li>Ideal para apps en el campo alimenticio.<\/li>\n<li>Certificado seg\u00fan EN 13485.<\/li>\n<li>Pantalla de una l\u00ednea, iluminada.<\/li>\n<li>2 valores l\u00edmite libremente graduables.<\/li>\n<li>Alarma sonora y \u00f3ptica.<\/li>\n<\/ul>\n<p><strong>Aplicaciones<\/strong><\/p>\n<ul>\n<li>Comprobaci\u00f3n de la temperatura a lo largo del almacenamiento.<\/li>\n<li>Comprobaci\u00f3n de temperatura para mercanc\u00edas entrantes.<\/li>\n<\/ul>\n<h4>Testo 105 Especificaciones<\/h4>\n<table class=\"table table-striped\">\n<tbody>\n<tr>\n<td colspan=\"2\"><strong>Temperatura \u2013 NTC<\/strong><\/td>\n<\/tr>\n<tr>\n<td>Rango de medici\u00f3n<\/td>\n<td>-50 a 275\u00b0C<\/td>\n<\/tr>\n<tr>\n<td>Exactitud<\/td>\n<td>\u00b10,5 \u00b0C (-20 a 100 \u00b0C) \u00b11 \u00b0C (-50 a 20,1 \u00b0C) \u00b11 % del v.m. (100,1 a 275 \u00b0C)<\/td>\n<\/tr>\n<tr>\n<td>Resoluci\u00f3n<\/td>\n<td>0.1\u00b0C<\/td>\n<\/tr>\n<tr>\n<td colspan=\"2\"><strong>Especificaciones generales<\/strong><\/td>\n<\/tr>\n<tr>\n<td>Dimensiones<\/td>\n<td>145 x 38 x 185 mm (con sonda adjunta)<\/td>\n<\/tr>\n<tr>\n<td>Temperatura de funcionamiento<\/td>\n<td>-20 a 70\u00b0C<\/td>\n<\/tr>\n<tr>\n<td>Clase de protecci\u00f3n<\/td>\n<td>IP65<\/td>\n<\/tr>\n<tr>\n<td>Encender\/apagar<\/td>\n<td>10 minutos<\/td>\n<\/tr>\n<tr>\n<td>Normas<\/td>\n<td>EN 13485<\/td>\n<\/tr>\n<tr>\n<td>Tipo de bater\u00eda<\/td>\n<td>Bot\u00f3n Celda LR44<\/td>\n<\/tr>\n<tr>\n<td>Duraci\u00f3n de la bater\u00eda<\/td>\n<td>80 Horas<\/td>\n<\/tr>\n<tr>\n<td>Tipo de pantalla<\/td>\n<td>LCD<\/td>\n<\/tr>\n<tr>\n<td>Tama\u00f1o de la pantalla<\/td>\n<td>Una l\u00ednea<\/td>\n<\/tr>\n<tr>\n<td>Temperatura de almacenamiento<\/td>\n<td>-40 a 70\u00b0C<\/td>\n<\/tr>\n<tr>\n<td>Peso<\/td>\n<td>139 g<\/td>\n<\/tr>\n<\/tbody>\n<\/table>\n","protected":false},"excerpt":{"rendered":"<p>El testo 105 es un term\u00f3metro alimentario robusto con puntas de medici\u00f3n remplazables para la medici\u00f3n de temperatura en medios semis\u00f3lidos. Tiene una punta de medici\u00f3n agregada para productos congelados.<\/p>\n","protected":false},"featured_media":1675,"template":"","meta":[],"product_cat":[16],"product_tag":[],"class_list":["post-1674","product","type-product","status-publish","has-post-thumbnail","hentry","product_cat-uncategorized"],"_links":{"self":[{"href":"https:\/\/calibracion.com.mx\/tienda\/wp-json\/wp\/v2\/product\/1674","targetHints":{"allow":["GET"]}}],"collection":[{"href":"https:\/\/calibracion.com.mx\/tienda\/wp-json\/wp\/v2\/product"}],"about":[{"href":"https:\/\/calibracion.com.mx\/tienda\/wp-json\/wp\/v2\/types\/product"}],"wp:featuredmedia":[{"embeddable":true,"href":"https:\/\/calibracion.com.mx\/tienda\/wp-json\/wp\/v2\/media\/1675"}],"wp:attachment":[{"href":"https:\/\/calibracion.com.mx\/tienda\/wp-json\/wp\/v2\/media?parent=1674"}],"wp:term":[{"taxonomy":"product_cat","embeddable":true,"href":"https:\/\/calibracion.com.mx\/tienda\/wp-json\/wp\/v2\/product_cat?post=1674"},{"taxonomy":"product_tag","embeddable":true,"href":"https:\/\/calibracion.com.mx\/tienda\/wp-json\/wp\/v2\/product_tag?post=1674"}],"curies":[{"name":"wp","href":"https:\/\/api.w.org\/{rel}","templated":true}]}}