{"id":1678,"date":"2023-11-10T14:57:46","date_gmt":"2023-11-10T14:57:46","guid":{"rendered":"https:\/\/calibracion.com.mx\/tienda\/?post_type=product&#038;p=1678"},"modified":"2023-11-10T14:57:46","modified_gmt":"2023-11-10T14:57:46","slug":"termometro-de-servicio-de-alimentos-testo-105-t-handle","status":"publish","type":"product","link":"https:\/\/calibracion.com.mx\/tienda\/termometro-de-servicio-de-alimentos-testo-105-t-handle\/","title":{"rendered":"term\u00f3metro de servicio de alimentos testo 105 t-handle"},"content":{"rendered":"<p>&nbsp;<\/p>\n<h4>Testo 105 con tres tipos de sonda ofrece<\/h4>\n<p>El term\u00f3metro digital para alimentos testo 105 est\u00e1 dise\u00f1ado para medir la temperatura central de alimentos congelados y no congelados. Hay dos consejos disponibles : un consejo est\u00e1ndar para medios semis\u00f3lidos no congelados, o sea , carne, queso y jaleas y un mucho m\u00e1s largo de 7,8 pulgadas. propina (opcional) para alimentos congelados.<\/p>\n<p>Tanto la sonda est\u00e1ndar como la opcional son excelentes para medir la temperatura de los alimentos l\u00edquidos.<\/p>\n<h4>El term\u00f3metro profesional de sonda alimentaria testo 105<\/h4>\n<p>El term\u00f3metro profesional para alimentos testo 105 tiene todas las caracter\u00edsticas que necesita para hacer m\u00e1s simple el trabajo: f\u00e1cil operaci\u00f3n con solo una mano; dise\u00f1o s\u00f3lido ; pantalla retroiluminada; umbrales ajustables ; alarma sonora y visual; Clip para cintur\u00f3n y soporte de pared.<\/p>\n<p>El term\u00f3metro de sonda IP65 se puede limpiar bajo el agua, est\u00e1 protegido contra la entrada de polvo y suciedad y tiene la certificaci\u00f3n HACCP International.<\/p>\n<h4>\u00c1reas de aplicaci\u00f3n del term\u00f3metro digital para alimentos testo 105<\/h4>\n<p>El term\u00f3metro de sonda alimentaria Testo es ideal para su empleo en una amplia gama de \u00e1reas, incluyendo la producci\u00f3n de alimentos, el control de los modelos recibidos, los servicios de catering, las cocinas de comedor, las c\u00e1maras frigor\u00edficas y las tiendas.<\/p>\n<p><strong>Caracter\u00edsticas de testo 105<\/strong><\/p>\n<ul>\n<li>Escabroso; desarrollado para la utilizaci\u00f3n diario ; Adecentar bajo el agua.<\/li>\n<li>Resistente al agua (IP 65) y robusto.<\/li>\n<li>Puntas de medici\u00f3n intercambiables : punta est\u00e1ndar para medios semis\u00f3lidos, es decir , carne y punta larga para alimentos congelados (opcional) Umbrales graduables , alarma audible y visual.<\/li>\n<li>Iluminaci\u00f3n de pantalla incorporada.<\/li>\n<\/ul>\n<h4>Testo 105 con tres tipos de sonda Datos t\u00e9cnicos<\/h4>\n<table class=\"table table-striped\">\n<tbody>\n<tr>\n<td>Temperatura de almacenamiento<\/td>\n<td>-40 hasta +158 \u00b0F<\/td>\n<\/tr>\n<tr>\n<td>Temperatura de funcionamiento<\/td>\n<td>-4 hasta +122 \u00b0F<\/td>\n<\/tr>\n<tr>\n<td>Tipo de bater\u00eda<\/td>\n<td>Pila de bot\u00f3n LR44<\/td>\n<\/tr>\n<tr>\n<td>Duraci\u00f3n de la bater\u00eda<\/td>\n<td>80 horas<\/td>\n<\/tr>\n<tr>\n<td>Dimensiones<\/td>\n<td>5,7 x 1,5 x 7,7 pulgadas<\/td>\n<\/tr>\n<tr>\n<th colspan=\"2\">\n<h5>NTC<\/h5>\n<\/th>\n<\/tr>\n<tr>\n<td>Rango de medici\u00f3n<\/td>\n<td>-4 hasta +122 \u00b0F<\/td>\n<\/tr>\n<tr>\n<td>Exactitud<\/td>\n<td>\u00b10.9 \u00b0F (-4 a +212 \u00b0F)\u00b11.8 \u00b0F (-58 a -4.18 \u00b0F)\u00b11 % (+212.18 a +527 \u00b0F)<\/td>\n<\/tr>\n<tr>\n<td>Resoluci\u00f3n<\/td>\n<td>0.1 \u00b0F<\/td>\n<\/tr>\n<\/tbody>\n<\/table>\n<p>&nbsp;<\/p>\n","protected":false},"excerpt":{"rendered":"<p>El term\u00f3metro digital para alimentos testo 105 est\u00e1 dise\u00f1ado para medir la temperatura central de alimentos congelados y no congelados. Hay dos consejos disponibles : un consejo est\u00e1ndar para medios semis\u00f3lidos no congelados, o sea , carne, queso y jaleas y un mucho m\u00e1s largo de 7,8 pulgadas. propina (opcional) para alimentos congelados.<\/p>\n","protected":false},"featured_media":1687,"template":"","meta":[],"product_cat":[16],"product_tag":[],"class_list":["post-1678","product","type-product","status-publish","has-post-thumbnail","hentry","product_cat-uncategorized"],"_links":{"self":[{"href":"https:\/\/calibracion.com.mx\/tienda\/wp-json\/wp\/v2\/product\/1678","targetHints":{"allow":["GET"]}}],"collection":[{"href":"https:\/\/calibracion.com.mx\/tienda\/wp-json\/wp\/v2\/product"}],"about":[{"href":"https:\/\/calibracion.com.mx\/tienda\/wp-json\/wp\/v2\/types\/product"}],"wp:featuredmedia":[{"embeddable":true,"href":"https:\/\/calibracion.com.mx\/tienda\/wp-json\/wp\/v2\/media\/1687"}],"wp:attachment":[{"href":"https:\/\/calibracion.com.mx\/tienda\/wp-json\/wp\/v2\/media?parent=1678"}],"wp:term":[{"taxonomy":"product_cat","embeddable":true,"href":"https:\/\/calibracion.com.mx\/tienda\/wp-json\/wp\/v2\/product_cat?post=1678"},{"taxonomy":"product_tag","embeddable":true,"href":"https:\/\/calibracion.com.mx\/tienda\/wp-json\/wp\/v2\/product_tag?post=1678"}],"curies":[{"name":"wp","href":"https:\/\/api.w.org\/{rel}","templated":true}]}}