{"id":17,"date":"2023-08-08T03:13:28","date_gmt":"2023-08-08T03:13:28","guid":{"rendered":"https:\/\/calibracion.com.mx\/tienda\/?post_type=product&#038;p=17"},"modified":"2024-02-06T18:00:32","modified_gmt":"2024-02-06T18:00:32","slug":"elitech-gsp-6","status":"publish","type":"product","link":"https:\/\/calibracion.com.mx\/tienda\/elitech-gsp-6\/","title":{"rendered":"Medidor de Espesor de Placa Positector UTG"},"content":{"rendered":"<h5><strong>Caracteristicas primordiales :<\/strong><\/h5>\n<ul>\n<li>Para trabajos en interiores y exteriores, resitente salpicaduras de solvente , \u00e1cido, aceite, y polvo.<\/li>\n<li>Scan-A con ganancia ajustable y captura de pantalla. Scan-B que despliega una imagen similar a un corte transversal del material que se evalua.<\/li>\n<li>Compatible con distintas sondas opcionales, para realizar otros trabajos seleccione entre una variedad de sondas para diferentes apps<\/li>\n<li>Despliega en pantalla de forma continua la cantidad de lecturas, el promedio, la desviaci\u00f3n est\u00e1ndar, lecturas m\u00e1xima y m\u00ednima de una secuencia de pruebas.<\/li>\n<li>Exporte sus datos a la suite de datos PosiSoft Desktop o sincronicelos en la nube empleando PosiSoft.net donde obtendr\u00e1 opciones de reporteo y almacenanmiento auxiliares. Exporte datos a tabletas y celulares.<\/li>\n<li>Guarda cien ,000 lecturas en hasta 1,000 carpetitas. Transferencia de datos v\u00eda USB, WiFi y Bluetooth a una PC o lap top Produzca reportes facilmente de sus datos medidos en segundos. Grafica datos a el mismo instante con incorporacion de imagenes y notas al estudio desde la pantalla del aparato.<\/li>\n<\/ul>\n<h5><strong>Aplicaciones :<\/strong><\/h5>\n<ul>\n<li>Esta correcto para valorar grados de corrosion o erosion en tanques, tuberias y ductos o dem\u00e1s aplicaciones donde la medicion es posible unicamente desde el exterior o es alcanzable solo en un extremo de la pieza de trabajo.<\/li>\n<li>Equipo de acuerdo con las reglas internacionales ASTM E797.<\/li>\n<\/ul>\n<h5><strong>Especificaciones T\u00e9cnicas:<\/strong><\/h5>\n<ul>\n<li>Unidades de medici\u00f3n: Milimetros (mm) y pulgadas (mils).<\/li>\n<li>Resoluci\u00f3n: 0.01 mm ( 0001\u2033).<\/li>\n<li>Precisi\u00f3n: +\/\u2013 0.03 mm (+\/\u2013 0001\u2033).<\/li>\n<li>Condiciones de Operaci\u00f3n: Temperatura 0\u00b0 a 50\u00b0C.<\/li>\n<li>Rango: 1.00 to 125.00 mm (0.040\u2033 to 5000\u2033).<\/li>\n<\/ul>\n","protected":false},"excerpt":{"rendered":"<p>El PosiTector UTG es un Medidor Ultras\u00f3nico de espesor de pared con sonda para Corrosion que tiene la capacidad de medir de manera no destructora el espesor de paredes de materiales como acero, pl\u00e1stico y mucho m\u00e1s.<\/p>\n","protected":false},"featured_media":8259,"template":"","meta":[],"product_cat":[16],"product_tag":[],"class_list":["post-17","product","type-product","status-publish","has-post-thumbnail","hentry","product_cat-uncategorized"],"_links":{"self":[{"href":"https:\/\/calibracion.com.mx\/tienda\/wp-json\/wp\/v2\/product\/17","targetHints":{"allow":["GET"]}}],"collection":[{"href":"https:\/\/calibracion.com.mx\/tienda\/wp-json\/wp\/v2\/product"}],"about":[{"href":"https:\/\/calibracion.com.mx\/tienda\/wp-json\/wp\/v2\/types\/product"}],"wp:featuredmedia":[{"embeddable":true,"href":"https:\/\/calibracion.com.mx\/tienda\/wp-json\/wp\/v2\/media\/8259"}],"wp:attachment":[{"href":"https:\/\/calibracion.com.mx\/tienda\/wp-json\/wp\/v2\/media?parent=17"}],"wp:term":[{"taxonomy":"product_cat","embeddable":true,"href":"https:\/\/calibracion.com.mx\/tienda\/wp-json\/wp\/v2\/product_cat?post=17"},{"taxonomy":"product_tag","embeddable":true,"href":"https:\/\/calibracion.com.mx\/tienda\/wp-json\/wp\/v2\/product_tag?post=17"}],"curies":[{"name":"wp","href":"https:\/\/api.w.org\/{rel}","templated":true}]}}