{"id":1700,"date":"2023-11-10T15:23:38","date_gmt":"2023-11-10T15:23:38","guid":{"rendered":"https:\/\/calibracion.com.mx\/tienda\/?post_type=product&#038;p=1700"},"modified":"2023-11-10T15:23:39","modified_gmt":"2023-11-10T15:23:39","slug":"probador-de-aceite-de-cocina-testo-270-kit-0-40-tpm","status":"publish","type":"product","link":"https:\/\/calibracion.com.mx\/tienda\/probador-de-aceite-de-cocina-testo-270-kit-0-40-tpm\/","title":{"rendered":"probador de aceite de cocina testo 270-kit, 0-40% tpm"},"content":{"rendered":"<p>Optimice de forma confiable el uso de aceite de cocina para ahorrar costos y asegurar la protecci\u00f3n de la marca. El probador de aceite de cocina de forma f\u00e1cil , r\u00e1pida y confiable determina la calidad del aceite de cocina. Este probador de aceite de cocina destaca por su dise\u00f1o ergon\u00f3mico, que impide la Exposici\u00f3n de la mano al aceite ardiente.<br \/>\nLa alarma clara a trav\u00e9s de la pantalla retroiluminada a color hace que sea a\u00fan m\u00e1s f\u00e1cil valorar la calidad del aceite de cocina: verde significa que el contenido de TPM est\u00e1 bien. Naranja: el valor de TPM est\u00e1 en el l\u00edmite. Colorado : se super\u00f3 el l\u00edmite de TPM.<\/p>\n<p><strong>Funciones<\/strong><\/p>\n<ul>\n<li>Gran pantalla retroiluminada alumbrada y tambi\u00e9n indicaci\u00f3n de alarma visual LED.<\/li>\n<li>Funci\u00f3n de retenci\u00f3n y retenci\u00f3n autom\u00e1tica.<\/li>\n<li>Mango ergon\u00f3mico mejorado y dise\u00f1o robusto.<\/li>\n<li>F\u00e1cil de limpiar bajo agua corriente (IP65).<\/li>\n<li>Servicio de Alimentos.<\/li>\n<\/ul>\n<p><strong>Aplicaciones<\/strong><\/p>\n<ul>\n<li>Servicio de Alimentos.<\/li>\n<\/ul>\n<h4>Especificaciones del probador de aceite de cocina testo 270-Kit<\/h4>\n<table class=\"table table-striped\">\n<tbody>\n<tr>\n<td>Rango de medici\u00f3n de PTC<\/td>\n<td>+40 hasta +200\u00b0C<\/td>\n<\/tr>\n<tr>\n<td>Precisi\u00f3n de PTC<\/td>\n<td>\u00b11.5\u00b0F \/\u00b0C<\/td>\n<\/tr>\n<tr>\n<td>Resoluci\u00f3n PTC<\/td>\n<td>0.1 \u00b0F \/ \u00b0C<\/td>\n<\/tr>\n<tr>\n<td>Rango de medici\u00f3n TPM<\/td>\n<td>0,0 a 40,0% TPM<\/td>\n<\/tr>\n<tr>\n<td>Precisi\u00f3n de TPM<\/td>\n<td>\u00b12% TPM (104 a 374 \u00b0F) (+40 a +190 \u00b0C)<\/td>\n<\/tr>\n<tr>\n<td>Resoluci\u00f3n de TPM<\/td>\n<td>0.5% TPM (104 a 374\u00b0F) (+40 a +190\u00b0C)<\/td>\n<\/tr>\n<tr>\n<td>Temperatura de almacenamiento<\/td>\n<td>-20 hasta +70\u00b0C<\/td>\n<\/tr>\n<tr>\n<td>Temperatura de funcionamiento<\/td>\n<td>De 0 a +50\u00b0C<\/td>\n<\/tr>\n<tr>\n<td>Tipo de bater\u00eda<\/td>\n<td>2 pilas AAA<\/td>\n<\/tr>\n<tr>\n<td>Duraci\u00f3n de la bater\u00eda<\/td>\n<td>Aprox. 25 h de funcionamiento continuo (corresponde a aprox. 500 mediciones)<\/td>\n<\/tr>\n<tr>\n<td>Dimensiones<\/td>\n<td>2 x 6,5 x 12\u2033 (50 x 170 x 300 mm)<\/td>\n<\/tr>\n<\/tbody>\n<\/table>\n","protected":false},"excerpt":{"rendered":"<p>Optimice de forma confiable el uso de aceite de cocina para ahorrar costos y asegurar la protecci\u00f3n de la marca. El probador de aceite de cocina de forma f\u00e1cil , r\u00e1pida y confiable determina la calidad del aceite de cocina, este probador de aceite de cocina destaca por su dise\u00f1o ergon\u00f3mico.<\/p>\n","protected":false},"featured_media":1703,"template":"","meta":[],"product_cat":[16],"product_tag":[],"class_list":["post-1700","product","type-product","status-publish","has-post-thumbnail","hentry","product_cat-uncategorized"],"_links":{"self":[{"href":"https:\/\/calibracion.com.mx\/tienda\/wp-json\/wp\/v2\/product\/1700","targetHints":{"allow":["GET"]}}],"collection":[{"href":"https:\/\/calibracion.com.mx\/tienda\/wp-json\/wp\/v2\/product"}],"about":[{"href":"https:\/\/calibracion.com.mx\/tienda\/wp-json\/wp\/v2\/types\/product"}],"wp:featuredmedia":[{"embeddable":true,"href":"https:\/\/calibracion.com.mx\/tienda\/wp-json\/wp\/v2\/media\/1703"}],"wp:attachment":[{"href":"https:\/\/calibracion.com.mx\/tienda\/wp-json\/wp\/v2\/media?parent=1700"}],"wp:term":[{"taxonomy":"product_cat","embeddable":true,"href":"https:\/\/calibracion.com.mx\/tienda\/wp-json\/wp\/v2\/product_cat?post=1700"},{"taxonomy":"product_tag","embeddable":true,"href":"https:\/\/calibracion.com.mx\/tienda\/wp-json\/wp\/v2\/product_tag?post=1700"}],"curies":[{"name":"wp","href":"https:\/\/api.w.org\/{rel}","templated":true}]}}