{"id":1706,"date":"2023-11-10T15:29:49","date_gmt":"2023-11-10T15:29:49","guid":{"rendered":"https:\/\/calibracion.com.mx\/tienda\/?post_type=product&#038;p=1706"},"modified":"2023-11-10T15:29:50","modified_gmt":"2023-11-10T15:29:50","slug":"termometro-testo-110-ntc","status":"publish","type":"product","link":"https:\/\/calibracion.com.mx\/tienda\/termometro-testo-110-ntc\/","title":{"rendered":"Term\u00f3metro testo 110 NTC"},"content":{"rendered":"<p>Menos 20 grados cent\u00edgrados es lo que la mayor\u00eda de nosotros llamar\u00edamos realmente fr\u00edo. Pero para otros es solo una parte normal de sus vidas laborales. El medidor de temperatura testo 110 da a estas personas un medio incre\u00edblemente exacto para hacer mediciones de temperatura a temperaturas incre\u00edblemente bajas. Ideal para su empleo en exteriores y en c\u00e1maras frigor\u00edficas.<\/p>\n<p><strong>Caracter\u00edsticas de testo 110<\/strong><\/p>\n<ul>\n<li>Precisi\u00f3n donde puede confiar, aun a temperaturas baj\u00edsimas , gracias a la tecnolog\u00eda NTC: c\u00e1maras frigor\u00edficas, guardes frigor\u00edficos , al aire libre, solo algunos de los lugares en los que puede contar con el Testo 110 para darle desenlaces precisos y fiables.<\/li>\n<li>Especificaciones especiales : gran pantalla de dos l\u00edneas; umbrales establecidos por el usuario; notificaciones de alarma sonoras cuando se sobrepasan los umbrales; reconocimiento de valor m\u00ednimo\/m\u00e1ximo; Retenci\u00f3n autom\u00e1tica.<\/li>\n<li>Extensa selecci\u00f3n de sensores NTC opcionales para satisfacer sus necesidades particulares : incluye una extensa variedad de sensores de alimentos, esto es , alimentos congelados, sensores de sonda\/inmersi\u00f3n, sensores de \u00e1rea.<\/li>\n<\/ul>\n<h4>Testo 110 Datos t\u00e9cnicos<\/h4>\n<table class=\"table table-striped\">\n<tbody>\n<tr>\n<td>Temperatura de almacenamiento<\/td>\n<td>-40 hasta +160 \u00b0F<\/td>\n<\/tr>\n<tr>\n<td>Temperatura de funcionamiento<\/td>\n<td>-4 hasta +120 \u00b0F<\/td>\n<\/tr>\n<tr>\n<td>Tipo de bater\u00eda<\/td>\n<td>Bater\u00eda de 9V<\/td>\n<\/tr>\n<tr>\n<td>Dimensiones<\/td>\n<td>7 x 2,5 x 1,5 pulgadas<\/td>\n<\/tr>\n<tr>\n<td>Material de la carcasa<\/td>\n<td>ABS<\/td>\n<\/tr>\n<tr>\n<th colspan=\"2\">\n<h5>NTC<\/h5>\n<\/th>\n<\/tr>\n<tr>\n<td>Rango de medici\u00f3n<\/td>\n<td>-58 hasta +300 \u00b0F<\/td>\n<\/tr>\n<tr>\n<td>Exactitud<\/td>\n<td>\u00b10.4 \u00b0F (-4 a +180 \u00b0F)\u00b10.5 \u00b0F (rango restante)<\/td>\n<\/tr>\n<tr>\n<td>Resoluci\u00f3n<\/td>\n<td>0.1 \u00b0F<\/td>\n<\/tr>\n<\/tbody>\n<\/table>\n","protected":false},"excerpt":{"rendered":"<p>Menos 20 grados cent\u00edgrados es lo que la mayor\u00eda de nosotros llamar\u00edamos realmente fr\u00edo. Pero para otros es solo una parte normal de sus vidas laborales. El medidor de temperatura testo 110 da a estas personas un medio incre\u00edblemente exacto para hacer mediciones de temperatura a temperaturas incre\u00edblemente bajas.<\/p>\n","protected":false},"featured_media":1707,"template":"","meta":[],"product_cat":[16],"product_tag":[],"class_list":["post-1706","product","type-product","status-publish","has-post-thumbnail","hentry","product_cat-uncategorized"],"_links":{"self":[{"href":"https:\/\/calibracion.com.mx\/tienda\/wp-json\/wp\/v2\/product\/1706","targetHints":{"allow":["GET"]}}],"collection":[{"href":"https:\/\/calibracion.com.mx\/tienda\/wp-json\/wp\/v2\/product"}],"about":[{"href":"https:\/\/calibracion.com.mx\/tienda\/wp-json\/wp\/v2\/types\/product"}],"wp:featuredmedia":[{"embeddable":true,"href":"https:\/\/calibracion.com.mx\/tienda\/wp-json\/wp\/v2\/media\/1707"}],"wp:attachment":[{"href":"https:\/\/calibracion.com.mx\/tienda\/wp-json\/wp\/v2\/media?parent=1706"}],"wp:term":[{"taxonomy":"product_cat","embeddable":true,"href":"https:\/\/calibracion.com.mx\/tienda\/wp-json\/wp\/v2\/product_cat?post=1706"},{"taxonomy":"product_tag","embeddable":true,"href":"https:\/\/calibracion.com.mx\/tienda\/wp-json\/wp\/v2\/product_tag?post=1706"}],"curies":[{"name":"wp","href":"https:\/\/api.w.org\/{rel}","templated":true}]}}