{"id":1794,"date":"2023-11-10T19:57:11","date_gmt":"2023-11-10T19:57:11","guid":{"rendered":"https:\/\/calibracion.com.mx\/tienda\/?post_type=product&#038;p=1794"},"modified":"2023-11-10T19:57:12","modified_gmt":"2023-11-10T19:57:12","slug":"set-lux-testo-440","status":"publish","type":"product","link":"https:\/\/calibracion.com.mx\/tienda\/set-lux-testo-440\/","title":{"rendered":"Set lux testo 440"},"content":{"rendered":"<p>Set para medir la intensidad lum\u00ednica en lugares de trabajo, por ejemplo , en la oficina o en la producci\u00f3n. El medidor para climatizaci\u00f3n testo 440 y una sonda lux se entregan en un malet\u00edn seguro.\u00a1De esta manera puede empezar directamente con su trabajo!<\/p>\n<h3>Funciones<\/h3>\n<ul>\n<li>Deducible : Men\u00fas de medici\u00f3n claramente estructurados para mediciones a largo plazo tal como la opini\u00f3n de la intensidad luminosa seg\u00fan la curva V-Lambda, por eso es apto para todas y cada una de las fuentes de luz comunes.<\/li>\n<li>Exacto : Exactitud de conformidad con la regla DIN EN 13032-1 y clase C seg\u00fan la regla DIN 5032-7.<\/li>\n<li>C\u00f3modo: \u00e1rea de apoyo antideslizante para sondas para un posicionamiento c\u00f3modo en el sitio de medici\u00f3n, memoria interna y puerto USB para la exportaci\u00f3n de datos.<\/li>\n<li>Tan vers\u00e1til como sus desaf\u00edos : El medidor para climatizaci\u00f3n puede ampliarse a trav\u00e9s de una gran gama de sondas digitales.<\/li>\n<\/ul>\n<h3>Aplicaciones<\/h3>\n<div class=\"large-12\">\n<div class=\"medium-6\">\n<div class=\"m-paragraph\"><strong>Monitorizaci\u00f3n a largo plazo de la calidad del aire interior<\/strong><\/div>\n<div>La baja calidad del aire en interiores a causa una alta concentraci\u00f3n de CO2 genera cansancio, falta de concentraci\u00f3n e incluso puede ocasionar enfermedades. El medidor para climatizaci\u00f3n testo 440 es perfecto para la supervisi\u00f3n de la calidad del aire interior con su men\u00fa para registrar los valores medidos. Introduzca la hora y el per\u00edodo de medici\u00f3n y, por ejemplo , prosiga el cambio de la concentraci\u00f3n de CO2 o los valores de humedad y temperatura en el historial diario. Simplemente escoja entre sondas con Bluetooth o con cable fijo para CO2, CO o humedad (pedir las sondas por separado ).<\/div>\n<div>\n<h3 class=\"s4 title\">Medici\u00f3n del grado de turbulencia seg\u00fan EN ISO 7730 \/ ASHRAE 55<\/h3>\n<p>C\u00e1lculo del grado de turbulencia y peligro de corrientes de aire en el lugar de trabajo: Las corrientes de aire limitan el nivel de confort y representan el motivo m\u00e1s recurrente de quejas sobre las propiedades del ambiente. La sonda de nivel de turbulencia (pedir separadamente ) mide la agilidad y la temperatura del aire y calcula autom\u00e1ticamente el peligro de corrientes de aire y el nivel de turbulencia seg\u00fan EN ISO 7730\/ASHRAE 55.<br \/>\nPara realizar mediciones c\u00f3modas en distintas alturas aconsejamos la utilizaci\u00f3n de nuestro tr\u00edpode para mediciones del nivel de confort (solicitar separadamente ). De esta manera , el posicionamiento conforme a la regla de las sondas de nivel de turbulencia es en especial simple.<\/p>\n<h3 class=\"s4 title\">Confort y m\u00e1xima flexibilidad para mediciones en canales y salidas de aire<\/h3>\n<p>Con nuestra enorme oferta de sondas de velocidad (pedir separadamente ) tambi\u00e9n es posible medir de forma c\u00f3moda en lugares de dif\u00edcil acceso en canales de ventilaci\u00f3n o en salidas de aire:<br \/>\nIncluso en canales de gran tama\u00f1o es posible realizar mediciones de forma c\u00f3moda. En este caso , el brazo telesc\u00f3pico extensible de la sonda de hilo caliente y de molinete (\u00d8 16 mm) con empu\u00f1adura universal puede alargarse complementariamente con la extensi\u00f3n del telescopio alcanzando una longitud total de 2 metros.<br \/>\nTambi\u00e9n es posible ejecutar mediciones en las salidas de aire\/salidas de techo sin adversidades y sin necesidad de escaleras. Equipe su sonda de molinete (\u00d8 100 mm) con el telescopio con \u00e1ngulo de 90\u00b0 y, si es requisito , con la extensi\u00f3n del telescopio (pedir separadamente ).<br \/>\nMucho m\u00e1s independencia merced a Bluetooth: Las sondas de velocidad con Bluetooth no tienen una conexi\u00f3n de cable molesta hacia el analizador y transmiten valores medidos hasta una distancia de 20 m. El analizador se maneja activando la tecla en la sonda, por servirnos de un ejemplo , para comenzar y detener una sucesi\u00f3n de medici\u00f3n (generaci\u00f3n temporal del valor medio).<br \/>\nSostenga el medidor para climatizaci\u00f3n testo 440 sin complicaciones a las superficies met\u00e1licas con los pr\u00e1cticos imanes (p. ej. en canales de flujo ).<br \/>\nAproveche el c\u00e1lculo r\u00e1pido del caudal volum\u00e9trico: En el men\u00fa de medici\u00f3n \u201cCaudal volum\u00e9trico\u201d del medidor multifuncional es viable configurar la dimensi\u00f3n y la geometr\u00eda de la secci\u00f3n del canal; el analizador le se\u00f1ala directamente el caudal volum\u00e9trico.<\/p>\n<p>&nbsp;<\/p>\n<h3 class=\"s4 title\">Gama de sondas para salas blancas y laboratorios<\/h3>\n<p>El instrumento para climatizaci\u00f3n testo 440 asimismo es perfecto para diversas aplicaciones en salas blancas y en el laboratorio en combinaci\u00f3n con las siguientes sondas:<\/p>\n<ul>\n<li>Precisa medici\u00f3n de agilidad en la campana de laboratorio con la sonda de campana de laboratorio.<\/li>\n<li>Utilice la sonda de temperatura digital de alta precisi\u00f3n Pt100, por ejemplo para mediciones de comparaci\u00f3n de precisi\u00f3n en el laboratorio de medici\u00f3n , mediciones de temperatura en el laboratorio qu\u00edmico o en la industria cosm\u00e9tica de este modo como para determinar la distribuci\u00f3n de temperatura en refrigeradores y armarios de climatizaci\u00f3n.<\/li>\n<li>La sonda de molinete de alta precisi\u00f3n (\u00d8 cien mm) es ideal para ejecutar mediciones de flujo laminar en salas blancas gracias a la baja agilidad de arranque de 0,1 m\/s.<\/li>\n<li>Disponible opcionalmente con Bluetooth o cable fijo.<\/li>\n<li>Para medir la humedad en las salas blancas aconsejamos la sonda de temperatura y humedad de alta precisi\u00f3n (0636 9771 o 0636 9772). Con la exactitud : \u00b1(0,6 %HR + 0,7 % del v.m.) (0 \u2026 90 %HR) tambi\u00e9n cumple con las exigencias expuestas a las mediciones de humedad en esta zona tan sensible.<\/li>\n<\/ul>\n<p>&nbsp;<\/p>\n<\/div>\n<\/div>\n<\/div>\n","protected":false},"excerpt":{"rendered":"<p>Set para medir la intensidad lum\u00ednica en lugares de trabajo, por ejemplo , en la oficina o en la producci\u00f3n. El medidor para climatizaci\u00f3n testo 440 y una sonda lux se entregan en un malet\u00edn seguro.\u00a1De esta manera puede empezar directamente con su trabajo!<\/p>\n","protected":false},"featured_media":1800,"template":"","meta":[],"product_cat":[16],"product_tag":[],"class_list":["post-1794","product","type-product","status-publish","has-post-thumbnail","hentry","product_cat-uncategorized"],"_links":{"self":[{"href":"https:\/\/calibracion.com.mx\/tienda\/wp-json\/wp\/v2\/product\/1794","targetHints":{"allow":["GET"]}}],"collection":[{"href":"https:\/\/calibracion.com.mx\/tienda\/wp-json\/wp\/v2\/product"}],"about":[{"href":"https:\/\/calibracion.com.mx\/tienda\/wp-json\/wp\/v2\/types\/product"}],"wp:featuredmedia":[{"embeddable":true,"href":"https:\/\/calibracion.com.mx\/tienda\/wp-json\/wp\/v2\/media\/1800"}],"wp:attachment":[{"href":"https:\/\/calibracion.com.mx\/tienda\/wp-json\/wp\/v2\/media?parent=1794"}],"wp:term":[{"taxonomy":"product_cat","embeddable":true,"href":"https:\/\/calibracion.com.mx\/tienda\/wp-json\/wp\/v2\/product_cat?post=1794"},{"taxonomy":"product_tag","embeddable":true,"href":"https:\/\/calibracion.com.mx\/tienda\/wp-json\/wp\/v2\/product_tag?post=1794"}],"curies":[{"name":"wp","href":"https:\/\/api.w.org\/{rel}","templated":true}]}}