{"id":1832,"date":"2023-11-10T20:49:14","date_gmt":"2023-11-10T20:49:14","guid":{"rendered":"https:\/\/calibracion.com.mx\/tienda\/?post_type=product&#038;p=1832"},"modified":"2023-11-10T20:49:15","modified_gmt":"2023-11-10T20:49:15","slug":"set-de-co%e2%82%82-testo-440-con-bluetooth","status":"publish","type":"product","link":"https:\/\/calibracion.com.mx\/tienda\/set-de-co%e2%82%82-testo-440-con-bluetooth\/","title":{"rendered":"set de co\u2082 testo 440 con bluetooth"},"content":{"rendered":"<p>Set para la opini\u00f3n de la calidad del aire interior (Indoor Air Quality). El medidor para climatizaci\u00f3n testo 440 y la sonda de CO2 con Bluetooth\u00ae incl. sensor de humedad y temperatura se entregan en un malet\u00edn seguro. \u00a1De esta manera puede empezar directamente con su trabajo!<\/p>\n<ul>\n<li>C\u00f3modo: Sonda inal\u00e1mbrica, memoria interna y puerto USB para la exportaci\u00f3n de datos.<\/li>\n<li>Tan polivalente como sus desaf\u00edos : El medidor para climatizaci\u00f3n puede ampliarse mediante una enorme gama de sondas digitales.<\/li>\n<li>Exacto : Compensaci\u00f3n de presi\u00f3n absoluta, c\u00e1lculo de la temperatura de bulbo h\u00famedo, punto de roc\u00edo y humedad absoluta.<\/li>\n<li>Intuitivo : Men\u00fa de medici\u00f3n claramente estructurado para mediciones en un largo plazo de esta manera para la determinaci\u00f3n paralela de la concentraci\u00f3n de CO\u2082 humedad y temperatura ambiente en interiores.<\/li>\n<\/ul>\n<h3>Volumen de suministro<\/h3>\n<ul>\n<li>Medidor para climatizaci\u00f3n testo 440, 3 pilas del tipo AA, cable USB y protocolo de calibraci\u00f3n (0560 4401).<\/li>\n<li>Sonda de CO2 con Bluetooth\u00ae incl. sensor de humedad y temperatura (compuesta de un cabezal de la sonda CO2 y empu\u00f1adura Bluetooth\u00ae); 4 pilas AA, soporte de mesa y protocolo de calibraci\u00f3n (0632 1551).<\/li>\n<li>Malet\u00edn b\u00e1sico para el testo 440 y 1 sonda.<\/li>\n<li>*No utilizar la sonda en atm\u00f3sferas con condensaci\u00f3n. Para la utilizaci\u00f3n continuo en rangos de alta humedad &gt; 80 %HR a \u2264 30 \u00b0C por &gt; 12 h &gt; 60 %HR a &gt; 30 \u00b0C por &gt; 12 h dir\u00edjase al servicio t\u00e9cnico de Testo o p\u00f3ngase en contacto con nosotros a trav\u00e9s del sitio web.<\/li>\n<\/ul>\n<h3>Aplicaciones<\/h3>\n<h3 class=\"s4 title\">Monitorizaci\u00f3n a largo plazo de la calidad del aire interior<\/h3>\n<div class=\"m-paragraph\">La mala calidad del aire en interiores a causa una alta concentraci\u00f3n de CO2 produce cansancio, falta de concentraci\u00f3n e inclusive puede provocar enfermedades. El medidor para climatizaci\u00f3n testo 440 es perfecto para la supervisi\u00f3n de la calidad del aire interior con su men\u00fa para registrar los valores medidos. Introduzca la hora y el per\u00edodo de medici\u00f3n y, por poner un ejemplo , siga el cambio de la concentraci\u00f3n de CO2 o los valores de humedad y temperatura en el historial per\u00edodico. Sencillamente seleccione entre sondas con Bluetooth o con cable fijo para CO2, CO o humedad (no incluido en el equipo , pedir las sondas por separado ).<\/div>\n<div>\n<h3 class=\"s4 title\">Medici\u00f3n del grado de turbulencia seg\u00fan EN ISO 7730 \/ ASHRAE 55<\/h3>\n<p>Con nuestra gran oferta de sondas de velocidad (solicitar separadamente ) tambi\u00e9n es posible medir de manera c\u00f3moda en sitios de bien dif\u00edcil ingreso en canales de ventilaci\u00f3n o en salidas de aire:<br \/>\nAun en canales de importante tama\u00f1o es posible realizar mediciones de forma c\u00f3moda. En un caso as\u00ed , el brazo telesc\u00f3pico extensible de la sonda de hilo caliente y de molinete (\u00d8 16 mm) con empu\u00f1adura universal puede alargarse complementariamente con la extensi\u00f3n del telescopio alcanzando una longitud total de 2 metros.<br \/>\nAsimismo es viable realizar mediciones en las salidas de aire\/salidas de techo sin complicaciones y sin precisar escaleras. Equipe su sonda de molinete (\u00d8 100 mm) con el telescopio con \u00e1ngulo de 90\u00b0 y, si es necesario , con la extensi\u00f3n del telescopio (pedir por separado ).<br \/>\nMucho m\u00e1s independencia merced a Bluetooth: Las sondas de agilidad con Bluetooth no tienen una conexi\u00f3n de cable molesta hacia el analizador y emiten valores medidos hasta una distancia de 20 m. El analizador se maneja accionando la tecla en la sonda, por poner un ejemplo , para comenzar y detener una sucesi\u00f3n de medici\u00f3n (generaci\u00f3n temporal del valor medio).<br \/>\nSujete el medidor para climatizaci\u00f3n testo 440 sin complicaciones a las superficies met\u00e1licas con los pr\u00e1cticos imanes (p. ej. en canales de flujo ).<br \/>\nAproveche el c\u00e1lculo r\u00e1pido del caudal volum\u00e9trico: En el men\u00fa de medici\u00f3n \u201cCaudal volum\u00e9trico\u201d del medidor multifuncional es posible modificar la dimensi\u00f3n y la geometr\u00eda de la secci\u00f3n del canal; el analizador le indica de forma directa el caudal volum\u00e9trico.<\/p>\n<\/div>\n<div>\n<h3 class=\"s4 title\">Gama de sondas para salas blancas y laboratorios<\/h3>\n<\/div>\n<div>El instrumento para climatizaci\u00f3n testo\u00a0440 tambi\u00e9n es ideal para diversas aplicaciones en salas blancas y en el laboratorio en combinaci\u00f3n con las siguientes sondas:<\/div>\n<div><\/div>\n<ul>\n<li>Precisa medici\u00f3n de agilidad en la campana de laboratorio con la sonda de campana de laboratorio.<\/li>\n<li>La sonda de molinete de alta precisi\u00f3n (\u00d8 100 mm) es perfecto para ejecutar mediciones de flujo laminar en salas blancas merced a la baja velocidad de arranque de 0,1 m\/s. Disponible opcionalmente con Bluetooth o cable fijo.<\/li>\n<li>Para medir la humedad en las salas blancas aconsejamos la sonda de temperatura y humedad de alta precisi\u00f3n (0636 9771 o 0636 9772). Con la exactitud : \u00b1(0,6 %HR + 0,7 % del v.m.) (0 \u2026 90 %HR) asimismo cumple con las demandas expuestas a las mediciones de humedad en esta regi\u00f3n tan sensible.<\/li>\n<li>Utilice la sonda de temperatura digital de alta precisi\u00f3n Pt100, por ejemplo para mediciones de comparaci\u00f3n de precisi\u00f3n en el laboratorio de medici\u00f3n , mediciones de temperatura en el laboratorio qu\u00edmico o en la industria cosm\u00e9tica de esta manera para saber la distribuci\u00f3n de temperatura en refrigeradores y armarios de climatizaci\u00f3n.<\/li>\n<\/ul>\n<div><\/div>\n","protected":false},"excerpt":{"rendered":"<p>Set para la opini\u00f3n de la calidad del aire interior (Indoor Air Quality). El medidor para climatizaci\u00f3n testo 440 y la sonda de CO2 con Bluetooth\u00ae incl. sensor de humedad y temperatura se entregan en un malet\u00edn seguro. \u00a1De esta manera puede empezar directamente con su trabajo!<\/p>\n","protected":false},"featured_media":1837,"template":"","meta":[],"product_cat":[16],"product_tag":[],"class_list":["post-1832","product","type-product","status-publish","has-post-thumbnail","hentry","product_cat-uncategorized"],"_links":{"self":[{"href":"https:\/\/calibracion.com.mx\/tienda\/wp-json\/wp\/v2\/product\/1832","targetHints":{"allow":["GET"]}}],"collection":[{"href":"https:\/\/calibracion.com.mx\/tienda\/wp-json\/wp\/v2\/product"}],"about":[{"href":"https:\/\/calibracion.com.mx\/tienda\/wp-json\/wp\/v2\/types\/product"}],"wp:featuredmedia":[{"embeddable":true,"href":"https:\/\/calibracion.com.mx\/tienda\/wp-json\/wp\/v2\/media\/1837"}],"wp:attachment":[{"href":"https:\/\/calibracion.com.mx\/tienda\/wp-json\/wp\/v2\/media?parent=1832"}],"wp:term":[{"taxonomy":"product_cat","embeddable":true,"href":"https:\/\/calibracion.com.mx\/tienda\/wp-json\/wp\/v2\/product_cat?post=1832"},{"taxonomy":"product_tag","embeddable":true,"href":"https:\/\/calibracion.com.mx\/tienda\/wp-json\/wp\/v2\/product_tag?post=1832"}],"curies":[{"name":"wp","href":"https:\/\/api.w.org\/{rel}","templated":true}]}}