{"id":1838,"date":"2023-11-10T21:01:46","date_gmt":"2023-11-10T21:01:46","guid":{"rendered":"https:\/\/calibracion.com.mx\/tienda\/?post_type=product&#038;p=1838"},"modified":"2023-11-10T21:01:47","modified_gmt":"2023-11-10T21:01:47","slug":"set-para-el-nivel-de-confort-testo-400-con-tripode","status":"publish","type":"product","link":"https:\/\/calibracion.com.mx\/tienda\/set-para-el-nivel-de-confort-testo-400-con-tripode\/","title":{"rendered":"set para el nivel de confort testo 400 con tr\u00edpode"},"content":{"rendered":"<p>Equipo ideal para profesionales de la climatizaci\u00f3n con \u00e9nfasis en la calidad del aire interior y el nivel de confort. Conseguir\u00e1 el medidor para climatizaci\u00f3n universal testo 400 con men\u00fas de medici\u00f3n intuitivos, una sonda de CO\u2082 (con empu\u00f1adura Bluetooth\u00ae), una sonda de nivel de turbulencia y un term\u00f3metro de globo \u00d8 150 mm (ambos con un cable conectado fijamente). Utilice el tr\u00edpode de medici\u00f3n para el posicionamiento de conformidad con las normativas de las sondas. Las mediciones en un largo plazo de hasta 2 semanas pueden grabarse con el registrador de datos IAQ, el cual puede pedirse por separado , sin el medidor para climatizaci\u00f3n.<\/p>\n<ul>\n<li>C\u00e1lculo conforme a las normativas del nivel de confort: PMV y PPD as\u00ed como la corriente de aire y el grado de turbulencia seg\u00fan EN ISO 7730 y ASHRAE 55.<\/li>\n<li>En el equipo : Medidor para climatizaci\u00f3n universal testo 400, sonda de CO2 (con empu\u00f1adura Bluetooth\u00ae), sonda de nivel de turbulencia con cable, term\u00f3metro de globo (\u00d8 150 mm) con cable, tr\u00edpode de medici\u00f3n con bolsa, malet\u00edn.<\/li>\n<li>Supervisi\u00f3n de la calidad del aire interior: C\u00e1lculo de la concentraci\u00f3n de CO2, humedad ambiental, temperatura ambiente y nivel de turbulencia en el lugar de trabajo, incl. medici\u00f3n a largo plazo.<\/li>\n<li>Programas de medici\u00f3n inteligentes e intuitivos, finalizaci\u00f3n de la medici\u00f3n con documentaci\u00f3n completa de forma directa en las instalaciones del cliente o opini\u00f3n con el programa de administraci\u00f3n de datos de medici\u00f3n y an\u00e1lisis testo DataControl.<\/li>\n<\/ul>\n<h3>Volumen de suministro<\/h3>\n<ul>\n<li>Medidor para climatizaci\u00f3n universal testo 400, mangueras de silicona, fuente de nutrici\u00f3n con cable USB, protocolo de medici\u00f3n , manual de normas (0560 0400).<\/li>\n<li>Sonda de CO2 con Bluetooth\u00ae incl. sensor de humedad y temperatura (compuesto por un cabezal de la sonda de CO2 y empu\u00f1adura Bluetooth\u00ae), 4 pilas AA, soporte de mesa y protocolo de calibraci\u00f3n (0632 1551) No emplear la sonda en atm\u00f3sferas con condensaci\u00f3n. Para el uso continuo en rangos de alta humedad.<br \/>\n&gt; 80 %HR a \u2264 30 \u00b0C por &gt; 12 h<br \/>\n&gt; 60 %HR a &gt; 30 \u00b0C por &gt; 12 h<\/li>\n<li>Dir\u00edjase al servicio t\u00e9cnico de Testo o p\u00f3ngase en contacto con nosotros a trav\u00e9s del p\u00e1gina web de Testo.<\/li>\n<li>Sonda de grado de turbulencia con cable fijo y protocolo de calibraci\u00f3n (0628 0152).<\/li>\n<li>Term\u00f3metro de globo (\u00d8 150 mm, TP tipo K) con cable fijo (0602 0743).<\/li>\n<li>Tr\u00edpode de medici\u00f3n del nivel de confort conformado por un soporte de mesa plegable, barra de uni\u00f3n , elemento de fijaci\u00f3n para<br \/>\nel analizador manual, 4 soportes para sondas, incl. bolsa (0554 1591).<\/li>\n<li>Malet\u00edn de transporte para la medici\u00f3n del nivel de confort (0516 2400).<\/li>\n<\/ul>\n<h3>Aplicaciones<\/h3>\n<h3 class=\"s4 title\">Ideal para mediciones relacionadas con las instalaciones de sistemas de climatizaci\u00f3n y ventilaci\u00f3n<\/h3>\n<p>Sensor de presi\u00f3n diferencial integrado , altamente preciso e independiente de la localizaci\u00f3n , programas de medici\u00f3n capaces e intuitivos para mediciones de climatizaci\u00f3n seg\u00fan las normativas, creaci\u00f3n de documentaci\u00f3n in situ, env\u00edo de protocolos por mail , diferentes opciones de combinaci\u00f3n con sondas para climatizaci\u00f3n.<\/p>\n<h3 class=\"s4 title\">Mediciones en el sector de climatizaci\u00f3n y ventilaci\u00f3n<\/h3>\n<p>Combine su medidor para climatizaci\u00f3n de Testo individualmente con sondas de climatizaci\u00f3n y accesorios para su aplicaci\u00f3n.<br \/>\nCon los art\u00edculos correctos va a poder administrar todas las aplicaciones de climatizaci\u00f3n:<\/p>\n<ul>\n<li>Medici\u00f3n del nivel de confort: Medici\u00f3n de la calidad del aire interior o nivel de turbulencia seg\u00fan EN ISO 7730 y ASHRAE 55, medici\u00f3n NET seg\u00fan DIN 33403, PMV\/PPD seg\u00fan EN ISO 7730 y ASHRAE 55, medici\u00f3n WBGT de conformidad con DIN 33403 y EN ISO 7243.<\/li>\n<li>Mediciones en laboratorios y salas blancas: Medici\u00f3n de caudal en la campana de laboratorio seg\u00fan DIN EN 14175-3\/-4, medici\u00f3n de presi\u00f3n diferencial y mediciones del flujo laminar en salas blancas, mediciones de humedad en salas blancas.<\/li>\n<li>Medici\u00f3n de caudal volum\u00e9trico: Medici\u00f3n de caudal en canales, salidas y filtros seg\u00fan EN ISO 12599 y ASHRAE 111.<\/li>\n<\/ul>\n<p>&nbsp;<\/p>\n","protected":false},"excerpt":{"rendered":"<p>Equipo ideal para profesionales de la climatizaci\u00f3n con \u00e9nfasis en la calidad del aire interior y el nivel de confort. Conseguir\u00e1 el medidor para climatizaci\u00f3n universal testo 400 con men\u00fas de medici\u00f3n intuitivos, una sonda de CO\u2082 (con empu\u00f1adura Bluetooth\u00ae), una sonda de nivel de turbulencia y un term\u00f3metro de globo \u00d8 150 mm.<\/p>\n","protected":false},"featured_media":1841,"template":"","meta":[],"product_cat":[16],"product_tag":[],"class_list":["post-1838","product","type-product","status-publish","has-post-thumbnail","hentry","product_cat-uncategorized"],"_links":{"self":[{"href":"https:\/\/calibracion.com.mx\/tienda\/wp-json\/wp\/v2\/product\/1838","targetHints":{"allow":["GET"]}}],"collection":[{"href":"https:\/\/calibracion.com.mx\/tienda\/wp-json\/wp\/v2\/product"}],"about":[{"href":"https:\/\/calibracion.com.mx\/tienda\/wp-json\/wp\/v2\/types\/product"}],"wp:featuredmedia":[{"embeddable":true,"href":"https:\/\/calibracion.com.mx\/tienda\/wp-json\/wp\/v2\/media\/1841"}],"wp:attachment":[{"href":"https:\/\/calibracion.com.mx\/tienda\/wp-json\/wp\/v2\/media?parent=1838"}],"wp:term":[{"taxonomy":"product_cat","embeddable":true,"href":"https:\/\/calibracion.com.mx\/tienda\/wp-json\/wp\/v2\/product_cat?post=1838"},{"taxonomy":"product_tag","embeddable":true,"href":"https:\/\/calibracion.com.mx\/tienda\/wp-json\/wp\/v2\/product_tag?post=1838"}],"curies":[{"name":"wp","href":"https:\/\/api.w.org\/{rel}","templated":true}]}}