{"id":1853,"date":"2023-11-14T14:48:04","date_gmt":"2023-11-14T14:48:04","guid":{"rendered":"https:\/\/calibracion.com.mx\/tienda\/?post_type=product&#038;p=1853"},"modified":"2023-11-14T14:48:05","modified_gmt":"2023-11-14T14:48:05","slug":"mitutoyo-422-412-20-digital-absolute-quickmike-blade-micrometer-25-a-55-mm-metrico","status":"publish","type":"product","link":"https:\/\/calibracion.com.mx\/tienda\/mitutoyo-422-412-20-digital-absolute-quickmike-blade-micrometer-25-a-55-mm-metrico\/","title":{"rendered":"Mitutoyo 422-412-20 digital absolute quickmike blade micrometer, 25 a 55 mm, m\u00e9trico."},"content":{"rendered":"<p><b>Funciones<\/b><strong>:<\/strong><\/p>\n<ul>\n<li>Protecci\u00f3n IP54 contra el polvo y el agua.<\/li>\n<li>Barra est\u00e1ndar para establecer el punto de origen.<\/li>\n<li>Avance r\u00e1pido del husillo de 0,39\u2033 (10 mm) por revoluciones.<\/li>\n<li>Husillo no giratorio y dedal de fricci\u00f3n de trinquete.<\/li>\n<li>La escala lineal absoluta significa que no hay limitaciones en la agilidad de ajuste.<\/li>\n<\/ul>\n<h4>Mitutoyo 422-412-20 Especificaciones:<\/h4>\n<table class=\"table table-striped\" style=\"height: 230px;\" width=\"772\">\n<tbody>\n<tr>\n<td>Gama<\/td>\n<td>De 25 a 55 mm<\/td>\n<\/tr>\n<tr>\n<td>Exactitud<\/td>\n<td>\u00b13 \u03bcm por 0,00015\u2033 mm<\/td>\n<\/tr>\n<tr>\n<td>Llanura<\/td>\n<td>0,3 \u03bcm<\/td>\n<\/tr>\n<tr>\n<td>Paralelismo<\/td>\n<td>3 \u03bcm<\/td>\n<\/tr>\n<tr>\n<td>Paso digital<\/td>\n<td>0,00005\u2033 por 0,001 mm<\/td>\n<\/tr>\n<tr>\n<td>Superficies de medici\u00f3n<\/td>\n<td>Punta de carburo, acabado microtraslapado<\/td>\n<\/tr>\n<tr>\n<td>Husillo de medici\u00f3n<\/td>\n<td>\u00d8 0,25\u2033 (6,35 mm), sin rotaci\u00f3n, alimentaci\u00f3n de husillo de 0,39\u2033 (10 mm)<\/td>\n<\/tr>\n<tr>\n<td>Fuerza de medici\u00f3n<\/td>\n<td>5 \u2013 12 N<\/td>\n<\/tr>\n<tr>\n<td>Dimensiones de la hoja<\/td>\n<td>0.256 x 0.03 x 0.0236\u2033<\/td>\n<\/tr>\n<tr>\n<td>Peso<\/td>\n<td>490 g (1,08 libras)<\/td>\n<\/tr>\n<tr>\n<td>Rango de medici\u00f3n<\/td>\n<td>1,18\u2033 (30 mm)<\/td>\n<\/tr>\n<\/tbody>\n<\/table>\n","protected":false},"excerpt":{"rendered":"<p>El micr\u00f3metro digital de 25 a 55 mm cuenta con un avance veloz del husillo. El yunque y el husillo tienen una cuchilla para medir el di\u00e1metro de la ranura de ejes, chaveteros y otras \u00e1reas de dif\u00edcil ingreso.<\/p>\n","protected":false},"featured_media":1854,"template":"","meta":[],"product_cat":[16],"product_tag":[],"class_list":["post-1853","product","type-product","status-publish","has-post-thumbnail","hentry","product_cat-uncategorized"],"_links":{"self":[{"href":"https:\/\/calibracion.com.mx\/tienda\/wp-json\/wp\/v2\/product\/1853","targetHints":{"allow":["GET"]}}],"collection":[{"href":"https:\/\/calibracion.com.mx\/tienda\/wp-json\/wp\/v2\/product"}],"about":[{"href":"https:\/\/calibracion.com.mx\/tienda\/wp-json\/wp\/v2\/types\/product"}],"wp:featuredmedia":[{"embeddable":true,"href":"https:\/\/calibracion.com.mx\/tienda\/wp-json\/wp\/v2\/media\/1854"}],"wp:attachment":[{"href":"https:\/\/calibracion.com.mx\/tienda\/wp-json\/wp\/v2\/media?parent=1853"}],"wp:term":[{"taxonomy":"product_cat","embeddable":true,"href":"https:\/\/calibracion.com.mx\/tienda\/wp-json\/wp\/v2\/product_cat?post=1853"},{"taxonomy":"product_tag","embeddable":true,"href":"https:\/\/calibracion.com.mx\/tienda\/wp-json\/wp\/v2\/product_tag?post=1853"}],"curies":[{"name":"wp","href":"https:\/\/api.w.org\/{rel}","templated":true}]}}