{"id":1888,"date":"2023-11-15T14:24:52","date_gmt":"2023-11-15T14:24:52","guid":{"rendered":"https:\/\/calibracion.com.mx\/tienda\/?post_type=product&#038;p=1888"},"modified":"2023-11-15T14:24:53","modified_gmt":"2023-11-15T14:24:53","slug":"set-de-caudal-testo-400-con-sonda-de-molinete-de-16-mm","status":"publish","type":"product","link":"https:\/\/calibracion.com.mx\/tienda\/set-de-caudal-testo-400-con-sonda-de-molinete-de-16-mm\/","title":{"rendered":"Set de caudal testo 400 con sonda de molinete de 16 mm"},"content":{"rendered":"<p>Equipo perfecto para profesionales de la climatizaci\u00f3n con \u00e9nfasis en la medici\u00f3n de caudal volum\u00e9trico. Conseguir\u00e1 el medidor para climatizaci\u00f3n universal testo 400 con men\u00fas de medici\u00f3n intuitivos, un cabezal de la sonda de molinete (\u00d8 16 mm), un cabezal de la sonda de molinete (\u00d8 100 mm) y un cabezal de la sonda de temperatura y humedad de alta precisi\u00f3n, las tres tienen la posibilidad de insertarse en la empu\u00f1adura Bluetooth\u00ae suministrada. Para mediciones en salidas de techo sencillamente mezcle la sonda de molinete de 100 mm con el telescopio (extensible hasta 1,0 m) y el \u00e1ngulo de 90\u00b0.<\/p>\n<ul>\n<li>En el set : Medidor para climatizaci\u00f3n universal testo 400, sonda de molinete de 16 mm (con empu\u00f1adura Bluetooth \u00ae y telescopio), cabezal de la sonda de molinete (\u00d8 100 mm), cabezal de la sonda de temperatura y humedad de alta precisi\u00f3n, \u00e1ngulo de 90\u00b0, malet\u00edn.<\/li>\n<li>Programas de medici\u00f3n inteligentes e intuitivos, finalizaci\u00f3n de la medici\u00f3n con documentaci\u00f3n completa de forma directa en las instalaciones del cliente o opini\u00f3n con el software de administraci\u00f3n de datos de medici\u00f3n y an\u00e1lisis testo DataControl.<\/li>\n<li>C\u00e1lculo del caudal volum\u00e9trico en la salida a trav\u00e9s de la medici\u00f3n de la presi\u00f3n referencial y la entrada del aspecto k espec\u00edfico del desarrollador.<\/li>\n<li>C\u00e1lculo conforme a las normativas del caudal volum\u00e9trico en el canal mediante una medici\u00f3n seg\u00fan EN ISO 12599 y ASHRAE 111.<\/li>\n<\/ul>\n<h3>Volumen de suministro<\/h3>\n<ul>\n<li>Medidor para climatizaci\u00f3n universal testo 400, mangueras de silicona, fuente de alimentaci\u00f3n con cable USB, protocolo de medici\u00f3n , manual de normas (0560 0400).<\/li>\n<li>Sonda de molinete con Bluetooth\u00ae incl. sensor de temperatura (compuesto por un cabezal de la sonda de molinete de 16 mm, adaptador para la empu\u00f1adura y empu\u00f1adura Bluetooth\u00ae), 4 pilas AA, telescopio (extensible hasta 1,0 m) y protocolo de medici\u00f3n (0635 9571).<\/li>\n<li>Cabezal de la sonda de molinete (\u00d8 100 mm) incl. sensor de temperatura, sujeci\u00f3n para el cono de medici\u00f3n testovent y protocolo de medici\u00f3n (0635 9430).<\/li>\n<li>Cabezal de la sonda de temperatura y humedad de alta precisi\u00f3n incl. protocolo de calibraci\u00f3n (0636 9770)<br \/>\nNo usar el cabezal de la sonda en atmosferas con condensaci\u00f3n. Para la utilizaci\u00f3n continuo en rangos de alta humedad<br \/>\n&gt; 80 %HR a \u2264 30 \u00b0C por &gt; 12 h<br \/>\n&gt; 60 %HR a &gt; 30 \u00b0C por &gt; 12 h<br \/>\nDir\u00edjase al servicio t\u00e9cnico de Testo o p\u00f3ngase en contacto con nosotros a trav\u00e9s del cibersitio de Testo.<\/li>\n<li>\u00c1ngulo de 90\u00b0 para la conexi\u00f3n de sondas de molinete (\u00d8 100 mm) (modelo 0554 0991).<\/li>\n<li>Malet\u00edn de transporte para la medici\u00f3n de caudal volum\u00e9trico (0516 1400).<\/li>\n<\/ul>\n<h3>Aplicaciones<\/h3>\n<div class=\"large-12\">\n<div class=\"medium-6\">\n<div class=\"m-paragraph\">\n<h3 class=\"s4 title\">Ideal para mediciones relacionadas con las instalaciones de sistemas de climatizaci\u00f3n y ventilaci\u00f3n<\/h3>\n<p>Sensor de presi\u00f3n diferencial integrado , altamente preciso e sin dependencia de la ubicaci\u00f3n , programas de medici\u00f3n capaces y tambi\u00e9n intuitivos para mediciones de climatizaci\u00f3n seg\u00fan las normativas, creaci\u00f3n de documentaci\u00f3n in situ, env\u00edo de protocolos por mail , distintas opciones de combinaci\u00f3n con sondas para climatizaci\u00f3n.<\/p>\n<h3 class=\"s4 title\">Mediciones en el sector de climatizaci\u00f3n y ventilaci\u00f3n<\/h3>\n<p>Combine su medidor para climatizaci\u00f3n de Testo individualmente con sondas de climatizaci\u00f3n y accesorios para su aplicaci\u00f3n.<\/p>\n<p>Con los modelos adecuados va a poder administrar todas y cada una de las aplicaciones de climatizaci\u00f3n:<\/p>\n<ul>\n<li>Medici\u00f3n de caudal volum\u00e9trico: Medici\u00f3n de caudal en canales, salidas y filtros seg\u00fan EN ISO 12599 y ASHRAE 111.<\/li>\n<li>Medici\u00f3n del nivel de confort: Medici\u00f3n de la calidad del aire interior o grado de turbulencia seg\u00fan EN ISO 7730 y ASHRAE 55, medici\u00f3n NET seg\u00fan DIN 33403, PMV\/PPD seg\u00fan EN ISO 7730 y ASHRAE 55, medici\u00f3n WBGT de conformidad con DIN 33403 y EN ISO 7243.<\/li>\n<li>Mediciones en laboratorios y salas blancas: Medici\u00f3n de caudal en la campana de laboratorio seg\u00fan DIN EN 14175-3\/-4, medici\u00f3n de presi\u00f3n diferencial y mediciones del flujo laminar en salas blancas, mediciones de humedad en salas blancas.<\/li>\n<\/ul>\n<\/div>\n<\/div>\n<\/div>\n","protected":false},"excerpt":{"rendered":"<p>Equipo perfecto para profesionales de la climatizaci\u00f3n con \u00e9nfasis en la medici\u00f3n de caudal volum\u00e9trico. Conseguir\u00e1 el medidor para climatizaci\u00f3n universal testo 400 con men\u00fas de medici\u00f3n intuitivos, un cabezal de la sonda de molinete (\u00d8 16 mm), un cabezal de la sonda de molinete (\u00d8 100 mm).<\/p>\n","protected":false},"featured_media":1893,"template":"","meta":[],"product_cat":[16],"product_tag":[],"class_list":["post-1888","product","type-product","status-publish","has-post-thumbnail","hentry","product_cat-uncategorized"],"_links":{"self":[{"href":"https:\/\/calibracion.com.mx\/tienda\/wp-json\/wp\/v2\/product\/1888","targetHints":{"allow":["GET"]}}],"collection":[{"href":"https:\/\/calibracion.com.mx\/tienda\/wp-json\/wp\/v2\/product"}],"about":[{"href":"https:\/\/calibracion.com.mx\/tienda\/wp-json\/wp\/v2\/types\/product"}],"wp:featuredmedia":[{"embeddable":true,"href":"https:\/\/calibracion.com.mx\/tienda\/wp-json\/wp\/v2\/media\/1893"}],"wp:attachment":[{"href":"https:\/\/calibracion.com.mx\/tienda\/wp-json\/wp\/v2\/media?parent=1888"}],"wp:term":[{"taxonomy":"product_cat","embeddable":true,"href":"https:\/\/calibracion.com.mx\/tienda\/wp-json\/wp\/v2\/product_cat?post=1888"},{"taxonomy":"product_tag","embeddable":true,"href":"https:\/\/calibracion.com.mx\/tienda\/wp-json\/wp\/v2\/product_tag?post=1888"}],"curies":[{"name":"wp","href":"https:\/\/api.w.org\/{rel}","templated":true}]}}