{"id":1897,"date":"2023-11-15T14:43:30","date_gmt":"2023-11-15T14:43:30","guid":{"rendered":"https:\/\/calibracion.com.mx\/tienda\/?post_type=product&#038;p=1897"},"modified":"2023-11-15T14:43:35","modified_gmt":"2023-11-15T14:43:35","slug":"set-de-caudal-testo-400-con-sonda-de-hilo-caliente","status":"publish","type":"product","link":"https:\/\/calibracion.com.mx\/tienda\/set-de-caudal-testo-400-con-sonda-de-hilo-caliente\/","title":{"rendered":"Set de caudal testo 400 con sonda de hilo caliente"},"content":{"rendered":"<p>Equipo ideal para expertos de la climatizaci\u00f3n con \u00e9nfasis en la medici\u00f3n de caudal volum\u00e9trico. Obtendr\u00e1 el medidor para climatizaci\u00f3n universal testo 400 con men\u00fas de medici\u00f3n intuitivos, un cabezal de la sonda de hilo caliente (incl. sensor de humedad y temperatura), un cabezal de la sonda de molinete (\u00d8 100 mm) y un cabezal de la sonda de temperatura y humedad de alta precisi\u00f3n, las tres pueden insertarse en la empu\u00f1adura Bluetooth suministrada. Para mediciones en salidas de techo sencillamente mezcle la sonda de molinete de 100 mm con el telescopio (extensible hasta 1,0 m) y el \u00e1ngulo de 90\u00b0.<\/p>\n<ul>\n<li>C\u00e1lculo de conformidad con las normativas del caudal volum\u00e9trico en el canal mediante una medici\u00f3n seg\u00fan EN ISO 12599 y ASHRAE 111.<\/li>\n<li>C\u00e1lculo del caudal volum\u00e9trico en la salida mediante la medici\u00f3n de la presi\u00f3n referencial y la entrada del aspecto k espec\u00edfico del fabricante.<\/li>\n<li>Programas de medici\u00f3n capaces e intuitivos, finalizaci\u00f3n de la medici\u00f3n con documentaci\u00f3n completa de manera directa en las instalaciones del cliente o opini\u00f3n con el programa de gesti\u00f3n de datos de medici\u00f3n y an\u00e1lisis testo DataControl.<\/li>\n<li>En el set : Medidor para climatizaci\u00f3n universal testo 400, sonda de hilo ardiente (con empu\u00f1adura Bluetooth y telescopio), cabezal de la sonda de molinete (\u00d8 100 mm), cabezal de la sonda de temperatura y humedad de alta precisi\u00f3n, \u00e1ngulo de 90\u00b0, malet\u00edn.<\/li>\n<\/ul>\n<h3>Aplicaciones<\/h3>\n<h3 class=\"large-12\">Ideal para mediciones relacionadas con las instalaciones de sistemas de climatizaci\u00f3n y ventilaci\u00f3n<\/h3>\n<p>Sensor de presi\u00f3n diferencial que viene dentro , altamente exacto e sin dependencia de la ubicaci\u00f3n , programas de medici\u00f3n capaces e intuitivos para mediciones de climatizaci\u00f3n seg\u00fan las normativas, creaci\u00f3n de documentaci\u00f3n in situ, env\u00edo de protocolos por correo electr\u00f3nico , distintas opciones de combinaci\u00f3n con sondas para climatizaci\u00f3n.<\/p>\n<h3 class=\"s4 title\">Mediciones en el sector de climatizaci\u00f3n y ventilaci\u00f3n<\/h3>\n<p>Combine su medidor para climatizaci\u00f3n de Testo individualmente con sondas de climatizaci\u00f3n y complementos para su aplicaci\u00f3n.<\/p>\n<p>Con los productos correctos va a poder gestionar todas las aplicaciones de climatizaci\u00f3n:<\/p>\n<ul>\n<li>Medici\u00f3n de caudal volum\u00e9trico: Medici\u00f3n de caudal en canales, salidas y filtros seg\u00fan EN ISO 12599 y ASHRAE 111.<\/li>\n<li>Medici\u00f3n del nivel de confort: Medici\u00f3n de la calidad del aire interior o grado de turbulencia seg\u00fan EN ISO 7730 y ASHRAE 55, medici\u00f3n NET seg\u00fan DIN 33403, PMV\/PPD seg\u00fan EN ISO 7730 y ASHRAE 55, medici\u00f3n WBGT conforme a DIN 33403 y EN ISO 7243.<br \/>\nMediciones en laboratorios y salas blancas: Medici\u00f3n de caudal en la campana de laboratorio seg\u00fan DIN EN 14175-3\/-4, medici\u00f3n de presi\u00f3n diferencial y mediciones del<\/li>\n<li>flujo laminar en salas blancas, mediciones de humedad en salas blancas.<\/li>\n<\/ul>\n<p>&nbsp;<\/p>\n","protected":false},"excerpt":{"rendered":"<p>Equipo ideal para expertos de la climatizaci\u00f3n con \u00e9nfasis en la medici\u00f3n de caudal volum\u00e9trico. Obtendr\u00e1 el medidor para climatizaci\u00f3n universal testo 400 con men\u00fas de medici\u00f3n intuitivos, un cabezal de la sonda de hilo caliente (incl. sensor de humedad y temperatura), un cabezal de la sonda de molinete (\u00d8 100 mm).<\/p>\n","protected":false},"featured_media":1906,"template":"","meta":[],"product_cat":[16],"product_tag":[],"class_list":["post-1897","product","type-product","status-publish","has-post-thumbnail","hentry","product_cat-uncategorized"],"_links":{"self":[{"href":"https:\/\/calibracion.com.mx\/tienda\/wp-json\/wp\/v2\/product\/1897","targetHints":{"allow":["GET"]}}],"collection":[{"href":"https:\/\/calibracion.com.mx\/tienda\/wp-json\/wp\/v2\/product"}],"about":[{"href":"https:\/\/calibracion.com.mx\/tienda\/wp-json\/wp\/v2\/types\/product"}],"wp:featuredmedia":[{"embeddable":true,"href":"https:\/\/calibracion.com.mx\/tienda\/wp-json\/wp\/v2\/media\/1906"}],"wp:attachment":[{"href":"https:\/\/calibracion.com.mx\/tienda\/wp-json\/wp\/v2\/media?parent=1897"}],"wp:term":[{"taxonomy":"product_cat","embeddable":true,"href":"https:\/\/calibracion.com.mx\/tienda\/wp-json\/wp\/v2\/product_cat?post=1897"},{"taxonomy":"product_tag","embeddable":true,"href":"https:\/\/calibracion.com.mx\/tienda\/wp-json\/wp\/v2\/product_tag?post=1897"}],"curies":[{"name":"wp","href":"https:\/\/api.w.org\/{rel}","templated":true}]}}