{"id":193,"date":"2023-10-26T01:29:46","date_gmt":"2023-10-26T01:29:46","guid":{"rendered":"https:\/\/calibracion.com.mx\/tienda\/?post_type=product&#038;p=193"},"modified":"2023-10-26T01:29:47","modified_gmt":"2023-10-26T01:29:47","slug":"termometro-taylor-1710","status":"publish","type":"product","link":"https:\/\/calibracion.com.mx\/tienda\/termometro-taylor-1710\/","title":{"rendered":"Term\u00f3metro taylor 1710"},"content":{"rendered":"<div class=\"wp-block-post-excerpt\">\n<p class=\"wp-block-post-excerpt__excerpt\">\u00a0El term\u00f3metro Taylor 1710 es un instrumento muy \u00fatil que nos indica con enorme precisi\u00f3n la temperatura interior registrada por el sensor que viene instalado en el aparato , as\u00ed como la temperatura exterior que registra el termopar al\u00e1mbrico de afuera 1. Adem\u00e1s de esto , cuenta con una sonda de longitud de 304.8 cm, un display LCD de 2.13 X 2.94, y una bater\u00eda CR2025 23.<\/p>\n<\/div>\n<div class=\"wp-block-woocommerce-product-meta\" data-block-name=\"woocommerce\/product-meta\">\n<div class=\"wp-block-group is-nowrap is-layout-flex wp-container-6 wp-block-group-is-layout-flex\"><\/div>\n<\/div>\n<h2>Usos del term\u00f3metro taylor 1710<\/h2>\n<p>Un term\u00f3metro como el Taylor 1710, que es un term\u00f3metro digital, puede ser \u00fatil en una variedad de industrias y aplicaciones donde se requiere la medici\u00f3n precisa de la temperatura. Ahora , te presento ciertas industrias y aplicaciones en las que un term\u00f3metro Taylor 1710 podr\u00eda ser utilizado :<\/p>\n<p>Industria Alimenticia:<br \/>\nControl de temperatura de alimentos en cocinas comerciales, sitios de comidas y establecimientos de comida.<br \/>\nVerificaci\u00f3n de la temperatura de almacenamiento en almacenes de alimentos y camiones de transporte.<\/p>\n<p>Industria Farmac\u00e9utica y de Laboratorio:<br \/>\nMedici\u00f3n de la temperatura en laboratorios para garantizar la precisi\u00f3n de los experimentos y an\u00e1lisis.<br \/>\nSeguimiento de la temperatura en el almacenamiento de modelos farmac\u00e9uticos sensibles al calor.<\/p>\n<p>Industria de la Agricultura:<br \/>\nControl de la temperatura en invernaderos para el cultivo de plantas y hortalizas.<br \/>\nSupervisi\u00f3n de la temperatura en la cr\u00eda de animales y avicultura.<\/p>\n<p>Industria de la Construcci\u00f3n:<br \/>\nMedici\u00f3n de la temperatura del preciso a lo largo del desarrollo de cuajado.<br \/>\nControl de la temperatura en \u00e1mbitos de trabajo para asegurar la seguridad de los trabajadores.<\/p>\n<p>Industria de la Climatizaci\u00f3n:<br \/>\nComprobaci\u00f3n de la temperatura en sistemas de calefacci\u00f3n, ventilaci\u00f3n y aire acondicionado (HVAC) para asegurar su funcionamiento eficiente.<\/p>\n<p>Industria Metal\u00fargica:<br \/>\nSupervisi\u00f3n de la temperatura en procesos de fundici\u00f3n y temperado de metales.<br \/>\nControl de la temperatura en hornos y equipos de forja.<\/p>\n<p>Industria de la Refrigeraci\u00f3n y Congelaci\u00f3n:<br \/>\nMedici\u00f3n de la temperatura en c\u00e1maras frigor\u00edficas y congeladores.<br \/>\nChequeo de la temperatura en la cadena de fr\u00edo para alimentos y art\u00edculos caducos.<\/p>\n<p>Industria Qu\u00edmica:<br \/>\nControl de la temperatura en la fabricaci\u00f3n de productos qu\u00edmicos y art\u00edculos farmac\u00e9uticos.<br \/>\nVerificaci\u00f3n de la temperatura en procesos qu\u00edmicos y reactores.<\/p>\n<p>Industria del Petr\u00f3leo y Gas:<br \/>\nSupervisi\u00f3n de la temperatura en instalaciones de perforaci\u00f3n y refinaci\u00f3n de petr\u00f3leo y gas.<br \/>\nControl de la temperatura en tuber\u00edas y tanques de almacenamiento.<\/p>\n<p>Industria de la Automoci\u00f3n:<br \/>\nMedici\u00f3n de la temperatura en motores y sistemas de refrigeraci\u00f3n de autom\u00f3viles.<br \/>\nComprobaci\u00f3n de la temperatura en procesos de pintura y secado de carrocer\u00edas.<\/p>\n<p>Estos son solo ciertos ejemplos de las muchas industrias y apps en las que un term\u00f3metro digital como el Taylor 1710 puede ser de herramienta. La utilidad de este g\u00e9nero de instrumento lo hace apreciado en una amplia gama de ocasiones donde se requiere el chequeo y control de la temperatura.<\/p>\n","protected":false},"excerpt":{"rendered":"<p>El term\u00f3metro Taylor 1710 es un instrumento muy \u00fatil que nos indica con gran precisi\u00f3n la temperatura interior registrada por el sensor que viene instalado en el aparato , tal como la temperatura exterior que registra el termopar al\u00e1mbrico de afuera 1. Adem\u00e1s de esto , tiene una sonda de longitud de 304.8 cm, una pantalla LCD de 2.13 X 2.94, y una bater\u00eda CR2025 23.<\/p>\n","protected":false},"featured_media":194,"template":"","meta":[],"product_cat":[16],"product_tag":[],"class_list":["post-193","product","type-product","status-publish","has-post-thumbnail","hentry","product_cat-uncategorized"],"_links":{"self":[{"href":"https:\/\/calibracion.com.mx\/tienda\/wp-json\/wp\/v2\/product\/193","targetHints":{"allow":["GET"]}}],"collection":[{"href":"https:\/\/calibracion.com.mx\/tienda\/wp-json\/wp\/v2\/product"}],"about":[{"href":"https:\/\/calibracion.com.mx\/tienda\/wp-json\/wp\/v2\/types\/product"}],"wp:featuredmedia":[{"embeddable":true,"href":"https:\/\/calibracion.com.mx\/tienda\/wp-json\/wp\/v2\/media\/194"}],"wp:attachment":[{"href":"https:\/\/calibracion.com.mx\/tienda\/wp-json\/wp\/v2\/media?parent=193"}],"wp:term":[{"taxonomy":"product_cat","embeddable":true,"href":"https:\/\/calibracion.com.mx\/tienda\/wp-json\/wp\/v2\/product_cat?post=193"},{"taxonomy":"product_tag","embeddable":true,"href":"https:\/\/calibracion.com.mx\/tienda\/wp-json\/wp\/v2\/product_tag?post=193"}],"curies":[{"name":"wp","href":"https:\/\/api.w.org\/{rel}","templated":true}]}}