{"id":1951,"date":"2023-11-15T16:01:09","date_gmt":"2023-11-15T16:01:09","guid":{"rendered":"https:\/\/calibracion.com.mx\/tienda\/?post_type=product&#038;p=1951"},"modified":"2023-11-15T16:01:34","modified_gmt":"2023-11-15T16:01:34","slug":"mitutoyo-124-183-serie-124-micrometro-de-diente-de-engranaje-de-yunque-de-bola-intercambiable-250-a-275-mm-%c2%b17-%ce%bcm","status":"publish","type":"product","link":"https:\/\/calibracion.com.mx\/tienda\/mitutoyo-124-183-serie-124-micrometro-de-diente-de-engranaje-de-yunque-de-bola-intercambiable-250-a-275-mm-%c2%b17-%ce%bcm\/","title":{"rendered":"Mitutoyo 124-183 serie 124 micr\u00f3metro de diente de engranaje de yunque de bola intercambiable, 250 a 275 mm, \u00b17 \u03bcm"},"content":{"rendered":"<p>El micr\u00f3metro de dientes de engranaje de yunque de bola intercambiable Mitutoyo 124-183 Series 124 deja una medici\u00f3n anal\u00f3gica precisa de los engranajes. Est\u00e1 construido con caras de medici\u00f3n de carburo con punta de bola para aceptar la medici\u00f3n de di\u00e1metros de pasador.<\/p>\n<p><strong>Funcionalidades:<\/strong><\/p>\n<ul>\n<li>Las puntas remplazables de husillo de yunque de bola para m\u00faltiples m\u00f3dulos de engranajes (0,5 a 5,25) son opcionales.<\/li>\n<li>El tope de trinquete proporciona una fuerza constante para conseguir desenlaces \u00f3ptimos.<\/li>\n<li>Las caras de medici\u00f3n con punta de bola de carburo permiten medir el di\u00e1metro del pasador de los engranajes.<\/li>\n<li>Dise\u00f1o de barra est\u00e1ndar.<\/li>\n<\/ul>\n<h4>Especificaciones:<\/h4>\n<table class=\"table table-striped\" style=\"height: 102px;\" width=\"655\">\n<tbody>\n<tr>\n<td>Rango de medici\u00f3n<\/td>\n<td>De 250 a 275 mm con graduaciones de 0,01 mm<\/td>\n<\/tr>\n<tr>\n<td>Unidad(es) de medida admitida(s)<\/td>\n<td>M\u00e9trico<\/td>\n<\/tr>\n<tr>\n<td>Exactitud<\/td>\n<td>\u00b17 \u03bcm<\/td>\n<\/tr>\n<tr>\n<td>Fuente de alimentaci\u00f3n<\/td>\n<td>Sin alimentaci\u00f3n<\/td>\n<\/tr>\n<\/tbody>\n<\/table>\n","protected":false},"excerpt":{"rendered":"<p>El micr\u00f3metro de dientes de engranajes da las herramientas para medir el di\u00e1metro de los engranajes. Est\u00e1 desarrollado con un encuentre de trinquete para proporcionar una fuerza incesante para obtener desenlaces perfectos.<\/p>\n","protected":false},"featured_media":1952,"template":"","meta":[],"product_cat":[16],"product_tag":[],"class_list":["post-1951","product","type-product","status-publish","has-post-thumbnail","hentry","product_cat-uncategorized"],"_links":{"self":[{"href":"https:\/\/calibracion.com.mx\/tienda\/wp-json\/wp\/v2\/product\/1951","targetHints":{"allow":["GET"]}}],"collection":[{"href":"https:\/\/calibracion.com.mx\/tienda\/wp-json\/wp\/v2\/product"}],"about":[{"href":"https:\/\/calibracion.com.mx\/tienda\/wp-json\/wp\/v2\/types\/product"}],"wp:featuredmedia":[{"embeddable":true,"href":"https:\/\/calibracion.com.mx\/tienda\/wp-json\/wp\/v2\/media\/1952"}],"wp:attachment":[{"href":"https:\/\/calibracion.com.mx\/tienda\/wp-json\/wp\/v2\/media?parent=1951"}],"wp:term":[{"taxonomy":"product_cat","embeddable":true,"href":"https:\/\/calibracion.com.mx\/tienda\/wp-json\/wp\/v2\/product_cat?post=1951"},{"taxonomy":"product_tag","embeddable":true,"href":"https:\/\/calibracion.com.mx\/tienda\/wp-json\/wp\/v2\/product_tag?post=1951"}],"curies":[{"name":"wp","href":"https:\/\/api.w.org\/{rel}","templated":true}]}}