{"id":1989,"date":"2023-11-15T17:35:58","date_gmt":"2023-11-15T17:35:58","guid":{"rendered":"https:\/\/calibracion.com.mx\/tienda\/?post_type=product&#038;p=1989"},"modified":"2023-11-17T19:41:42","modified_gmt":"2023-11-17T19:41:42","slug":"set-testo-174-h-mini-registrador-de-datos-para-temperatura-y-humedad-ambiente","status":"publish","type":"product","link":"https:\/\/calibracion.com.mx\/tienda\/set-testo-174-h-mini-registrador-de-datos-para-temperatura-y-humedad-ambiente\/","title":{"rendered":"set testo 174 h \u2013 mini registrador de datos para temperatura y humedad ambiente"},"content":{"rendered":"<p>\u00bfEs usted responsable del almacenaje o conservaci\u00f3n de objetos sensibles a las condiciones ambientales (alimentos, medicamentos , documentos antiguos , obras de arte , piezas met\u00e1licas dispuestas a la corrosi\u00f3n, etc\u00e9tera .)? \u00bfO quiere supervisar la climatizaci\u00f3n de inmuebles , por poner un ejemplo , para comprobar la ventilaci\u00f3n de sus inquilinos? Entonces le va a ser de gran herramienta el registro continuo de los valores de temperatura y humedad \u00e1mbito.<\/p>\n<p class=\"text\">El mini registrador de datos para temperatura y humedad ambiente testo 174 H es su data logger ideal: peque\u00f1o, pr\u00e1ctico, pero tambi\u00e9n fiable en la supervisi\u00f3n de las condiciones ambientales. Ya sea en el almac\u00e9n, museo, archivo, oficina o vivienda, el mini registrador de datos garantiza el registro de temperatura y humedad ambiente.<\/p>\n<p>Para esta labor de medici\u00f3n, nada superior que contar con el mini registrador de datos para temperatura y humedad ambiente testo 174 H. Pese a su peque\u00f1o tama\u00f1o, ofrece enormes resultados.<\/p>\n<h3>Caracter\u00edsticas<\/h3>\n<ul>\n<li>F\u00e1cil evaluaci\u00f3n de los datos en el ordenador con el programa pertinente (tres versiones del programa libres , la descarga de la versi\u00f3n b\u00e1sica es gratuita ).<\/li>\n<li>Virtud del equipo : se incluye plataforma de trabajo USB para la transferencia de datos a un pc.<\/li>\n<li>Medici\u00f3n fiable gracias al sensor de humedad de enorme seguridad en un largo plazo.<\/li>\n<li>Memoria de datos de medici\u00f3n para 16\u202f000 valores de temperatura y humedad ambiente.<\/li>\n<\/ul>\n<h3>Estas son las prestaciones del mini registrador de datos para temperatura y humedad ambiente<\/h3>\n<p>En la pantalla del mini data logger se leen los valores de medici\u00f3n actuales y los probables incumplimientos de los valores l\u00edmites. La memoria puede guardar un total de 16\u202f000 valores de manera segura. Aun con la pila vac\u00eda o al mudarla , los datos de medici\u00f3n guardados no se pierden.<br \/>\nEl mini registrador de datos testo 174H tiene sensores internos que miden la temperatura y la humedad \u00e1mbito. El sensor de humedad testo capacitivo de gran seguridad a largo plazo es un sensor que consigue una precisi\u00f3n de hasta \u00b1 3 %HR a lo largo de la medici\u00f3n de la humedad ambiente. El sensor de temperatura NTC de adentro no solo es especialmente exacto gracias a su exactitud de \u00b1 0.5 \u00b0C, sino que cubre un rango de medici\u00f3n de -20 a +70 \u00b0C.<br \/>\nSingularmente pr\u00e1ctico: el mini registrador de datos marcha con pilas est\u00e1ndar (2x CR 2032) que el usuario puede reemplazar cualquier ocasi\u00f3n.<\/p>\n<h3>Programaci\u00f3n y evaluaci\u00f3n del data logger para temperatura y humedad ambiente<\/h3>\n<p>La programaci\u00f3n y la lectura de su mini registrador de datos, tal como la evaluaci\u00f3n de los datos medidos en un pc es viable con el apoyo de un programa. Puede seleccionar entre tres versiones del programa:<\/p>\n<ul>\n<li>ComSoft B\u00e1sico \u2013 libre para su descarga gratuita \u2013 para la programaci\u00f3n r\u00e1pida del mini registrador de datos y un an\u00e1lisis simple de los datos de medici\u00f3n.<\/li>\n<li>ComSoft Profesional \u2013 disponible opcionalmente \u2013 ofrece varias opciones para la evaluaci\u00f3n detallada de los valores de temperatura y humedad \u00e1mbito.<\/li>\n<li>ComSoft CFR 21 Parte 11 \u2013 libre opcionalmente \u2013 ideal para los requisitos especiales de acuerdo con CFR 21 parte 11 en el sector farmac\u00e9utico.<\/li>\n<\/ul>\n<h3>Ventaja del set: el mini registrador de datos est\u00e1 listo para usarse<\/h3>\n<p>Para desarrollar y leer el mini registrador de datos para temperatura y humedad \u00e1mbito se necesita una plataforma de trabajo USB. Si se decidi\u00f3 por este equipo , le ofreceremos el dise\u00f1o USB a fin de que logre comenzar r\u00e1pidamente con sus mediciones.<\/p>\n<h3>Volumen de suministro<\/h3>\n<div class=\"c2a-tabSection m-tabs\">\n<div id=\"tab-details\" class=\"large-12 column m-tab-pdp\">\n<div class=\"medium-8\">\n<article class=\"child-2 paragraph\">\u00a0Mini registrador de datos para temperatura y humedad \u00e1mbito testo 174 H, plataforma de trabajo USB para programaci\u00f3n y lectura del mini registrador de datos, soporte para pared, pilas (2 x CR 2032 de litio) y protocolo de medici\u00f3n.<\/article>\n<article>\n<h2>Datos t\u00e9cnicos<\/h2>\n<table>\n<colgroup>\n<col class=\"colWidth25\" \/>\n<col \/><\/colgroup>\n<thead>\n<tr>\n<th colspan=\"2\">Datos t\u00e9cnicos generales<\/th>\n<\/tr>\n<\/thead>\n<tbody>\n<tr>\n<td class=\"table-bold\">Peso<\/td>\n<td>34 g<\/td>\n<\/tr>\n<tr>\n<td class=\"table-bold\">Medidas<\/td>\n<td>60 X 38 X 18,5 mm<\/td>\n<\/tr>\n<tr>\n<td class=\"table-bold\">Temperatura de funcionamiento<\/td>\n<td>-20 hasta +70 \u00baC<\/td>\n<\/tr>\n<tr>\n<td class=\"table-bold\">Material de la carcasa \/ del producto<\/td>\n<td>Pl\u00e1stico<\/td>\n<\/tr>\n<tr>\n<td class=\"table-bold\">Clase de protecci\u00f3n<\/td>\n<td>IP20<\/td>\n<\/tr>\n<tr>\n<td class=\"table-bold\">Canales<\/td>\n<td>2 externo<\/td>\n<\/tr>\n<tr>\n<td class=\"table-bold\">Color del producto<\/td>\n<td>Negro<\/td>\n<\/tr>\n<tr>\n<td class=\"table-bold\">Norma<\/td>\n<td>2011\/65\/EU; Directriz UE 2014\/30\/EU<\/td>\n<\/tr>\n<tr>\n<td class=\"table-bold\">Intervalo de medici\u00f3n<\/td>\n<td>1 min \u2013 24 h<\/td>\n<\/tr>\n<tr>\n<td class=\"table-bold\">Tipo de bater\u00eda<\/td>\n<td>2 pilas bot\u00f3n (3 V, CR 2032)<\/td>\n<\/tr>\n<tr>\n<td class=\"table-bold\">Autonom\u00eda<\/td>\n<td>1 a\u00f1o (15\u2032 intervalo de medici\u00f3n a +25\u00b0C)<\/td>\n<\/tr>\n<tr>\n<td class=\"table-bold\">Memoria<\/td>\n<td>16.000 valor medido<\/td>\n<\/tr>\n<tr>\n<td class=\"table-bold\">Temperatura de almacenamiento<\/td>\n<td>-40 hasta +70 \u00baC<\/td>\n<\/tr>\n<\/tbody>\n<\/table>\n<p>&nbsp;<\/p>\n<table>\n<colgroup>\n<col class=\"colWidth25\" \/>\n<col \/><\/colgroup>\n<thead>\n<tr>\n<th colspan=\"2\">NTC<\/th>\n<\/tr>\n<\/thead>\n<tbody>\n<tr>\n<td class=\"table-bold\">Rango<\/td>\n<td>-20 hasta +70 \u00baC<\/td>\n<\/tr>\n<tr>\n<td class=\"table-bold\">Exactitud<\/td>\n<td>\u00b10,5 \u00baC (-20 hasta +70 \u00baC)<\/td>\n<\/tr>\n<tr>\n<td class=\"table-bold\">Resoluci\u00f3n<\/td>\n<td>0,1 \u00baC<\/td>\n<\/tr>\n<\/tbody>\n<\/table>\n<p>&nbsp;<\/p>\n<table>\n<colgroup>\n<col class=\"colWidth25\" \/>\n<col \/><\/colgroup>\n<thead>\n<tr>\n<th colspan=\"2\">Humedad \u2013 capacitivo<\/th>\n<\/tr>\n<\/thead>\n<tbody>\n<tr>\n<td class=\"table-bold\">Rango<\/td>\n<td>0 hasta +100 %HR*<\/td>\n<\/tr>\n<tr>\n<td class=\"table-bold\">Exactitud<\/td>\n<td>\u00b13 %HR (2 hasta +98 %HR) AT +25 \u00baC<\/p>\n<p>\u00b10,03 %HR\/K \u00b11 Digito<\/td>\n<\/tr>\n<tr>\n<td class=\"table-bold\">Resoluci\u00f3n<\/td>\n<td>0,1 %HR<\/td>\n<\/tr>\n<\/tbody>\n<\/table>\n<\/article>\n<\/div>\n<\/div>\n<\/div>\n","protected":false},"excerpt":{"rendered":"<p>\u00bfEs usted responsable del almacenaje o conservaci\u00f3n de objetos sensibles a las condiciones ambientales (alimentos, medicamentos , documentos antiguos , obras de arte , piezas met\u00e1licas dispuestas a la corrosi\u00f3n, etc\u00e9tera .)?<\/p>\n","protected":false},"featured_media":1993,"template":"","meta":[],"product_cat":[16],"product_tag":[],"class_list":["post-1989","product","type-product","status-publish","has-post-thumbnail","hentry","product_cat-uncategorized"],"_links":{"self":[{"href":"https:\/\/calibracion.com.mx\/tienda\/wp-json\/wp\/v2\/product\/1989","targetHints":{"allow":["GET"]}}],"collection":[{"href":"https:\/\/calibracion.com.mx\/tienda\/wp-json\/wp\/v2\/product"}],"about":[{"href":"https:\/\/calibracion.com.mx\/tienda\/wp-json\/wp\/v2\/types\/product"}],"wp:featuredmedia":[{"embeddable":true,"href":"https:\/\/calibracion.com.mx\/tienda\/wp-json\/wp\/v2\/media\/1993"}],"wp:attachment":[{"href":"https:\/\/calibracion.com.mx\/tienda\/wp-json\/wp\/v2\/media?parent=1989"}],"wp:term":[{"taxonomy":"product_cat","embeddable":true,"href":"https:\/\/calibracion.com.mx\/tienda\/wp-json\/wp\/v2\/product_cat?post=1989"},{"taxonomy":"product_tag","embeddable":true,"href":"https:\/\/calibracion.com.mx\/tienda\/wp-json\/wp\/v2\/product_tag?post=1989"}],"curies":[{"name":"wp","href":"https:\/\/api.w.org\/{rel}","templated":true}]}}