{"id":20,"date":"2023-08-08T03:14:02","date_gmt":"2023-08-08T03:14:02","guid":{"rendered":"https:\/\/calibracion.com.mx\/tienda\/?post_type=product&#038;p=20"},"modified":"2026-03-05T17:49:22","modified_gmt":"2026-03-05T17:49:22","slug":"elitech-rc-4","status":"publish","type":"product","link":"https:\/\/calibracion.com.mx\/tienda\/elitech-rc-4\/","title":{"rendered":"Elitech rc-4 registrador de datos de temperatura"},"content":{"rendered":"<p>Se usa para registrar datos de temperatura durante un largo per\u00edodo de tiempo.<\/p>\n<p>Elitech RC-4 USB LCD Registrador\/registrador de datos de temperatura Sensor doble Amplio rango de medici\u00f3n se utiliza primordialmente para el registro de temperatura durante el almacenaje y el transporte mar\u00edtimo\/a\u00e9reo\/por carretera de alimentos, f\u00e1rmacos , modelos qu\u00edmicos y otros modelos , singularmente ampliamente utilizado en toda clase de almacenamiento , log\u00edstica y cadena de fr\u00edo, como contenedores refrigerados, camiones refrigerados, paquete refrigerado, almacenaje en fr\u00edo, laboratorio, etc\u00e9tera. o en negocios de cadena de suministro global de gran tama\u00f1o. LCD para ense\u00f1ar datos y configuraciones. Mostrar temperatura, hora, alarma de temperatura excesiva, l\u00edmite superior\/inferior de temperatura, temperatura m\u00e1x\/m\u00edn. valor en la pantalla LCD.<\/p>\n<h5><strong>Especificaciones :<\/strong><\/h5>\n<ul>\n<li>Intervalo de registro: programable, desde 10 segundos hasta 24 h.<\/li>\n<li>Rango de medici\u00f3n: -30\u00b0C a 70\u00b0C (-22\u00b0F a 158\u00b0F).<\/li>\n<li>Resoluci\u00f3n: 0,1\u00b0C Precisi\u00f3n: \u00b10,5\u00b0C (-20\u00b0C a 40\u00b0C), \u00b11\u00b0C (resto del rango).<\/li>\n<li>Sensor de temperatura: de adentro, incorporado en el dispositivo.<\/li>\n<li>Aptitud de almacenaje : 16000 registros.<\/li>\n<\/ul>\n","protected":false},"excerpt":{"rendered":"<p>El dispositivo se configura de manera f\u00e1cil mediante un software para PC que deja entablar el intervalo de registro y bajar los datos registrados a trav\u00e9s de la interfaz USB. Los datos tienen la posibilidad de ser exportados a distintas formatos para su an\u00e1lisis y seguimiento. M\u00e1s de un a\u00f1o de duraci\u00f3n de la bater\u00eda.<\/p>\n","protected":false},"featured_media":8350,"template":"","meta":[],"product_cat":[16],"product_tag":[],"class_list":["post-20","product","type-product","status-publish","has-post-thumbnail","hentry","product_cat-uncategorized"],"_links":{"self":[{"href":"https:\/\/calibracion.com.mx\/tienda\/wp-json\/wp\/v2\/product\/20","targetHints":{"allow":["GET"]}}],"collection":[{"href":"https:\/\/calibracion.com.mx\/tienda\/wp-json\/wp\/v2\/product"}],"about":[{"href":"https:\/\/calibracion.com.mx\/tienda\/wp-json\/wp\/v2\/types\/product"}],"wp:featuredmedia":[{"embeddable":true,"href":"https:\/\/calibracion.com.mx\/tienda\/wp-json\/wp\/v2\/media\/8350"}],"wp:attachment":[{"href":"https:\/\/calibracion.com.mx\/tienda\/wp-json\/wp\/v2\/media?parent=20"}],"wp:term":[{"taxonomy":"product_cat","embeddable":true,"href":"https:\/\/calibracion.com.mx\/tienda\/wp-json\/wp\/v2\/product_cat?post=20"},{"taxonomy":"product_tag","embeddable":true,"href":"https:\/\/calibracion.com.mx\/tienda\/wp-json\/wp\/v2\/product_tag?post=20"}],"curies":[{"name":"wp","href":"https:\/\/api.w.org\/{rel}","templated":true}]}}