{"id":2113,"date":"2023-11-16T16:54:02","date_gmt":"2023-11-16T16:54:02","guid":{"rendered":"https:\/\/calibracion.com.mx\/tienda\/?post_type=product&#038;p=2113"},"modified":"2023-11-16T16:54:03","modified_gmt":"2023-11-16T16:54:03","slug":"mitutoyo-395-273-30-serie-395-digimatic-micrometro-esferico-frontal-50-a-75-mm","status":"publish","type":"product","link":"https:\/\/calibracion.com.mx\/tienda\/mitutoyo-395-273-30-serie-395-digimatic-micrometro-esferico-frontal-50-a-75-mm\/","title":{"rendered":"Mitutoyo 395-273-30 serie 395 digimatic micr\u00f3metro esf\u00e9rico frontal, 50 a 75 mm"},"content":{"rendered":"<p>Mida el espesor de pared de una amplia gama de tubos utilizando el micr\u00f3metro de cara esf\u00e9rica Digimatic de la serie 395 de Mitutoyo 395-273-30. Este micr\u00f3metro de estilo esf\u00e9rico proporciona funciones de retenci\u00f3n de datos, cero\/ABS y ajuste de origen y est\u00e1 desarrollado con un display LCD incorporada. Estuche configurado incluido.<\/p>\n<p><strong>Funciones:<\/strong><\/p>\n<ul>\n<li>Desarrollado para ayudarle a medir el espesor de la pared de la tuber\u00eda.<\/li>\n<li>Tope de trinquete para una fuerza incesante.<\/li>\n<li>Salida SPC para datos.<\/li>\n<li>Error de composici\u00f3n del valor de conteo y alarmas de baja tensi\u00f3n.<\/li>\n<li>Tiene un yunque esf\u00e9rico y un husillo.<\/li>\n<li>La pantalla LCD da una visi\u00f3n clara de los datos.<\/li>\n<li>Protecci\u00f3n IP65 contra el polvo y el agua.<\/li>\n<li>Viene con un estuche configurado.<\/li>\n<li>Barra est\u00e1ndar.<\/li>\n<li>Las funcionalidades incluyen retenci\u00f3n de datos, cero\/ABS y grupo de origen.<\/li>\n<\/ul>\n<h4>Mitutoyo 395-273-30 Especificaciones:<\/h4>\n<table class=\"table table-striped\" style=\"height: 231px;\" width=\"540\">\n<tbody>\n<tr>\n<td>Unidad(es) de medida admitida(s)<\/td>\n<td>M\u00e9trico<\/td>\n<\/tr>\n<tr>\n<td>Rango de medici\u00f3n<\/td>\n<td>De 50 a 75 mm<\/td>\n<\/tr>\n<tr>\n<td>Exactitud<\/td>\n<td>2 \u03bcm<\/td>\n<\/tr>\n<tr>\n<td>Fuente de alimentaci\u00f3n<\/td>\n<td>Alimentado por pilas<\/td>\n<\/tr>\n<tr>\n<td>Tipo de bater\u00eda<\/td>\n<td>SR44<\/td>\n<\/tr>\n<tr>\n<td>Duraci\u00f3n de la bater\u00eda<\/td>\n<td>1.2 a\u00f1os<\/td>\n<\/tr>\n<tr>\n<td>N\u00famero de bater\u00edas necesarias<\/td>\n<td>1<\/td>\n<\/tr>\n<tr>\n<td>Peso del producto<\/td>\n<td>470 g (16,58 onzas)<\/td>\n<\/tr>\n<\/tbody>\n<\/table>\n","protected":false},"excerpt":{"rendered":"<p>Este micr\u00f3metro digital tiene protecci\u00f3n impermeable para un uso duradero. Su salida SPC y su pantalla LCD hacen m\u00e1s f\u00e1cil la obtenci\u00f3n de datos.<\/p>\n","protected":false},"featured_media":2114,"template":"","meta":[],"product_cat":[16],"product_tag":[],"class_list":["post-2113","product","type-product","status-publish","has-post-thumbnail","hentry","product_cat-uncategorized"],"_links":{"self":[{"href":"https:\/\/calibracion.com.mx\/tienda\/wp-json\/wp\/v2\/product\/2113","targetHints":{"allow":["GET"]}}],"collection":[{"href":"https:\/\/calibracion.com.mx\/tienda\/wp-json\/wp\/v2\/product"}],"about":[{"href":"https:\/\/calibracion.com.mx\/tienda\/wp-json\/wp\/v2\/types\/product"}],"wp:featuredmedia":[{"embeddable":true,"href":"https:\/\/calibracion.com.mx\/tienda\/wp-json\/wp\/v2\/media\/2114"}],"wp:attachment":[{"href":"https:\/\/calibracion.com.mx\/tienda\/wp-json\/wp\/v2\/media?parent=2113"}],"wp:term":[{"taxonomy":"product_cat","embeddable":true,"href":"https:\/\/calibracion.com.mx\/tienda\/wp-json\/wp\/v2\/product_cat?post=2113"},{"taxonomy":"product_tag","embeddable":true,"href":"https:\/\/calibracion.com.mx\/tienda\/wp-json\/wp\/v2\/product_tag?post=2113"}],"curies":[{"name":"wp","href":"https:\/\/api.w.org\/{rel}","templated":true}]}}