{"id":2166,"date":"2023-11-17T14:35:37","date_gmt":"2023-11-17T14:35:37","guid":{"rendered":"https:\/\/calibracion.com.mx\/tienda\/?post_type=product&#038;p=2166"},"modified":"2023-11-27T19:56:44","modified_gmt":"2023-11-27T19:56:44","slug":"mitutoyo-369-421-20-micrometro-de-disco-digital-quickmike-1-a-1-2%e2%80%b3-pulgada-metrico","status":"publish","type":"product","link":"https:\/\/calibracion.com.mx\/tienda\/mitutoyo-369-421-20-micrometro-de-disco-digital-quickmike-1-a-1-2%e2%80%b3-pulgada-metrico\/","title":{"rendered":"Mitutoyo 369-421-20 micr\u00f3metro de disco digital quickmike, 1 a 1.2\u2033, pulgada-m\u00e9trico"},"content":{"rendered":"<p>Tiene un amplio rango de medici\u00f3n que deja medir r\u00e1pidamente varias piezas de trabajo con diferentes formas.<\/p>\n<p><strong>Funciones:<\/strong><\/p>\n<ul>\n<li>Husillo no giratorio y dedal de fricci\u00f3n de trinquete.<\/li>\n<li>La escala lineal absoluta quiere decir que no hay restricciones en la velocidad de ajuste.<\/li>\n<li>Barra est\u00e1ndar para detallar el punto de origen.<\/li>\n<li>Avance r\u00e1pido del husillo de 0,39\u2033 (diez mm) por revoluciones.<\/li>\n<li>Protecci\u00f3n IP54 contra el polvo y el agua.<\/li>\n<\/ul>\n<h4>Mitutoyo 369-421-20 Especificaciones:<\/h4>\n<table class=\"table table-striped\" style=\"height: 150px;\" width=\"902\">\n<tbody>\n<tr>\n<td>Gama<\/td>\n<td>0 a 1,2\u2033 (0 a 30,48 mm)<\/td>\n<\/tr>\n<tr>\n<td>Exactitud<\/td>\n<td>\u00b1 0.0002\u2033<\/td>\n<\/tr>\n<tr>\n<td>Llanura<\/td>\n<td>0,00004\u2033 (0,001 mm)<\/td>\n<\/tr>\n<tr>\n<td>Paralelismo<\/td>\n<td>0,00016\u2033 (0,004 mm) para modelos de hasta 2\u2033 (50 mm)0,00024\u2033 (0,006 mm) para modelos de hasta 2\u2033 (50 mm)<\/td>\n<\/tr>\n<tr>\n<td>Paso digital<\/td>\n<td>0,001 mil\u00edmetros<\/td>\n<\/tr>\n<tr>\n<td>Superficies de medici\u00f3n<\/td>\n<td>Punta de carburo, acabado microtraslapado<\/td>\n<\/tr>\n<tr>\n<td>Disco de medici\u00f3n<\/td>\n<td>0.787\u2033 (20 mm)<\/td>\n<\/tr>\n<tr>\n<td>Fuerza de medici\u00f3n<\/td>\n<td>De 3 a 8 N<\/td>\n<\/tr>\n<tr>\n<td>Peso<\/td>\n<td>355 g (0,7 libras)<\/td>\n<\/tr>\n<tr>\n<td>Rango de medici\u00f3n<\/td>\n<td>1,18\u2033 (30 mm)<\/td>\n<\/tr>\n<\/tbody>\n<\/table>\n","protected":false},"excerpt":{"rendered":"<p>El micr\u00f3metro digital de 1 a 1,2\u2033 proporciona una alimentaci\u00f3n r\u00e1pida del husillo en comparaci\u00f3n con el micr\u00f3metro convencional. El micr\u00f3metro se utiliza para la medici\u00f3n de la longitud de la tangente de ra\u00edz de engranajes rectos y helicoidales.<\/p>\n","protected":false},"featured_media":2167,"template":"","meta":[],"product_cat":[16],"product_tag":[],"class_list":["post-2166","product","type-product","status-publish","has-post-thumbnail","hentry","product_cat-uncategorized"],"_links":{"self":[{"href":"https:\/\/calibracion.com.mx\/tienda\/wp-json\/wp\/v2\/product\/2166","targetHints":{"allow":["GET"]}}],"collection":[{"href":"https:\/\/calibracion.com.mx\/tienda\/wp-json\/wp\/v2\/product"}],"about":[{"href":"https:\/\/calibracion.com.mx\/tienda\/wp-json\/wp\/v2\/types\/product"}],"wp:featuredmedia":[{"embeddable":true,"href":"https:\/\/calibracion.com.mx\/tienda\/wp-json\/wp\/v2\/media\/2167"}],"wp:attachment":[{"href":"https:\/\/calibracion.com.mx\/tienda\/wp-json\/wp\/v2\/media?parent=2166"}],"wp:term":[{"taxonomy":"product_cat","embeddable":true,"href":"https:\/\/calibracion.com.mx\/tienda\/wp-json\/wp\/v2\/product_cat?post=2166"},{"taxonomy":"product_tag","embeddable":true,"href":"https:\/\/calibracion.com.mx\/tienda\/wp-json\/wp\/v2\/product_tag?post=2166"}],"curies":[{"name":"wp","href":"https:\/\/api.w.org\/{rel}","templated":true}]}}