{"id":2175,"date":"2023-11-17T15:30:09","date_gmt":"2023-11-17T15:30:09","guid":{"rendered":"https:\/\/calibracion.com.mx\/tienda\/?post_type=product&#038;p=2175"},"modified":"2023-11-17T19:17:05","modified_gmt":"2023-11-17T19:17:05","slug":"set-testo-175-t1-set-de-registradores-de-temperatura","status":"publish","type":"product","link":"https:\/\/calibracion.com.mx\/tienda\/set-testo-175-t1-set-de-registradores-de-temperatura\/","title":{"rendered":"Set testo 175 T1 \u2013 Set de registradores de temperatura"},"content":{"rendered":"<p>El registrador de temperatura testo 175 T1 es el data logger ideal trat\u00e1ndose de la supervisi\u00f3n segura de la temperatura \u00e1mbito. En especial si desea supervisar la temperatura en diferentes salas, la adquisici\u00f3n de nuestro set es una soluci\u00f3n pr\u00e1ctica: Recibir\u00e1 al mismo tiempo tres registradores de datos (con complementos ) y puede, por servirnos de un ejemplo , como panadero o carnicero registrar simult\u00e1neamente la temperatura en la c\u00e1mara frigor\u00edfica, en el almac\u00e9n y en la regi\u00f3n de ventas.<\/p>\n<h3>Caracter\u00edsticas<\/h3>\n<ul>\n<li>Perfecto para mediciones de larga duraci\u00f3n: la memoria almacena hasta 1 mill\u00f3n de valores; la duraci\u00f3n de la pila puede alcanzar hasta 3 a\u00f1os.<\/li>\n<li>Pr\u00e1ctico: en la pantalla del registrador se leen los valores de medici\u00f3n actuales, los valores m\u00ednimo \/ m\u00e1ximo, los valores l\u00edmite y los incumplimientos de los valores l\u00edmites.<\/li>\n<li>Con este set estar\u00e1 listo para empezar de inmediato: se incluyen tres registradores de temperatura, software ComSoft Basic para la descarga gratuita, puerto USB, tarjeta de memoria SD, candado y soportes para pared.<\/li>\n<li>Conforme a APPCC, certificado seg\u00fan EN 12830, grado de protecci\u00f3n IP 65.<\/li>\n<\/ul>\n<h3>Programaci\u00f3n y evaluaci\u00f3n del data logger de temperatura<\/h3>\n<p>El software gratuito testo ComSoft Basic deja desarrollar de manera r\u00e1pida el registrador de datos de temperatura y efectuar una valoraci\u00f3n de datos sencilla.<\/p>\n<p>En el caso de unos requisitos mucho m\u00e1s rigurosos para el programa , podemos ofrecerle dos versiones :<\/p>\n<ul>\n<li>ComSoft Profesional \u2013 disponible opcionalmente \u2013 ofrece varias posibilidades para el an\u00e1lisis detallado de los valores de temperatura medidos.<\/li>\n<li>ComSoft CFR 21 Parte 11 \u2013 disponible opcionalmente \u2013 adecuado para su uso en el sector farmac\u00e9utico gracias a sus requisitos especiales de acuerdo con CFR 21 parte 11.<\/li>\n<\/ul>\n<h3>Aprobado y certificado para su uso en la industria alimentaria<\/h3>\n<ul>\n<li>Protecci\u00f3n segura contra chorros de agua seg\u00fan IP 65: El registrador de temperatura puede permanecer en el lugar de la medici\u00f3n durante la limpieza.<\/li>\n<li>Est\u00e1 certificado por HACCP International y, por tanto, conforme a APPCC.<\/li>\n<li>El registrador de datos est\u00e1 aprobado seg\u00fan EN 12830 por la secci\u00f3n de comprobaci\u00f3n ATP del T\u00dcV S\u00fcd.<\/li>\n<\/ul>\n<h3>Ventaja del set<\/h3>\n<p>Con este equipo estar\u00e1 bien pertrechado para el control profesional de la temperatura: Va a recibir tres registradores de temperatura testo 175 T1 para registrar la temperatura en m\u00faltiples salas o en m\u00faltiples lugares , lo que resulta pr\u00e1ctico para las peque\u00f1as compa\u00f1\u00edas del campo alimenticio , de esta manera como para supervisar la temperatura de c\u00e1maras frigor\u00edficas, guardes y regi\u00f3n de ventas.<\/p>\n<p>En el set se incluye una interfaz USB que se requiere para desarrollar los registradores de datos. De esta forma tiene en el equipo todo lo preciso para comenzar inmediatamente a controlar la temperatura. El dise\u00f1o USB suministrada tambi\u00e9n permite la transmisi\u00f3n de datos de medici\u00f3n a su computador. Opcionalmente, puede usar aqu\u00ed la tarjeta de memoria SD, que tambi\u00e9n se incluye en el set. Para la opini\u00f3n de los datos de medici\u00f3n en el PC est\u00e1 disponible el programa libre y de uso gratuito testo ComSoft Basic. para acceder a la descarga gratis.<\/p>\n<h3>Volumen de suministro<\/h3>\n<ul>\n<li>3 registradores de temperatura testo 175 T1, soporte de pared, candado, pilas y protocolo de calibraci\u00f3n.<\/li>\n<li>1 tarjeta de memoria SD para el almacenamiento y transmisi\u00f3n de los datos de medici\u00f3n al PC.<\/li>\n<li>1 cable USB para la programaci\u00f3n y lectura del registrador de temperatura.<\/li>\n<\/ul>\n<h3>Datos t\u00e9cnicos<\/h3>\n<table>\n<colgroup>\n<col class=\"colWidth25\" \/>\n<col \/><\/colgroup>\n<thead>\n<tr>\n<th colspan=\"2\">Datos t\u00e9cnicos generales<\/th>\n<\/tr>\n<\/thead>\n<tbody>\n<tr>\n<td class=\"table-bold\">Peso<\/td>\n<td>130 g<\/td>\n<\/tr>\n<tr>\n<td class=\"table-bold\">Medidas<\/td>\n<td>89 X 53 X 27 mm<\/td>\n<\/tr>\n<tr>\n<td class=\"table-bold\">Temperatura de funcionamiento<\/td>\n<td>-35 hasta +55 \u00baC<\/td>\n<\/tr>\n<tr>\n<td class=\"table-bold\">Material de la carcasa \/ del producto<\/td>\n<td>Pl\u00e1stico<\/td>\n<\/tr>\n<tr>\n<td class=\"table-bold\">Clase de protecci\u00f3n<\/td>\n<td>IP65<\/td>\n<\/tr>\n<tr>\n<td class=\"table-bold\">Canales<\/td>\n<td>1 externo<\/td>\n<\/tr>\n<tr>\n<td class=\"table-bold\">Color del producto<\/td>\n<td>blanco<\/td>\n<\/tr>\n<tr>\n<td class=\"table-bold\">Norma<\/td>\n<td>Directriz UE 2014\/30\/EU; 2011\/65\/EU; DIN EN 12830<\/td>\n<\/tr>\n<tr>\n<td class=\"table-bold\">Intervalo de medici\u00f3n<\/td>\n<td>10 seg \u2013 24 h<\/td>\n<\/tr>\n<tr>\n<td class=\"table-bold\">Tipo de bater\u00eda<\/td>\n<td>3 pilas AAA (AlMn o Energizer)<\/td>\n<\/tr>\n<tr>\n<td class=\"table-bold\">Autonom\u00eda<\/td>\n<td>3 a\u00f1os (15\u2019 intervalo de medici\u00f3n a +25 \u00b0C)<\/td>\n<\/tr>\n<tr>\n<td class=\"table-bold\">Interfaces<\/td>\n<td>mini usb, ranura para tarjeta SD<\/td>\n<\/tr>\n<tr>\n<td class=\"table-bold\">Memoria<\/td>\n<td>1.000.000 valor medido<\/td>\n<\/tr>\n<tr>\n<td class=\"table-bold\">Temperatura de almacenamiento<\/td>\n<td>-35 hasta +55 \u00baC<\/td>\n<\/tr>\n<\/tbody>\n<\/table>\n<p>&nbsp;<\/p>\n<table>\n<colgroup>\n<col class=\"colWidth25\" \/>\n<col \/><\/colgroup>\n<thead>\n<tr>\n<th colspan=\"2\">NTC<\/th>\n<\/tr>\n<\/thead>\n<tbody>\n<tr>\n<td class=\"table-bold\">Rango<\/td>\n<td>-35 hasta +55 \u00baC<\/td>\n<\/tr>\n<tr>\n<td class=\"table-bold\">Exactitud<\/td>\n<td>\u00b10,5 \u00baC (-35 hasta +55 \u00baC)<\/td>\n<\/tr>\n<tr>\n<td class=\"table-bold\">Resoluci\u00f3n<\/td>\n<td>0,1 \u00baC<\/td>\n<\/tr>\n<\/tbody>\n<\/table>\n","protected":false},"excerpt":{"rendered":"<p>El registrador de temperatura testo 175 T1 es el data logger ideal trat\u00e1ndose de la supervisi\u00f3n segura de la temperatura \u00e1mbito. En especial si desea supervisar la temperatura en diferentes salas, la adquisici\u00f3n de nuestro set es una soluci\u00f3n pr\u00e1ctica: Recibir\u00e1 al mismo tiempo tres registradores de datos (con complementos ).<\/p>\n","protected":false},"featured_media":2179,"template":"","meta":[],"product_cat":[16],"product_tag":[],"class_list":["post-2175","product","type-product","status-publish","has-post-thumbnail","hentry","product_cat-uncategorized"],"_links":{"self":[{"href":"https:\/\/calibracion.com.mx\/tienda\/wp-json\/wp\/v2\/product\/2175","targetHints":{"allow":["GET"]}}],"collection":[{"href":"https:\/\/calibracion.com.mx\/tienda\/wp-json\/wp\/v2\/product"}],"about":[{"href":"https:\/\/calibracion.com.mx\/tienda\/wp-json\/wp\/v2\/types\/product"}],"wp:featuredmedia":[{"embeddable":true,"href":"https:\/\/calibracion.com.mx\/tienda\/wp-json\/wp\/v2\/media\/2179"}],"wp:attachment":[{"href":"https:\/\/calibracion.com.mx\/tienda\/wp-json\/wp\/v2\/media?parent=2175"}],"wp:term":[{"taxonomy":"product_cat","embeddable":true,"href":"https:\/\/calibracion.com.mx\/tienda\/wp-json\/wp\/v2\/product_cat?post=2175"},{"taxonomy":"product_tag","embeddable":true,"href":"https:\/\/calibracion.com.mx\/tienda\/wp-json\/wp\/v2\/product_tag?post=2175"}],"curies":[{"name":"wp","href":"https:\/\/api.w.org\/{rel}","templated":true}]}}