{"id":22,"date":"2023-08-08T03:15:51","date_gmt":"2023-08-08T03:15:51","guid":{"rendered":"https:\/\/calibracion.com.mx\/tienda\/?post_type=product&#038;p=22"},"modified":"2024-02-06T17:51:32","modified_gmt":"2024-02-06T17:51:32","slug":"elitech-gsp-6-2","status":"publish","type":"product","link":"https:\/\/calibracion.com.mx\/tienda\/elitech-gsp-6-2\/","title":{"rendered":"Positector 200 Medidor de Espesores de Recubrimiento en Concreto-Madera-Pl\u00e1stico"},"content":{"rendered":"<h5><strong>Peculiaridades principales :<\/strong><\/h5>\n<p>Memoria para cien ,000 datos que se tienen la posibilidad de ordenar en pantalla de color reversible, software de reporteo gratis para Windows y Mac. El modelo adelantado da comunicaci\u00f3n por Bluetooth, wi-fi y cable USB. Acreciente su eficacia al poder regentar todos y cada uno de los datos de sus inspecciones en un solo instrumento.<\/p>\n<h5><b>Aplicaciones:<\/b><\/h5>\n<p>Mediciones de recubrimientos a base de pol\u00edmeros sobre madera, pl\u00e1stico, etc\u00e9tera. Se conforma a los est\u00e1ndares internacionales ASTM D6132 e ISO 2808. Dimensiones y peso: 135 x 61 x 28 mm, 140 g. Contenido de la Caja: Cuerpo Est\u00e1ndar (STD body), Sonda 200-B ultras\u00f3nica con cable, certificado de medici\u00f3n trazable por DeFelsko (No es ISO\/IEC 17025), gel ultras\u00f3nico, laminas de verificaci\u00f3n, clip para cintur\u00f3n, correa para mano, funda anti-encontronazo , estuche suave , cable USB y manual del usuario.<\/p>\n<p>Rango: 13 a 1000 ?m.<\/p>\n<p>Precisi\u00f3n: +\/- (2 ?m + 3% de lectura); +\/- (0.1 mils + 3% de lectura).<\/p>\n<p>Condiciones de Operaci\u00f3n: Temperatura 0 to 40\u00b0C (+32\u00b0 to +104\u00b0F).<\/p>\n<p>Unidades de medici\u00f3n: Micras (?m), Mil\u00e9simas de Pulgada (mils). El certificado de medici\u00f3n trazable al NIST que incluye el aparato es emitido por el laboratorio del desarrollador al instante de la fabricaci\u00f3n. Si requieres un certificado de medici\u00f3n emitido por un laboratorio de metrolog\u00eda acreditado frente a la regla ISO\/IEC 17025 solic\u00edtalo a nuestro aparato de ventas.<\/p>\n","protected":false},"excerpt":{"rendered":"<p>El PosiTector DF-200-B1 es un equipo de ultrasonido dise\u00f1ado para medir espesor de revestimiento sobre superficies no met\u00e1licas como la madera y el pl\u00e1stico.<\/p>\n","protected":false},"featured_media":8258,"template":"","meta":[],"product_cat":[16],"product_tag":[],"class_list":["post-22","product","type-product","status-publish","has-post-thumbnail","hentry","product_cat-uncategorized"],"_links":{"self":[{"href":"https:\/\/calibracion.com.mx\/tienda\/wp-json\/wp\/v2\/product\/22","targetHints":{"allow":["GET"]}}],"collection":[{"href":"https:\/\/calibracion.com.mx\/tienda\/wp-json\/wp\/v2\/product"}],"about":[{"href":"https:\/\/calibracion.com.mx\/tienda\/wp-json\/wp\/v2\/types\/product"}],"wp:featuredmedia":[{"embeddable":true,"href":"https:\/\/calibracion.com.mx\/tienda\/wp-json\/wp\/v2\/media\/8258"}],"wp:attachment":[{"href":"https:\/\/calibracion.com.mx\/tienda\/wp-json\/wp\/v2\/media?parent=22"}],"wp:term":[{"taxonomy":"product_cat","embeddable":true,"href":"https:\/\/calibracion.com.mx\/tienda\/wp-json\/wp\/v2\/product_cat?post=22"},{"taxonomy":"product_tag","embeddable":true,"href":"https:\/\/calibracion.com.mx\/tienda\/wp-json\/wp\/v2\/product_tag?post=22"}],"curies":[{"name":"wp","href":"https:\/\/api.w.org\/{rel}","templated":true}]}}