{"id":2263,"date":"2023-11-17T17:36:00","date_gmt":"2023-11-17T17:36:00","guid":{"rendered":"https:\/\/calibracion.com.mx\/tienda\/?post_type=product&#038;p=2263"},"modified":"2023-11-17T17:57:28","modified_gmt":"2023-11-17T17:57:28","slug":"termohigrometro-testo-608-h2","status":"publish","type":"product","link":"https:\/\/calibracion.com.mx\/tienda\/termohigrometro-testo-608-h2\/","title":{"rendered":"TERMOHIGROMETRO TESTO 608-H2"},"content":{"rendered":"<p>El termohigr\u00f3metro Testo 608-H2 es un instrumento de medici\u00f3n de alta precisi\u00f3n y confiabilidad, perfecto para el chequeo de la temperatura y la humedad relativa en interiores, en lugares como hogares, \u00e1reas de trabajo , salones de clases, entre otros muchos. Asimismo puede ser empleado en \u00e1reas de producci\u00f3n y almacenaje de alimentos, f\u00e1rmacos y modelos electr\u00f3nicos, tal como en procesos de fabricaci\u00f3n de materiales sensibles a la humedad. Su dise\u00f1o s\u00f3lido y port\u00e1til lo realiza perfecto para llevarlo a cualquier sitio y su facilidad de empleo lo realiza apto para cualquier persona , as\u00ed sea en \u00e1mbitos familiares o expertos. La funci\u00f3n de alarma audible deja una supervisi\u00f3n constante de los valores l\u00edmite preestablecidos, lo que lo convierte en una herramienta muy \u00fatil en el control de la calidad del aire en interiores.<\/p>\n<h3>Caracter\u00edsticas Generales:<\/h3>\n<ul>\n<li>Marca: Testo.<\/li>\n<li>Funci\u00f3n de retenci\u00f3n de datos: S\u00ed.<\/li>\n<li>Funci\u00f3n de apagado autom\u00e1tico: S\u00ed.<\/li>\n<li>Modelo: 608-H2.<\/li>\n<li>Alimentaci\u00f3n: 2 pilas AAA (incluidas).<\/li>\n<li>Precisi\u00f3n de la humedad relativa: \u00b12% HR.<\/li>\n<li>Tipo: Termohigr\u00f3metro digital.<\/li>\n<li>Resoluci\u00f3n de la temperatura: 0.1\u00b0C (0.1\u00b0F).<\/li>\n<li>Precisi\u00f3n de la temperatura: \u00b10.5\u00b0C (\u00b10.9\u00b0F).<\/li>\n<li>Funci\u00f3n de lectura m\u00ednima\/m\u00e1xima: S\u00ed.<\/li>\n<li>Resoluci\u00f3n de la humedad relativa: 0.1% HR.<\/li>\n<li>Rango de humedad relativa: 0% a 100% HR.<\/li>\n<li>Rango de temperatura: -10\u00b0C a 70\u00b0C (14\u00b0F a 158\u00b0F).<\/li>\n<\/ul>\n<h3>Caracter\u00edsticas F\u00edsicas:<\/h3>\n<ul>\n<li>Peso: 85 g.<\/li>\n<li>Conexi\u00f3n: No aplica.<\/li>\n<li>Pantalla: LCD de 2 l\u00edneas con iluminaci\u00f3n de fondo.<\/li>\n<li>Dimensiones: 119 x 46 x 25 mm.<\/li>\n<li>Certificaciones: CE, EN 61326-1, EN 61010-1.<\/li>\n<\/ul>\n<h3>Caracter\u00edsticas Especiales:<\/h3>\n<ul>\n<li>Selecci\u00f3n de unidades de medida: \u00b0C o \u00b0F para la temperatura, % o HR para la humedad relativa.<\/li>\n<li>Dise\u00f1o compacto y port\u00e1til: permite llevarlo a cualquier lugar y utilizarlo en diversos ambientes.<\/li>\n<li>Funci\u00f3n de alarma audible: emite una se\u00f1al sonora cuando se exceden los valores l\u00edmite preestablecidos.<\/li>\n<li>F\u00e1cil de usar: con s\u00f3lo presionar un bot\u00f3n se puede acceder a todas las funciones.<\/li>\n<li>Indicador de bater\u00eda baja: S\u00ed.<\/li>\n<\/ul>\n<h3>Contenido del Paquete:<\/h3>\n<ul>\n<li>Manual de usuario.<\/li>\n<li>2 pilas AAA.<\/li>\n<li>Termohigr\u00f3metro Testo 608-H2.<\/li>\n<\/ul>\n<p>&nbsp;<\/p>\n","protected":false},"excerpt":{"rendered":"<p>El termohigr\u00f3metro Testo 608-H2 es un instrumento de medici\u00f3n de alta precisi\u00f3n y confiabilidad, perfecto para el chequeo de la temperatura y la humedad relativa en interiores, en lugares como hogares, \u00e1reas de trabajo , salones de clases, entre otros muchos.<\/p>\n","protected":false},"featured_media":2266,"template":"","meta":[],"product_cat":[16],"product_tag":[],"class_list":["post-2263","product","type-product","status-publish","has-post-thumbnail","hentry","product_cat-uncategorized"],"_links":{"self":[{"href":"https:\/\/calibracion.com.mx\/tienda\/wp-json\/wp\/v2\/product\/2263","targetHints":{"allow":["GET"]}}],"collection":[{"href":"https:\/\/calibracion.com.mx\/tienda\/wp-json\/wp\/v2\/product"}],"about":[{"href":"https:\/\/calibracion.com.mx\/tienda\/wp-json\/wp\/v2\/types\/product"}],"wp:featuredmedia":[{"embeddable":true,"href":"https:\/\/calibracion.com.mx\/tienda\/wp-json\/wp\/v2\/media\/2266"}],"wp:attachment":[{"href":"https:\/\/calibracion.com.mx\/tienda\/wp-json\/wp\/v2\/media?parent=2263"}],"wp:term":[{"taxonomy":"product_cat","embeddable":true,"href":"https:\/\/calibracion.com.mx\/tienda\/wp-json\/wp\/v2\/product_cat?post=2263"},{"taxonomy":"product_tag","embeddable":true,"href":"https:\/\/calibracion.com.mx\/tienda\/wp-json\/wp\/v2\/product_tag?post=2263"}],"curies":[{"name":"wp","href":"https:\/\/api.w.org\/{rel}","templated":true}]}}