{"id":23,"date":"2023-08-08T03:16:22","date_gmt":"2023-08-08T03:16:22","guid":{"rendered":"https:\/\/calibracion.com.mx\/tienda\/?post_type=product&#038;p=23"},"modified":"2024-02-06T17:36:27","modified_gmt":"2024-02-06T17:36:27","slug":"elitech-rc-51h","status":"publish","type":"product","link":"https:\/\/calibracion.com.mx\/tienda\/elitech-rc-51h\/","title":{"rendered":"Positector PC3E"},"content":{"rendered":"<p>Despliega en pantalla de forma continua la proporci\u00f3n de lecturas, el promedio, la desviaci\u00f3n est\u00e1ndar, lecturas m\u00e1xima y m\u00ednima de una secuencia de pruebas. Guarda cien ,000 lecturas en hasta 1,000 carpetitas. Transferencia de datos v\u00eda USB, WiFi y Bluetooth a una PC o lap top Genere reportes f\u00e1cilmente de sus datos medidos en segundos. Grafica datos a el mismo instante con incorporaci\u00f3n de im\u00e1genes y notas al estudio desde la pantalla del aparato. Exporte sus datos a la suite de datos PosiSoft Desktop o sincron\u00edcelos en la nube usando PosiSoft.net donde lograr\u00e1 opciones de reporteo y almacenamiento auxiliares. Exporte datos a tabletas y celulares, Para trabajos en interiores y exteriores, fuerte salpicaduras de solvente , \u00e1cido, aceite, y polvo. Coincidente con diferentes sondas opcionales, para efectuar otros trabajos seleccione entre una variedad de sondas para distintas apps.<\/p>\n<h5><strong>Aplicaciones :<\/strong><\/h5>\n<p>Para empleo en la l\u00ednea de producci\u00f3n y zonas de aspersi\u00f3n de pintura en polvo. No interfiere con la producci\u00f3n puesto que se puede llevar a cabo mediciones en movimiento. No toca la parte, tanto la sonda como el cuerpo (body) se operan sin tocar f\u00edsicamente las piezas, son inal\u00e1mbricos para evitar que embrollos con las piezas de trabajo y tienen la posibilidad de trasmitir datos a exactamente el mismo instante a PC o MAC por link Bluetooth que tiene un alcance de diez metros (30 Ft).<\/p>\n","protected":false},"excerpt":{"rendered":"<h5><strong>Peculiaridades principales :<\/strong><\/h5>\n<p>Se conforma a la regla en todo el mundo ASTM D7378., Deja mediciones en tubos peque\u00f1os, piezas con formas complicadas y partes en movimiento.<\/p>\n","protected":false},"featured_media":8256,"template":"","meta":[],"product_cat":[16],"product_tag":[],"class_list":["post-23","product","type-product","status-publish","has-post-thumbnail","hentry","product_cat-uncategorized"],"_links":{"self":[{"href":"https:\/\/calibracion.com.mx\/tienda\/wp-json\/wp\/v2\/product\/23","targetHints":{"allow":["GET"]}}],"collection":[{"href":"https:\/\/calibracion.com.mx\/tienda\/wp-json\/wp\/v2\/product"}],"about":[{"href":"https:\/\/calibracion.com.mx\/tienda\/wp-json\/wp\/v2\/types\/product"}],"wp:featuredmedia":[{"embeddable":true,"href":"https:\/\/calibracion.com.mx\/tienda\/wp-json\/wp\/v2\/media\/8256"}],"wp:attachment":[{"href":"https:\/\/calibracion.com.mx\/tienda\/wp-json\/wp\/v2\/media?parent=23"}],"wp:term":[{"taxonomy":"product_cat","embeddable":true,"href":"https:\/\/calibracion.com.mx\/tienda\/wp-json\/wp\/v2\/product_cat?post=23"},{"taxonomy":"product_tag","embeddable":true,"href":"https:\/\/calibracion.com.mx\/tienda\/wp-json\/wp\/v2\/product_tag?post=23"}],"curies":[{"name":"wp","href":"https:\/\/api.w.org\/{rel}","templated":true}]}}