{"id":2303,"date":"2023-11-17T19:57:27","date_gmt":"2023-11-17T19:57:27","guid":{"rendered":"https:\/\/calibracion.com.mx\/tienda\/?post_type=product&#038;p=2303"},"modified":"2023-11-17T19:57:28","modified_gmt":"2023-11-17T19:57:28","slug":"set-de-molinete-de-100-mm-testo-440-con-bluetooth","status":"publish","type":"product","link":"https:\/\/calibracion.com.mx\/tienda\/set-de-molinete-de-100-mm-testo-440-con-bluetooth\/","title":{"rendered":"Set de molinete de 100 mm testo 440 con bluetooth"},"content":{"rendered":"<p>Set para mediciones en salidas de aire: El medidor para climatizaci\u00f3n testo 440 y la sonda de molinete (\u00d8 100 mm) con Bluetooth, incl. sensor de temperatura se entregan en un malet\u00edn seguro.\u00a1De este modo puede empezar de forma directa con su trabajo!<\/p>\n<h3>Caracter\u00edsticas<\/h3>\n<ul>\n<li>C\u00f3modo: Sonda inal\u00e1mbrica, memoria interna y puerto USB para la exportaci\u00f3n de datos.<\/li>\n<li>Tan vers\u00e1til como sus desaf\u00edos: El medidor para climatizaci\u00f3n puede ampliarse mediante una gran gama de sondas digitales.<\/li>\n<li>Preciso: La sonda de molinete con Bluetooth puede combinarse seg\u00fan las necesidades con el brazo telesc\u00f3pico para salidas de techo o el set de embudos para v\u00e1lvulas de disco (solicitar por separado).<\/li>\n<li>Intuitivo: Men\u00fa de medici\u00f3n claramente estructurado para el caudal volum\u00e9trico as\u00ed como la determinaci\u00f3n paralela del flujo, la humedad ambiente y la temperatura en el canal de ventilaci\u00f3n o en salidas de aire.<\/li>\n<\/ul>\n<h3>Volumen de suministro<\/h3>\n<ul>\n<li>Malet\u00edn b\u00e1sico para el testo 440 y 1 sonda.<\/li>\n<li>Sonda de molinete (\u00d8 100 mm) con Bluetooth incl. sensor de temperatura (compuesto por el cabezal de la sonda con molinete de 100 mm, adaptador para la empu\u00f1adura y empu\u00f1adura con Bluetooth); sujeci\u00f3n para el embudo de medici\u00f3n testovent, 4 pilas AA y protocolo de calibraci\u00f3n (0635 9431).<\/li>\n<li>Medidor para climatizaci\u00f3n testo 440, 3 pilas del tipo AA, cable USB y protocolo de calibraci\u00f3n (0560 4401).<\/li>\n<\/ul>\n<h3>Aplicaciones<\/h3>\n<div class=\"large-12\">\n<div class=\"medium-6\">\n<div class=\"m-paragraph\">\n<h3 class=\"s4 title\">Confort y m\u00e1xima flexibilidad para mediciones en canales y salidas de aire<\/h3>\n<p>Con nuestra gran oferta de sondas de velocidad (no incluido en el equipo , pedir separadamente ) asimismo es viable medir de manera c\u00f3moda en sitios de bien dif\u00edcil ingreso en canales de ventilaci\u00f3n o en salidas de aire:<\/p>\n<p>Aun en canales de gran tama\u00f1o es viable realizar mediciones de forma c\u00f3moda. En un caso as\u00ed , el brazo telesc\u00f3pico extensible de la sonda de hilo caliente y de molinete (\u00d8 16 mm) con empu\u00f1adura universal puede alargarse complementariamente con la extensi\u00f3n del telescopio alcanzando una longitud total de 2 metros.<\/p>\n<p>Asimismo es posible ejecutar mediciones en las salidas de aire\/salidas de techo sin adversidades y sin precisar escaleras. Equipe su sonda de molinete (\u00d8 100 mm) con el telescopio con \u00e1ngulo de 90\u00b0 y, si es requisito , con la extensi\u00f3n del telescopio (solicitar por separado ).<\/p>\n<p>M\u00e1s libertad merced a Bluetooth: Las sondas de agilidad con Bluetooth no tienen una conexi\u00f3n de cable molesta hacia el analizador y transmiten valores medidos hasta una distancia de 20 m. El analizador se maneja activando la tecla en la sonda, por servirnos de un ejemplo , para iniciar y parar una sucesi\u00f3n de medici\u00f3n (generaci\u00f3n temporal del valor medio).<\/p>\n<p>Sostenga el medidor para climatizaci\u00f3n testo 440 sin adversidades a las superficies met\u00e1licas con los pr\u00e1cticos imanes (p. ej. en canales de flu\u00eddo ).<br \/>\nAproveche el c\u00e1lculo r\u00e1pido del caudal volum\u00e9trico: En el men\u00fa de medici\u00f3n \u201cCaudal volum\u00e9trico\u201d del medidor multifuncional es posible modificar la dimensi\u00f3n y la geometr\u00eda de la secci\u00f3n del canal; el analizador le indica directamente el caudal volum\u00e9trico.<\/p>\n<h2 class=\"s4 title\">Monitorizaci\u00f3n a largo plazo de la calidad del aire interior<\/h2>\n<p>La mala calidad del aire en interiores a causa una alta concentraci\u00f3n de CO2 produce cansancio, falta de concentraci\u00f3n e inclusive puede provocar patolog\u00edas. El medidor para climatizaci\u00f3n testo 440 es ideal para la supervisi\u00f3n de la calidad del aire interior con su men\u00fa para registrar los valores medidos. Introduzca la hora y el per\u00edodo de medici\u00f3n y, por ejemplo , prosiga el cambio de la concentraci\u00f3n de CO2 o los valores de humedad y temperatura en el historial per\u00edodico. Simplemente seleccione entre sondas con Bluetooth o con cable fijo para CO2, CO o humedad (solicitar las sondas separadamente ).<\/p>\n<h2 class=\"s4 title\">Medici\u00f3n del grado de turbulencia seg\u00fan EN ISO 7730 \/ ASHRAE 55<\/h2>\n<p>C\u00e1lculo del grado de turbulencia y peligro de corrientes de aire en el lugar de trabajo: Las corrientes de aire limitan el nivel de confort y representan el fundamento mucho m\u00e1s recurrente de quejas sobre las condiciones ambientales. La sonda de nivel de turbulencia (solicitar separadamente ) mide la agilidad y la temperatura del aire y calcula autom\u00e1ticamente el riesgo de corrientes de aire y el nivel de turbulencia seg\u00fan EN ISO 7730\/ASHRAE 55.<br \/>\nPara realizar mediciones c\u00f3modas en diferentes alturas aconsejamos la utilizaci\u00f3n de nuestro tr\u00edpode para mediciones del nivel de confort (solicitar separadamente ). De este modo , el posicionamiento de conformidad con la regla de las sondas de nivel de turbulencia es especialmente simple.<\/p>\n<h2 class=\"s4 title\">Gama de sondas para salas blancas y laboratorios<\/h2>\n<p>El instrumento para climatizaci\u00f3n testo\u00a0440 tambi\u00e9n es ideal para diversas aplicaciones en salas blancas y en el laboratorio en combinaci\u00f3n con las siguientes sondas:<\/p>\n<ul>\n<li>Para medir la humedad en las salas blancas recomendamos la sonda de temperatura y humedad de alta precisi\u00f3n (0636 9771 o 0636 9772). Con la exactitud: \u00b1(0,6 %HR + 0,7 % del v.m.) (0 \u2026 90 %HR) tambi\u00e9n cumple con las exigencias expuestas a las mediciones de humedad en esta zona tan sensible.<\/li>\n<li>Precisa medici\u00f3n de velocidad en la campana de laboratorio con la sonda de campana de laboratorio.<\/li>\n<li>Utilice la sonda de temperatura digital de alta precisi\u00f3n Pt100, por ejemplo para mediciones de comparaci\u00f3n de precisi\u00f3n en el laboratorio de calibraci\u00f3n, mediciones de temperatura en el laboratorio qu\u00edmico o en la industria cosm\u00e9tica as\u00ed como para determinar la distribuci\u00f3n de temperatura en refrigeradores y armarios de climatizaci\u00f3n.<\/li>\n<li>La sonda de molinete de alta precisi\u00f3n (\u00d8 100 mm) es ideal para ejecutar mediciones de flujo laminar en salas blancas gracias a la baja velocidad de arranque de 0,1 m\/s. Disponible opcionalmente con Bluetooth o cable fijo.<\/li>\n<\/ul>\n<p>&nbsp;<\/p>\n<\/div>\n<\/div>\n<\/div>\n","protected":false},"excerpt":{"rendered":"<p>Set para mediciones en salidas de aire: El medidor para climatizaci\u00f3n testo 440 y la sonda de molinete (\u00d8 100 mm) con Bluetooth, incl. sensor de temperatura se entregan en un malet\u00edn seguro.\u00a1De este modo puede empezar de forma directa con su trabajo!<\/p>\n","protected":false},"featured_media":2307,"template":"","meta":[],"product_cat":[16],"product_tag":[],"class_list":["post-2303","product","type-product","status-publish","has-post-thumbnail","hentry","product_cat-uncategorized"],"_links":{"self":[{"href":"https:\/\/calibracion.com.mx\/tienda\/wp-json\/wp\/v2\/product\/2303","targetHints":{"allow":["GET"]}}],"collection":[{"href":"https:\/\/calibracion.com.mx\/tienda\/wp-json\/wp\/v2\/product"}],"about":[{"href":"https:\/\/calibracion.com.mx\/tienda\/wp-json\/wp\/v2\/types\/product"}],"wp:featuredmedia":[{"embeddable":true,"href":"https:\/\/calibracion.com.mx\/tienda\/wp-json\/wp\/v2\/media\/2307"}],"wp:attachment":[{"href":"https:\/\/calibracion.com.mx\/tienda\/wp-json\/wp\/v2\/media?parent=2303"}],"wp:term":[{"taxonomy":"product_cat","embeddable":true,"href":"https:\/\/calibracion.com.mx\/tienda\/wp-json\/wp\/v2\/product_cat?post=2303"},{"taxonomy":"product_tag","embeddable":true,"href":"https:\/\/calibracion.com.mx\/tienda\/wp-json\/wp\/v2\/product_tag?post=2303"}],"curies":[{"name":"wp","href":"https:\/\/api.w.org\/{rel}","templated":true}]}}