{"id":2379,"date":"2023-11-21T16:51:40","date_gmt":"2023-11-21T16:51:40","guid":{"rendered":"https:\/\/calibracion.com.mx\/tienda\/?post_type=product&#038;p=2379"},"modified":"2023-11-21T16:51:41","modified_gmt":"2023-11-21T16:51:41","slug":"mitutoyo-118-112-serie-118-micrometro-de-chapa-metalica-1-a-2%e2%80%b3-garganta-de-6-5%e2%80%b3","status":"publish","type":"product","link":"https:\/\/calibracion.com.mx\/tienda\/mitutoyo-118-112-serie-118-micrometro-de-chapa-metalica-1-a-2%e2%80%b3-garganta-de-6-5%e2%80%b3\/","title":{"rendered":"Mitutoyo 118-112 serie 118 micr\u00f3metro de chapa met\u00e1lica, 1 a 2\u2033, garganta de 6.5\u2033"},"content":{"rendered":"<p>Dise\u00f1ado para medir el espesor de una variedad de componentes de metal, pl\u00e1stico y caucho, el micr\u00f3metro de chapa Mitutoyo 118-112 Serie 118 es una excelente opci\u00f3n para el trabajo. Las caras de medici\u00f3n proponen puntas de carburo, y el micr\u00f3metro anal\u00f3gico viene con una caja de pl\u00e1stico pertrechada para su almacenaje y transporte.<\/p>\n<h5><strong>Funcionalidades:<\/strong><\/h5>\n<ul>\n<li>Mide el espesor de l\u00e1minas de metal, caucho, papel y piezas de pl\u00e1stico.<\/li>\n<li>Las caras de medici\u00f3n proponen puntas de carburo duraderas.<\/li>\n<li>El m\u00e1ximo de trinquete da una fuerza incesante.<\/li>\n<li>Estuche de pl\u00e1stico para su custodia y una barra est\u00e1ndar.<\/li>\n<\/ul>\n<h4><strong>Especificaciones:<\/strong><\/h4>\n<table class=\"table table-striped\" style=\"height: 200px;\" width=\"731\">\n<tbody>\n<tr>\n<td>Unidad(es) de medida admitida(s)<\/td>\n<td>Imperial<\/td>\n<\/tr>\n<tr>\n<td>Rango de medici\u00f3n<\/td>\n<td>De 1 a 2\u2033<\/td>\n<\/tr>\n<tr>\n<td>Exactitud<\/td>\n<td>\u00b10.0002\u2033<\/td>\n<\/tr>\n<tr>\n<td>Resoluci\u00f3n<\/td>\n<td>graduaci\u00f3n de 0,001\u2033; planitud de 0,000024\u2033 (0,6 \u00ecm); Paralelismo de 0,0012\u2033 (3 \u00ecm)<\/td>\n<\/tr>\n<tr>\n<td>Fuente de alimentaci\u00f3n<\/td>\n<td>Mec\u00e1nico<\/td>\n<\/tr>\n<\/tbody>\n<\/table>\n","protected":false},"excerpt":{"rendered":"<p>El micr\u00f3metro de garganta profunda tiene caras de medici\u00f3n con punta de carburo. Su tope de trinquete deja una fuerza constante.<\/p>\n","protected":false},"featured_media":2380,"template":"","meta":[],"product_cat":[16],"product_tag":[],"class_list":["post-2379","product","type-product","status-publish","has-post-thumbnail","hentry","product_cat-uncategorized"],"_links":{"self":[{"href":"https:\/\/calibracion.com.mx\/tienda\/wp-json\/wp\/v2\/product\/2379","targetHints":{"allow":["GET"]}}],"collection":[{"href":"https:\/\/calibracion.com.mx\/tienda\/wp-json\/wp\/v2\/product"}],"about":[{"href":"https:\/\/calibracion.com.mx\/tienda\/wp-json\/wp\/v2\/types\/product"}],"wp:featuredmedia":[{"embeddable":true,"href":"https:\/\/calibracion.com.mx\/tienda\/wp-json\/wp\/v2\/media\/2380"}],"wp:attachment":[{"href":"https:\/\/calibracion.com.mx\/tienda\/wp-json\/wp\/v2\/media?parent=2379"}],"wp:term":[{"taxonomy":"product_cat","embeddable":true,"href":"https:\/\/calibracion.com.mx\/tienda\/wp-json\/wp\/v2\/product_cat?post=2379"},{"taxonomy":"product_tag","embeddable":true,"href":"https:\/\/calibracion.com.mx\/tienda\/wp-json\/wp\/v2\/product_tag?post=2379"}],"curies":[{"name":"wp","href":"https:\/\/api.w.org\/{rel}","templated":true}]}}