{"id":25,"date":"2023-08-08T03:16:52","date_gmt":"2023-08-08T03:16:52","guid":{"rendered":"https:\/\/calibracion.com.mx\/tienda\/?post_type=product&#038;p=25"},"modified":"2024-02-06T19:36:09","modified_gmt":"2024-02-06T19:36:09","slug":"elitech-ek-3030","status":"publish","type":"product","link":"https:\/\/calibracion.com.mx\/tienda\/elitech-ek-3030\/","title":{"rendered":"Medidor de flujo ultras\u00f3nico en l\u00edquidos, port\u00e1til, Meacon \u2013 SUP2000H"},"content":{"rendered":"<ul>\n<li>Varios g\u00e9neros de transductores para la selecci\u00f3n, midiendo el tamano de la tuber\u00eda desde DN15 mm a DN6000 mm.<\/li>\n<li>Bater\u00eda de capacidad.<\/li>\n<li>Transductor de pinza no intrusivo, sin ca\u00edda de presi\u00f3n, sin perturbaci\u00f3n de la tuber\u00eda.<\/li>\n<li>Precisi\u00f3n de medici\u00f3n de alta precisi\u00f3n: \u00b1 1%, linealidad: 05%, repetibilidad: 0,2%.<\/li>\n<li>Gran pantalla LCD.<\/li>\n<li>Acepta men\u00fa de m\u00faltiples lenguajes.<\/li>\n<li>Extenso rango de medici\u00f3n.<\/li>\n<li>La bater\u00eda Ni-MH recargable incorporada da mucho m\u00e1s de 12 horas de desempe\u00f1o continuo.<\/li>\n<\/ul>\n","protected":false},"excerpt":{"rendered":"<h5><strong>Caudal\u00edmetro ultras\u00f3nico port\u00e1til SUP-2000H:<\/strong><\/h5>\n<ul>\n<li>Medici\u00f3n no intrusiva.<\/li>\n<li>Muestra el flujo instant\u00e1neo, el flujo juntado (positivo, negativo y neto), la agilidad , el estado de trabajo, etc.<\/li>\n<li>Se pueden personalizar chino, ingl\u00e9s, italiano y otros idiomas.<\/li>\n<\/ul>\n","protected":false},"featured_media":8264,"template":"","meta":[],"product_cat":[16],"product_tag":[],"class_list":["post-25","product","type-product","status-publish","has-post-thumbnail","hentry","product_cat-uncategorized"],"_links":{"self":[{"href":"https:\/\/calibracion.com.mx\/tienda\/wp-json\/wp\/v2\/product\/25","targetHints":{"allow":["GET"]}}],"collection":[{"href":"https:\/\/calibracion.com.mx\/tienda\/wp-json\/wp\/v2\/product"}],"about":[{"href":"https:\/\/calibracion.com.mx\/tienda\/wp-json\/wp\/v2\/types\/product"}],"wp:featuredmedia":[{"embeddable":true,"href":"https:\/\/calibracion.com.mx\/tienda\/wp-json\/wp\/v2\/media\/8264"}],"wp:attachment":[{"href":"https:\/\/calibracion.com.mx\/tienda\/wp-json\/wp\/v2\/media?parent=25"}],"wp:term":[{"taxonomy":"product_cat","embeddable":true,"href":"https:\/\/calibracion.com.mx\/tienda\/wp-json\/wp\/v2\/product_cat?post=25"},{"taxonomy":"product_tag","embeddable":true,"href":"https:\/\/calibracion.com.mx\/tienda\/wp-json\/wp\/v2\/product_tag?post=25"}],"curies":[{"name":"wp","href":"https:\/\/api.w.org\/{rel}","templated":true}]}}