{"id":2510,"date":"2023-11-22T16:51:09","date_gmt":"2023-11-22T16:51:09","guid":{"rendered":"https:\/\/calibracion.com.mx\/tienda\/?post_type=product&#038;p=2510"},"modified":"2023-11-22T16:51:10","modified_gmt":"2023-11-22T16:51:10","slug":"set-testo-510-manometro-diferencial","status":"publish","type":"product","link":"https:\/\/calibracion.com.mx\/tienda\/set-testo-510-manometro-diferencial\/","title":{"rendered":"Set testo 510 \u2013 Man\u00f3metro diferencial"},"content":{"rendered":"<p>Con el man\u00f3metro diferencial testo 510 los instaladores de calefacci\u00f3n y los especialistas en climatizaci\u00f3n est\u00e1n perfectamente equipados : Mide la presi\u00f3n diferencial de 0 a 100 hPa y le ayuda , por ejemplo , en el momento en que se verifican los filtros del aire acondicionado o cuando se mide la presi\u00f3n est\u00e1tica y la presi\u00f3n de flujo del gas en las instalaciones de calefacci\u00f3n.<\/p>\n<h3>Caracter\u00edsticas<\/h3>\n<ul>\n<li>10 unidades para seleccionar, visualizaci\u00f3n en Pascal seleccionable.<\/li>\n<li>Medici\u00f3n de la presi\u00f3n diferencial de 0 a 100 hPa.<\/li>\n<li>El instrumento est\u00e1 equipado con imanes en la parte posterior, lo que permite un trabajo con las manos libres.<\/li>\n<li>Posibilidad de medici\u00f3n de caudal con tubo de Pitot (disponible opcionalmente).<\/li>\n<\/ul>\n<p>En el man\u00f3metro diferencial testo 510 puede elegir entre las siguientes unidades:<\/p>\n<ul>\n<li>inHg.<\/li>\n<li>psi.<\/li>\n<li>m\/s.<\/li>\n<li>mmHg.<\/li>\n<li>fpm.<\/li>\n<li>mbar.<\/li>\n<li>mmH2O.<\/li>\n<li>hPa.<\/li>\n<li>Pa.<\/li>\n<li>inH2O.<\/li>\n<\/ul>\n<h3>Pr\u00e1ctico y exacto: Ventajas del man\u00f3metro diferencial<\/h3>\n<ul>\n<li>F\u00e1cil: peque\u00f1o, manejable y con solo tres botones f\u00e1ciles de usar.<\/li>\n<li>Exacto: Esta medici\u00f3n est\u00e1 compensada en temperatura y densidad del aire para una mayor precisi\u00f3n.<\/li>\n<li>Inteligente: Los imanes ubicados en la parte posterior le permiten trabajar sin manos. En condiciones de poca visibilidad, tales como sitios oscuros, la pantalla iluminada le facilitar\u00e1 el trabajo.<\/li>\n<li>Seguro: Con el estuche de cintur\u00f3n y la tapa de protecci\u00f3n desmontable, el man\u00f3metro diferencial se guarda de forma segura y la correa de mu\u00f1eca permite asegurarlo durante la medici\u00f3n.<\/li>\n<li>Listo para usarse: La manguera de conexi\u00f3n de silicona se incluye con el set testo 510. As\u00ed podr\u00e1 comenzar la medici\u00f3n de inmediato.<\/li>\n<\/ul>\n<h3>Volumen de suministro<\/h3>\n<article class=\"child-2 paragraph\">El set testo 510 del man\u00f3metro diferencial incluyendo manguera de conexi\u00f3n de silicona, tapa de protecci\u00f3n, protocolo de calibraci\u00f3n, estuche de cintur\u00f3n y pilas.<\/article>\n<article>\n<h3>Datos t\u00e9cnicos<\/h3>\n<table>\n<colgroup>\n<col class=\"colWidth25\" \/>\n<col \/><\/colgroup>\n<thead>\n<tr>\n<th colspan=\"2\">Datos t\u00e9cnicos generales<\/th>\n<\/tr>\n<\/thead>\n<tbody>\n<tr>\n<td class=\"table-bold\">Medidas<\/td>\n<td>119 X 46 X 25 mm<\/td>\n<\/tr>\n<tr>\n<td class=\"table-bold\">Temperatura de funcionamiento<\/td>\n<td>0 hasta +50 \u00baC<\/td>\n<\/tr>\n<tr>\n<td class=\"table-bold\">Clase de protecci\u00f3n<\/td>\n<td>IP40<\/td>\n<\/tr>\n<tr>\n<td class=\"table-bold\">Unidades seleccionables<\/td>\n<td>hPa, mbar, Pa, mmH2O, inH2O, inHg, mmHg, psi, m\/s, fpm<\/td>\n<\/tr>\n<tr>\n<td class=\"table-bold\">Presi\u00f3n est\u00e1tica m\u00e1x<\/td>\n<td>500 mbar<\/td>\n<\/tr>\n<tr>\n<td class=\"table-bold\">Intervalo de medici\u00f3n<\/td>\n<td>0,5 s<\/td>\n<\/tr>\n<tr>\n<td class=\"table-bold\">Tipo de bater\u00eda<\/td>\n<td>2 pilas AAA<\/td>\n<\/tr>\n<tr>\n<td class=\"table-bold\">Autonom\u00eda<\/td>\n<td>50 h (t\u00edpico con pantalla sin iluminaci\u00f3n)<\/td>\n<\/tr>\n<tr>\n<td class=\"table-bold\">Temperatura de almacenamiento<\/td>\n<td>-40 hasta +70 \u00baC<\/td>\n<\/tr>\n<tr>\n<td class=\"table-bold\">Peso<\/td>\n<td>90 g (incl. pilas y tapa de protecci\u00f3n)<\/td>\n<\/tr>\n<\/tbody>\n<\/table>\n<p>&nbsp;<\/p>\n<table>\n<colgroup>\n<col class=\"colWidth25\" \/>\n<col \/><\/colgroup>\n<thead>\n<tr>\n<th colspan=\"2\">Presi\u00f3n diferencial \u2013 piezoresistiva<\/th>\n<\/tr>\n<\/thead>\n<tbody>\n<tr>\n<td class=\"table-bold\">Rango<\/td>\n<td>0 hasta 100 hPa<\/td>\n<\/tr>\n<tr>\n<td class=\"table-bold\">Exactitud<\/td>\n<td>\u00b10,03 hPa (0 hasta 0,30 hPa)&nbsp;<\/p>\n<p>\u00b10,05 hPa (0,31 hasta 1,00 hPa)<\/p>\n<p>\u00b1(0,1 hPa + 1,5 % del v.m.) (1,01 hasta 100 hPa)<\/td>\n<\/tr>\n<tr>\n<td class=\"table-bold\">Resoluci\u00f3n<\/td>\n<td>0,01 hPa<\/td>\n<\/tr>\n<\/tbody>\n<\/table>\n<\/article>\n","protected":false},"excerpt":{"rendered":"<p>Con el man\u00f3metro diferencial testo 510 los instaladores de calefacci\u00f3n y los especialistas en climatizaci\u00f3n est\u00e1n perfectamente equipados : Mide la presi\u00f3n diferencial de 0 a 100 hPa y le ayuda , por ejemplo , en el momento en que se verifican los filtros del aire acondicionado o cuando se mide la presi\u00f3n est\u00e1tica.<\/p>\n","protected":false},"featured_media":2513,"template":"","meta":[],"product_cat":[16],"product_tag":[],"class_list":["post-2510","product","type-product","status-publish","has-post-thumbnail","hentry","product_cat-uncategorized"],"_links":{"self":[{"href":"https:\/\/calibracion.com.mx\/tienda\/wp-json\/wp\/v2\/product\/2510","targetHints":{"allow":["GET"]}}],"collection":[{"href":"https:\/\/calibracion.com.mx\/tienda\/wp-json\/wp\/v2\/product"}],"about":[{"href":"https:\/\/calibracion.com.mx\/tienda\/wp-json\/wp\/v2\/types\/product"}],"wp:featuredmedia":[{"embeddable":true,"href":"https:\/\/calibracion.com.mx\/tienda\/wp-json\/wp\/v2\/media\/2513"}],"wp:attachment":[{"href":"https:\/\/calibracion.com.mx\/tienda\/wp-json\/wp\/v2\/media?parent=2510"}],"wp:term":[{"taxonomy":"product_cat","embeddable":true,"href":"https:\/\/calibracion.com.mx\/tienda\/wp-json\/wp\/v2\/product_cat?post=2510"},{"taxonomy":"product_tag","embeddable":true,"href":"https:\/\/calibracion.com.mx\/tienda\/wp-json\/wp\/v2\/product_tag?post=2510"}],"curies":[{"name":"wp","href":"https:\/\/api.w.org\/{rel}","templated":true}]}}