{"id":2609,"date":"2023-11-23T14:34:12","date_gmt":"2023-11-23T14:34:12","guid":{"rendered":"https:\/\/calibracion.com.mx\/tienda\/?post_type=product&#038;p=2609"},"modified":"2023-11-23T14:34:13","modified_gmt":"2023-11-23T14:34:13","slug":"mitutoyo-114-135-micrometro-de-yunque-en-v-de-5-flautas-0-09-a-1%e2%80%b3","status":"publish","type":"product","link":"https:\/\/calibracion.com.mx\/tienda\/mitutoyo-114-135-micrometro-de-yunque-en-v-de-5-flautas-0-09-a-1%e2%80%b3\/","title":{"rendered":"Mitutoyo 114-135 micr\u00f3metro de yunque en v de 5 flautas, 0.09 a 1\u2033"},"content":{"rendered":"<p>Tiene yunques en V con una ranura de l\u00ednea central que est\u00e1 disponible para medir el di\u00e1metro de paso de los grifos mediante el m\u00e9todo de un solo cable.<\/p>\n<h4><strong>Especificaciones<\/strong>:<\/h4>\n<table class=\"table table-striped\" style=\"height: 189px;\" width=\"656\">\n<tbody>\n<tr>\n<td>Gama<\/td>\n<td>De 0,9 a 1\u2033<\/td>\n<\/tr>\n<tr>\n<td>Exactitud<\/td>\n<td>\u00b10,0002<\/td>\n<\/tr>\n<tr>\n<td>Llanura<\/td>\n<td>0,000024 (husillo), 0,000052 (yunque)<\/td>\n<\/tr>\n<tr>\n<td>Masa<\/td>\n<td>220 g<\/td>\n<\/tr>\n<tr>\n<td>Graduaci\u00f3n<\/td>\n<td>0.0001\u2033<\/td>\n<\/tr>\n<tr>\n<td>Superficies de medici\u00f3n<\/td>\n<td>\u00c1ngulo del prisma 60\u00b0\/108\u00b0<\/td>\n<\/tr>\n<tr>\n<td>Digital\/Anal\u00f3gico<\/td>\n<td>Anal\u00f3gico<\/td>\n<\/tr>\n<tr>\n<td>Escama<\/td>\n<td>Dedal y manguito acabado cromo satinado, \u00f818 mm<\/td>\n<\/tr>\n<tr>\n<td>Husillo de medici\u00f3n<\/td>\n<td>Con bloqueo del husillo, \u00f86,35 mm, paso del husillo 0,75 mm<\/td>\n<\/tr>\n<\/tbody>\n<\/table>\n","protected":false},"excerpt":{"rendered":"<p>El micr\u00f3metro de yunque en V de 5 flautas tiene de 0.09 a 1 \u201c, mide el di\u00e1metro exterior de las herramientas de corte que tienen tres o cinco flautas.<\/p>\n","protected":false},"featured_media":2610,"template":"","meta":[],"product_cat":[16],"product_tag":[],"class_list":["post-2609","product","type-product","status-publish","has-post-thumbnail","hentry","product_cat-uncategorized"],"_links":{"self":[{"href":"https:\/\/calibracion.com.mx\/tienda\/wp-json\/wp\/v2\/product\/2609","targetHints":{"allow":["GET"]}}],"collection":[{"href":"https:\/\/calibracion.com.mx\/tienda\/wp-json\/wp\/v2\/product"}],"about":[{"href":"https:\/\/calibracion.com.mx\/tienda\/wp-json\/wp\/v2\/types\/product"}],"wp:featuredmedia":[{"embeddable":true,"href":"https:\/\/calibracion.com.mx\/tienda\/wp-json\/wp\/v2\/media\/2610"}],"wp:attachment":[{"href":"https:\/\/calibracion.com.mx\/tienda\/wp-json\/wp\/v2\/media?parent=2609"}],"wp:term":[{"taxonomy":"product_cat","embeddable":true,"href":"https:\/\/calibracion.com.mx\/tienda\/wp-json\/wp\/v2\/product_cat?post=2609"},{"taxonomy":"product_tag","embeddable":true,"href":"https:\/\/calibracion.com.mx\/tienda\/wp-json\/wp\/v2\/product_tag?post=2609"}],"curies":[{"name":"wp","href":"https:\/\/api.w.org\/{rel}","templated":true}]}}