{"id":2672,"date":"2023-11-23T16:29:43","date_gmt":"2023-11-23T16:29:43","guid":{"rendered":"https:\/\/calibracion.com.mx\/tienda\/?post_type=product&#038;p=2672"},"modified":"2023-11-23T16:29:44","modified_gmt":"2023-11-23T16:29:44","slug":"mitutoyo-113-102-serie-113-micrometro-de-limite-mecanico-0-a-25-mm-metrico","status":"publish","type":"product","link":"https:\/\/calibracion.com.mx\/tienda\/mitutoyo-113-102-serie-113-micrometro-de-limite-mecanico-0-a-25-mm-metrico\/","title":{"rendered":"Mitutoyo 113-102 serie 113 micr\u00f3metro de l\u00edmite mec\u00e1nico, 0 a 25 mm, m\u00e9trico"},"content":{"rendered":"<p>El micr\u00f3metro de l\u00edmite mec\u00e1nico Mitutoyo 113-102 Serie 113 le permite establecer l\u00edmites superior e inferior para facilitar la toma de decisiones de pasa\/no pasa. Adem\u00e1s de esto , sus caras de medici\u00f3n tienen punta de carburo, con lo que puede utilizarlo en aplicaciones exigentes. Viene en un estuche de pl\u00e1stico ajustado que es perfecto para guardarlo y transportarlo.<\/p>\n<h5><strong>Funciones:<\/strong><\/h5>\n<ul>\n<li>Con caras de medici\u00f3n con punta de carburo.<\/li>\n<li>La carcasa de pl\u00e1stico ajustada protege el micr\u00f3metro en el momento en que no est\u00e1 en uso.<\/li>\n<li>Dise\u00f1o ergon\u00f3mico para un simple manejo.<\/li>\n<li>Constituya l\u00edmites superior e inferior para realizar juicios de pasa\/no pasa.<\/li>\n<\/ul>\n<h4><strong>Especificaciones:<\/strong><\/h4>\n<table class=\"table table-striped\" style=\"height: 143px;\" width=\"518\">\n<tbody>\n<tr>\n<td>Unidad(es) de medida admitida(s)<\/td>\n<td>M\u00e9trico<\/td>\n<\/tr>\n<tr>\n<td>Rango de medici\u00f3n<\/td>\n<td>De 0 a 25 mm<\/td>\n<\/tr>\n<tr>\n<td>Exactitud<\/td>\n<td>\u00b13 \u03bcm<\/td>\n<\/tr>\n<tr>\n<td>Resoluci\u00f3n<\/td>\n<td>0,01 mm; Planitud de 0,6 \u03bcm<\/td>\n<\/tr>\n<tr>\n<td>Fuente de alimentaci\u00f3n<\/td>\n<td>Mec\u00e1nico<\/td>\n<\/tr>\n<\/tbody>\n<\/table>\n","protected":false},"excerpt":{"rendered":"<p>El micr\u00f3metro l\u00edmite se activa mec\u00e1nicamente. \u00daselo para llevar a cabo juicios de ir o no ir seg\u00fan sea necesario.<\/p>\n","protected":false},"featured_media":2673,"template":"","meta":[],"product_cat":[16],"product_tag":[],"class_list":["post-2672","product","type-product","status-publish","has-post-thumbnail","hentry","product_cat-uncategorized"],"_links":{"self":[{"href":"https:\/\/calibracion.com.mx\/tienda\/wp-json\/wp\/v2\/product\/2672","targetHints":{"allow":["GET"]}}],"collection":[{"href":"https:\/\/calibracion.com.mx\/tienda\/wp-json\/wp\/v2\/product"}],"about":[{"href":"https:\/\/calibracion.com.mx\/tienda\/wp-json\/wp\/v2\/types\/product"}],"wp:featuredmedia":[{"embeddable":true,"href":"https:\/\/calibracion.com.mx\/tienda\/wp-json\/wp\/v2\/media\/2673"}],"wp:attachment":[{"href":"https:\/\/calibracion.com.mx\/tienda\/wp-json\/wp\/v2\/media?parent=2672"}],"wp:term":[{"taxonomy":"product_cat","embeddable":true,"href":"https:\/\/calibracion.com.mx\/tienda\/wp-json\/wp\/v2\/product_cat?post=2672"},{"taxonomy":"product_tag","embeddable":true,"href":"https:\/\/calibracion.com.mx\/tienda\/wp-json\/wp\/v2\/product_tag?post=2672"}],"curies":[{"name":"wp","href":"https:\/\/api.w.org\/{rel}","templated":true}]}}