{"id":2793,"date":"2023-11-24T15:12:48","date_gmt":"2023-11-24T15:12:48","guid":{"rendered":"https:\/\/calibracion.com.mx\/tienda\/?post_type=product&#038;p=2793"},"modified":"2023-11-24T15:12:49","modified_gmt":"2023-11-24T15:12:49","slug":"mitutoyo-314-261-30-micrometro-de-yunque-en-v-digimatic-de-1-a-15-mm","status":"publish","type":"product","link":"https:\/\/calibracion.com.mx\/tienda\/mitutoyo-314-261-30-micrometro-de-yunque-en-v-digimatic-de-1-a-15-mm\/","title":{"rendered":"Mitutoyo 314-261-30 micr\u00f3metro de yunque en v digimatic, de 1 a 15 mm"},"content":{"rendered":"<p>El micr\u00f3metro de yunque en V Digimatic 314-261-30 Mitutoyo est\u00e1 desarrollado para medir el di\u00e1metro exterior de herramientas con 3 flautas. Disfrutar\u00e1s de una fuerza constante merced al encuentre de trinquete.<\/p>\n<h5><strong>Funciones:<\/strong><\/h5>\n<ul>\n<li>Dise\u00f1ado para medir el di\u00e1metro exterior de herramientas con flautas impares.<\/li>\n<li>Perfecto para emplear con 3 flautas.<\/li>\n<li>Con ranura.<\/li>\n<li>El m\u00e1ximo de trinquete da una fuerza incesante.<\/li>\n<\/ul>\n<h4><strong>Mitutoyo 314-261-30 Especificaciones:<\/strong><\/h4>\n<table class=\"table table-striped\" style=\"height: 197px;\" width=\"493\">\n<tbody>\n<tr>\n<td>Unidad(es) de medida admitida(s)<\/td>\n<td>M\u00e9trico<\/td>\n<\/tr>\n<tr>\n<td>Rango de medici\u00f3n<\/td>\n<td>De 1 a 15 mm<\/td>\n<\/tr>\n<tr>\n<td>Exactitud<\/td>\n<td>\u00b14 \u03bcm<\/td>\n<\/tr>\n<tr>\n<td>Resoluci\u00f3n<\/td>\n<td>0,001 mil\u00edmetros<\/td>\n<\/tr>\n<tr>\n<td>Longitud del producto<\/td>\n<td>5,12 cm (7 pulgadas)<\/td>\n<\/tr>\n<tr>\n<td>Ancho del producto<\/td>\n<td>3,7 cm (62 pulgadas)<\/td>\n<\/tr>\n<tr>\n<td>Altura del producto<\/td>\n<td>3,7 cm (62 pulgadas)<\/td>\n<\/tr>\n<tr>\n<td>Peso del producto<\/td>\n<td>1,0 kg (45 libra)<\/td>\n<\/tr>\n<\/tbody>\n<\/table>\n","protected":false},"excerpt":{"rendered":"<p>El micr\u00f3metro est\u00e1 desarrollado para medir el di\u00e1metro exterior de herramientas con flautas impares. El tope de trinquete da una fuerza constante.<\/p>\n","protected":false},"featured_media":2794,"template":"","meta":[],"product_cat":[16],"product_tag":[],"class_list":["post-2793","product","type-product","status-publish","has-post-thumbnail","hentry","product_cat-uncategorized"],"_links":{"self":[{"href":"https:\/\/calibracion.com.mx\/tienda\/wp-json\/wp\/v2\/product\/2793","targetHints":{"allow":["GET"]}}],"collection":[{"href":"https:\/\/calibracion.com.mx\/tienda\/wp-json\/wp\/v2\/product"}],"about":[{"href":"https:\/\/calibracion.com.mx\/tienda\/wp-json\/wp\/v2\/types\/product"}],"wp:featuredmedia":[{"embeddable":true,"href":"https:\/\/calibracion.com.mx\/tienda\/wp-json\/wp\/v2\/media\/2794"}],"wp:attachment":[{"href":"https:\/\/calibracion.com.mx\/tienda\/wp-json\/wp\/v2\/media?parent=2793"}],"wp:term":[{"taxonomy":"product_cat","embeddable":true,"href":"https:\/\/calibracion.com.mx\/tienda\/wp-json\/wp\/v2\/product_cat?post=2793"},{"taxonomy":"product_tag","embeddable":true,"href":"https:\/\/calibracion.com.mx\/tienda\/wp-json\/wp\/v2\/product_tag?post=2793"}],"curies":[{"name":"wp","href":"https:\/\/api.w.org\/{rel}","templated":true}]}}