{"id":31,"date":"2023-08-08T04:11:20","date_gmt":"2023-08-08T04:11:20","guid":{"rendered":"https:\/\/calibracion.com.mx\/tienda\/?post_type=product&#038;p=31"},"modified":"2024-01-25T14:42:55","modified_gmt":"2024-01-25T14:42:55","slug":"elitech-stc-1000","status":"publish","type":"product","link":"https:\/\/calibracion.com.mx\/tienda\/elitech-stc-1000\/","title":{"rendered":"Cronometro CASIO HS3 a 100 laps"},"content":{"rendered":"<ul>\n<li>Cron\u00f3metro (1\/100 seg. \u2013 diez horas).<\/li>\n<li>SPLIT\/LAP\/Reset.<\/li>\n<li>Dimensiones.<\/li>\n<li>G\u00e9nero de pila CR2016.<\/li>\n<li>62mm x 63,5mm x 17mm (A x A x P).<\/li>\n<\/ul>\n","protected":false},"excerpt":{"rendered":"<ul>\n<li>La fracci\u00f3n se\u00f1ala la unidad de medici\u00f3n, mientras que las cantidades de tiempo indican las mediciones m\u00e1ximas de tiempo.<\/li>\n<li>Caja Resina Capaz uso industrial<\/li>\n<li>Peso 40,3 g<\/li>\n<li>Medici\u00f3n precisa de tiempo transcurrido con el toque de un bot\u00f3n.<\/li>\n<\/ul>\n","protected":false},"featured_media":7924,"template":"","meta":[],"product_cat":[16],"product_tag":[],"class_list":["post-31","product","type-product","status-publish","has-post-thumbnail","hentry","product_cat-uncategorized"],"_links":{"self":[{"href":"https:\/\/calibracion.com.mx\/tienda\/wp-json\/wp\/v2\/product\/31","targetHints":{"allow":["GET"]}}],"collection":[{"href":"https:\/\/calibracion.com.mx\/tienda\/wp-json\/wp\/v2\/product"}],"about":[{"href":"https:\/\/calibracion.com.mx\/tienda\/wp-json\/wp\/v2\/types\/product"}],"wp:featuredmedia":[{"embeddable":true,"href":"https:\/\/calibracion.com.mx\/tienda\/wp-json\/wp\/v2\/media\/7924"}],"wp:attachment":[{"href":"https:\/\/calibracion.com.mx\/tienda\/wp-json\/wp\/v2\/media?parent=31"}],"wp:term":[{"taxonomy":"product_cat","embeddable":true,"href":"https:\/\/calibracion.com.mx\/tienda\/wp-json\/wp\/v2\/product_cat?post=31"},{"taxonomy":"product_tag","embeddable":true,"href":"https:\/\/calibracion.com.mx\/tienda\/wp-json\/wp\/v2\/product_tag?post=31"}],"curies":[{"name":"wp","href":"https:\/\/api.w.org\/{rel}","templated":true}]}}