{"id":3104,"date":"2023-11-27T20:14:27","date_gmt":"2023-11-27T20:14:27","guid":{"rendered":"https:\/\/calibracion.com.mx\/tienda\/?post_type=product&#038;p=3104"},"modified":"2023-11-27T20:14:27","modified_gmt":"2023-11-27T20:14:27","slug":"multimetro-de-aislamiento-fluke-1577-1000-v","status":"publish","type":"product","link":"https:\/\/calibracion.com.mx\/tienda\/multimetro-de-aislamiento-fluke-1577-1000-v\/","title":{"rendered":"Mult\u00edmetro de aislamiento fluke 1577, 1000 v"},"content":{"rendered":"<p>S\u00f3lido y port\u00e1til, este mult\u00edmetro de aislamiento resistente da la m\u00e1xima utilidad tanto para la resoluci\u00f3n de inconvenientes como para el mantenimiento preventivo. Perfecto para trabajar con motores, generadores, cables o interruptores, este mult\u00edmetro asimismo tiene capacidades True RMS, una gran pantalla LCD retroiluminada y un apagado autom\u00e1tico para ahorrar energ\u00eda de la bater\u00eda.<\/p>\n<h3>Funciones<\/h3>\n<ul>\n<li>CAT III 1000V, categor\u00eda de medici\u00f3n CAT IV 600V.<\/li>\n<li>Acepta sistema de suspensi\u00f3n magn\u00e9tica para liberar sus manos para otro trabajo (se vende por separado).<\/li>\n<li>Voltaje AC\/DC.<\/li>\n<li>Descarga autom\u00e1tica de voltaje capacitivo.<\/li>\n<li>Apagado autom\u00e1tico para ahorrar energ\u00eda de la bater\u00eda.<\/li>\n<li>La detecci\u00f3n de circuito activo evita la prueba de aislamiento si se detecta voltaje &lt;30 V para mayor protecci\u00f3n del usuario.<\/li>\n<li>Miliamperios AC\/DC.<\/li>\n<li>Gran pantalla con retroiluminaci\u00f3n.<\/li>\n<li>Milivoltios de CC.<\/li>\n<li>RMS verdadero.<\/li>\n<\/ul>\n<h3>Aplicaciones<\/h3>\n<ul>\n<li>Soluci\u00f3n de problemas.<\/li>\n<li>Mantenimiento preventivo.<\/li>\n<\/ul>\n<h3>Especificaciones de Fluke 1577<\/h3>\n<table class=\"table table-striped\">\n<tbody>\n<tr>\n<td colspan=\"2\"><strong>Voltaje DC<\/strong><\/td>\n<\/tr>\n<tr>\n<td>Voltaje m\u00e1ximo<\/td>\n<td>1000 V<\/td>\n<\/tr>\n<tr>\n<td>Exactitud<\/td>\n<td>\u00b1(0,2% + 2)<\/td>\n<\/tr>\n<tr>\n<td>Resoluci\u00f3n m\u00e1xima<\/td>\n<td>0,001 V<\/td>\n<\/tr>\n<tr>\n<td colspan=\"2\"><strong>Voltaje AC<\/strong><\/td>\n<\/tr>\n<tr>\n<td>Voltaje m\u00e1ximo<\/td>\n<td>1000 V<\/td>\n<\/tr>\n<tr>\n<td>Exactitud<\/td>\n<td>\u00b1(2% + 3)<\/td>\n<\/tr>\n<tr>\n<td>Resoluci\u00f3n m\u00e1xima<\/td>\n<td>0,1 mV<\/td>\n<\/tr>\n<tr>\n<td colspan=\"2\"><strong>DC actual<\/strong><\/td>\n<\/tr>\n<tr>\n<td>Amperios m\u00e1ximos<\/td>\n<td>400 mA<\/td>\n<\/tr>\n<tr>\n<td>Precisi\u00f3n de amperios<\/td>\n<td>\u00b1(1,0% + 2)<\/td>\n<\/tr>\n<tr>\n<td>Resoluci\u00f3n m\u00e1xima<\/td>\n<td>0,01 mA<\/td>\n<\/tr>\n<tr>\n<td colspan=\"2\"><strong>AC actual<\/strong><\/td>\n<\/tr>\n<tr>\n<td>Amperios m\u00e1ximos<\/td>\n<td>400 mA<\/td>\n<\/tr>\n<tr>\n<td>Precisi\u00f3n de amperios<\/td>\n<td>\u00b1(2,0% + 2)<\/td>\n<\/tr>\n<tr>\n<td>Resoluci\u00f3n m\u00e1xima<\/td>\n<td>0,01 mA<\/td>\n<\/tr>\n<tr>\n<td colspan=\"2\"><strong>Resistencia<\/strong><\/td>\n<\/tr>\n<tr>\n<td>M\u00e1xima resistencia<\/td>\n<td>50 M\u03a9<\/td>\n<\/tr>\n<tr>\n<td>Exactitud<\/td>\n<td>\u00b1(1,2% + 2)<\/td>\n<\/tr>\n<tr>\n<td>Resoluci\u00f3n m\u00e1xima<\/td>\n<td>0.1 \u03a9<\/td>\n<\/tr>\n<tr>\n<td colspan=\"2\"><strong>Prueba de aislamiento<\/strong><\/td>\n<\/tr>\n<tr>\n<td>Corriente de prueba m\u00ednima a 1 k\u03a9\/V<\/td>\n<td>1 mA<\/td>\n<\/tr>\n<tr>\n<td>Voltajes de prueba<\/td>\n<td>500, 1000 V<\/td>\n<\/tr>\n<tr>\n<td>Resistencia m\u00e1xima por voltaje de prueba<\/td>\n<td>50 V 100 V 250 V 500 V 1000 V&nbsp;<\/p>\n<p>: 600 M\u03a9<\/td>\n<\/tr>\n<tr>\n<td>Resoluci\u00f3n m\u00e1xima por voltaje de prueba<\/td>\n<td>50 V: 0.01 M\u03a9 100 V: 0.01 M\u03a9<br \/>\n250 V: 0.1 M\u03a9<br \/>\n500 V: 0.1 M\u03a91000 V: 0.1 M\u03a9<\/td>\n<\/tr>\n<tr>\n<td>Precisi\u00f3n por voltaje de prueba<\/td>\n<td>50 V: \u00b1(3% + 5) 100 V: \u00b1(3% + 5) 250 V: \u00b1(1.5% + 5) 500 V: \u00b1(2.0% + 5) 1000 V: \u00b1(2.0% + 5)<\/td>\n<\/tr>\n<tr>\n<td colspan=\"2\"><strong>Especificaciones ambientales<\/strong><\/td>\n<\/tr>\n<tr>\n<td>Temperatura de funcionamiento<\/td>\n<td>-4 a 131\u00b0F (\u201320 a 55\u00b0C)<\/td>\n<\/tr>\n<tr>\n<td>Temperatura de almacenamiento<\/td>\n<td>-40 a 140\u00b0F (-40 a 60\u00b0C)<\/td>\n<\/tr>\n<tr>\n<td>Humedad (sin condensaci\u00f3n)<\/td>\n<td>0 a 95%: 50 a 86\u00b0F (10 a 30\u00b0C) 0 a 75%: 86 a 104\u00b0F (30 a 40\u00b0C) 0 a 40%: 104 a 131\u00b0F (40 a 55\u00b0C)<\/td>\n<\/tr>\n<tr>\n<td>Altitud de funcionamiento<\/td>\n<td>6561,68\u2032 (2000 m)<\/td>\n<\/tr>\n<tr>\n<td colspan=\"2\"><strong>Especificaciones mec\u00e1nicas y generales<\/strong><\/td>\n<\/tr>\n<tr>\n<td>Duraci\u00f3n de la bater\u00eda alcalina<\/td>\n<td>Uso del medidor: 1000 horas<br \/>\nUso de prueba de aislamiento: El medidor puede realizar al menos 1000 pruebas de aislamiento con bater\u00edas alcalinas nuevas a temperatura ambiente. Estas son pruebas est\u00e1ndar de 1000 V en 1 M\u03a9 con un ciclo de trabajo de 5 segundos encendido y 25 segundos apagado<\/td>\n<\/tr>\n<tr>\n<td>Dimensiones<\/td>\n<td>7,99 x 3,94 x 1,97\u2033 (203 x 100 x 50 mm) (con funda)<\/td>\n<\/tr>\n<tr>\n<td>Peso<\/td>\n<td>22 onzas (624 g)<\/td>\n<\/tr>\n<tr>\n<td>Clasificaci\u00f3n IP<\/td>\n<td>IP40<\/td>\n<\/tr>\n<tr>\n<td colspan=\"2\"><strong>Especificaciones de seguridad<\/strong><\/td>\n<\/tr>\n<tr>\n<td>Categor\u00eda de sobretensi\u00f3n<\/td>\n<td>Cumple con ANSI\/ISA 82.02.01 (61010-1) 2004, CAN\/CSA-C22.2 NO. 61010-1-04 e IEC\/EN 61010-1 2nd Edition para mediciones CAT III 1000 V y CAT IV 600 V<\/td>\n<\/tr>\n<tr>\n<td>Aprobaciones de agencias<\/td>\n<td>2000 m CAT III 1000 V, CAT IV 600 V; 3000 m CAT II 1000 V, CAT III 600 V<\/td>\n<\/tr>\n<\/tbody>\n<\/table>\n","protected":false},"excerpt":{"rendered":"<p>S\u00f3lido y port\u00e1til, este mult\u00edmetro de aislamiento resistente da la m\u00e1xima utilidad tanto para la resoluci\u00f3n de inconvenientes como para el mantenimiento preventivo. Perfecto para trabajar con motores, generadores, cables o interruptores, este mult\u00edmetro asimismo tiene capacidades True RMS, una gran pantalla LCD retroiluminada y un apagado autom\u00e1tico para ahorrar energ\u00eda de la bater\u00eda.<\/p>\n","protected":false},"featured_media":3106,"template":"","meta":[],"product_cat":[16],"product_tag":[],"class_list":["post-3104","product","type-product","status-publish","has-post-thumbnail","hentry","product_cat-uncategorized"],"_links":{"self":[{"href":"https:\/\/calibracion.com.mx\/tienda\/wp-json\/wp\/v2\/product\/3104","targetHints":{"allow":["GET"]}}],"collection":[{"href":"https:\/\/calibracion.com.mx\/tienda\/wp-json\/wp\/v2\/product"}],"about":[{"href":"https:\/\/calibracion.com.mx\/tienda\/wp-json\/wp\/v2\/types\/product"}],"wp:featuredmedia":[{"embeddable":true,"href":"https:\/\/calibracion.com.mx\/tienda\/wp-json\/wp\/v2\/media\/3106"}],"wp:attachment":[{"href":"https:\/\/calibracion.com.mx\/tienda\/wp-json\/wp\/v2\/media?parent=3104"}],"wp:term":[{"taxonomy":"product_cat","embeddable":true,"href":"https:\/\/calibracion.com.mx\/tienda\/wp-json\/wp\/v2\/product_cat?post=3104"},{"taxonomy":"product_tag","embeddable":true,"href":"https:\/\/calibracion.com.mx\/tienda\/wp-json\/wp\/v2\/product_tag?post=3104"}],"curies":[{"name":"wp","href":"https:\/\/api.w.org\/{rel}","templated":true}]}}