{"id":3109,"date":"2023-11-27T20:32:10","date_gmt":"2023-11-27T20:32:10","guid":{"rendered":"https:\/\/calibracion.com.mx\/tienda\/?post_type=product&#038;p=3109"},"modified":"2023-11-27T20:32:11","modified_gmt":"2023-11-27T20:32:11","slug":"probador-de-resistencia-de-aislamiento-fluke-1507-cal","status":"publish","type":"product","link":"https:\/\/calibracion.com.mx\/tienda\/probador-de-resistencia-de-aislamiento-fluke-1507-cal\/","title":{"rendered":"Probador de resistencia de aislamiento fluke 1507 cal"},"content":{"rendered":"<div class=\"woocommerce-product-details__short-description\">\n<p class=\"short-description mhide ipad-view-setting\">El probador de resistencia de aislamiento CAL 1507 de Fluke con certificado de medici\u00f3n ayuda a mejorar la seguridad de los circuitos y sistemas el\u00e9ctricos. Est\u00e1 hecho para saber con precisi\u00f3n cualquier inconveniente que logre aparecer dentro del aislamiento asegurador. El probador incorpora varias especificaciones para garantizar que las pruebas de aislamiento sean exhaustivas y convenientes.<\/p>\n<h3>Funciones<\/h3>\n<ul>\n<li>Dise\u00f1ado para la resoluci\u00f3n de problemas, la puesta en marcha y el mantenimiento preventivo.<\/li>\n<li>Incluye todas las caracter\u00edsticas relevantes para facilitar las pruebas de aislamiento.<\/li>\n<li>Utiliza m\u00faltiples voltajes de prueba para diferentes situaciones.<\/li>\n<\/ul>\n<div class=\"row-fluid\">\n<div class=\"span12 mobile-pricing-box-padding\">\n<form id=\"175010\" accept-charset=\"utf-8\" action=\"https:\/\/www.globaltestsupply.com\/shop\/add\" method=\"post\" name=\"addTocartFunction\">\n<div><\/div>\n<\/form>\n<\/div>\n<\/div>\n<\/div>\n","protected":false},"excerpt":{"rendered":"<p>El probador mide la resistencia del aislamiento. Utiliza varios voltajes de prueba para una mayor precisi\u00f3n.<\/p>\n","protected":false},"featured_media":3110,"template":"","meta":[],"product_cat":[16],"product_tag":[],"class_list":["post-3109","product","type-product","status-publish","has-post-thumbnail","hentry","product_cat-uncategorized"],"_links":{"self":[{"href":"https:\/\/calibracion.com.mx\/tienda\/wp-json\/wp\/v2\/product\/3109","targetHints":{"allow":["GET"]}}],"collection":[{"href":"https:\/\/calibracion.com.mx\/tienda\/wp-json\/wp\/v2\/product"}],"about":[{"href":"https:\/\/calibracion.com.mx\/tienda\/wp-json\/wp\/v2\/types\/product"}],"wp:featuredmedia":[{"embeddable":true,"href":"https:\/\/calibracion.com.mx\/tienda\/wp-json\/wp\/v2\/media\/3110"}],"wp:attachment":[{"href":"https:\/\/calibracion.com.mx\/tienda\/wp-json\/wp\/v2\/media?parent=3109"}],"wp:term":[{"taxonomy":"product_cat","embeddable":true,"href":"https:\/\/calibracion.com.mx\/tienda\/wp-json\/wp\/v2\/product_cat?post=3109"},{"taxonomy":"product_tag","embeddable":true,"href":"https:\/\/calibracion.com.mx\/tienda\/wp-json\/wp\/v2\/product_tag?post=3109"}],"curies":[{"name":"wp","href":"https:\/\/api.w.org\/{rel}","templated":true}]}}